{"id":1979,"date":"2022-10-06T17:19:07","date_gmt":"2022-10-06T17:19:07","guid":{"rendered":"http:\/\/new.monarchist.ca\/?page_id=1979"},"modified":"2023-06-16T15:14:38","modified_gmt":"2023-06-16T15:14:38","slug":"young-monarchists","status":"publish","type":"page","link":"https:\/\/www.monarchist.ca\/fr\/young-monarchists\/","title":{"rendered":"Jeunes Monarchistes"},"content":{"rendered":"<div id='full_slider_1'  class='avia-fullwidth-slider main_color avia-shadow   avia-builder-el-0  el_before_av_button_big  avia-builder-el-first   container_wrap sidebar_right'  ><div  class='avia-slideshow av-1hpba-02bb8a20a86c5d96f942fff549c8a679 avia-slideshow-featured_large av_slideshow_full avia-fade-slider av-slideshow-ui av-control-default av-slideshow-manual av-loop-once av-loop-manual-endless av-default-height-applied   avia-slideshow-1' data-slideshow-options=\"{&quot;animation&quot;:&quot;fade&quot;,&quot;autoplay&quot;:false,&quot;loop_autoplay&quot;:&quot;once&quot;,&quot;interval&quot;:5,&quot;loop_manual&quot;:&quot;manual-endless&quot;,&quot;autoplay_stopper&quot;:false,&quot;noNavigation&quot;:false,&quot;bg_slider&quot;:false,&quot;keep_padding&quot;:false,&quot;hoverpause&quot;:false,&quot;show_slide_delay&quot;:0}\"  itemprop=\"image\" itemscope=\"itemscope\" itemtype=\"https:\/\/schema.org\/ImageObject\" ><ul class='avia-slideshow-inner ' style='padding-bottom: 42%;'><li  class='avia-slideshow-slide av-1hpba-02bb8a20a86c5d96f942fff549c8a679__0  av-single-slide slide-1 slide-odd'><div data-rel='slideshow-1' class='avia-slide-wrap '   ><div class='av-slideshow-caption av-1hpba-02bb8a20a86c5d96f942fff549c8a679__0 caption_fullwidth caption_center'><div class=\"container caption_container\"><div class=\"slideshow_caption\"><div class=\"slideshow_inner_caption\"><div class=\"slideshow_align_caption\"><h2 class='avia-caption-title '  itemprop=\"name\" >Jeunes Monarchistes<\/h2><\/div><\/div><\/div><\/div><\/div><img decoding=\"async\" class=\"wp-image-1770 avia-img-lazy-loading-not-1770\"  src=\"https:\/\/www.monarchist.ca\/wp-content\/uploads\/2022\/12\/young-monarchists-2-1500x630.jpg\" width=\"1500\" height=\"630\" title='young-monarchists-2' alt=''  itemprop=\"thumbnailUrl\"   \/><\/div><\/li><\/ul><\/div><\/div>\n<div  class='avia-button-wrap avia-button-center  avia-builder-el-1  el_after_av_slideshow_full  el_before_av_section '>\n<style type=\"text\/css\" data-created_by=\"avia_inline_auto\" id=\"style-css-av-151iy-fb87f1591b9fc1106017cd3eb3ffd849\">\n#top #wrap_all .avia-button.av-151iy-fb87f1591b9fc1106017cd3eb3ffd849{\nbackground-color:#d22424;\nborder-color:#d22424;\n-webkit-transition:all 0.4s ease-in-out;\n-moz-transition:all 0.4s ease-in-out;\n-ms-transition:all 0.4s ease-in-out;\n-o-transition:all 0.4s ease-in-out;\ntransition:all 0.4s ease-in-out;\nfont-size:20px;\npadding:20px 20px 20px 20px;\n}\n#top #wrap_all .avia-button.av-151iy-fb87f1591b9fc1106017cd3eb3ffd849:hover{\nbackground-color:red;\ncolor:white;\n-webkit-transition:all 0.4s ease-in-out;\n-moz-transition:all 0.4s ease-in-out;\n-ms-transition:all 0.4s ease-in-out;\n-o-transition:all 0.4s ease-in-out;\ntransition:all 0.4s ease-in-out;\n}\n<\/style>\n<a href='https:\/\/www.monarchist.ca\/fr\/free-trial\/' class='avia-font-color-theme-color avia-button avia-button-fullwidth av-151iy-fb87f1591b9fc1106017cd3eb3ffd849 avia-icon_select-no avia-color-custom'  ><span class='avia_iconbox_title' >Offre d\u2019adh\u00e9sion gratuite<\/span><\/a><\/div>\n\n<style type=\"text\/css\" data-created_by=\"avia_inline_auto\" id=\"style-css-av-2olde-d7abafb41001fcf3448e00dab1305a51\">\n.avia-section.av-2olde-d7abafb41001fcf3448e00dab1305a51{\nbackground-color:#ededed;\nbackground-image:unset;\n}\n<\/style>\n<div id='av_section_1'  class='avia-section av-2olde-d7abafb41001fcf3448e00dab1305a51 main_color avia-section-default avia-no-border-styling  avia-builder-el-2  el_after_av_button_big  el_before_av_section  avia-bg-style-scroll container_wrap sidebar_right'  ><div class='container av-section-cont-open' ><div class='template-page content  av-content-small alpha units'><div class='post-entry post-entry-type-page post-entry-1979'><div class='entry-content-wrapper clearfix'>\n\n<style type=\"text\/css\" data-created_by=\"avia_inline_auto\" id=\"style-css-av-l90hf2ul-f97a3354d3f5dde3268fe115361b070a\">\n#top .av_textblock_section.av-l90hf2ul-f97a3354d3f5dde3268fe115361b070a .avia_textblock{\nfont-size:18px;\n}\n<\/style>\n<section  class='av_textblock_section av-l90hf2ul-f97a3354d3f5dde3268fe115361b070a'  itemscope=\"itemscope\" itemtype=\"https:\/\/schema.org\/CreativeWork\" ><div class='avia_textblock'  itemprop=\"text\" ><p><i class=\"fa-solid fa-quote-left\" style=\"font-size: 60px;\"><\/i> <span style=\"color: #000000;\"> MacAlasdair is very much caught up in promoting an understanding of the monarchy\u2019s role in Canada. \u201cSome people are really surprised and shake their heads at the whole idea of it,\u201d he says, \u201cbut most people are curious.\u201d<\/span><\/p>\n<p><span style=\"color: #000000;\">MacAlasdair\u2019s comments about his group are echoed by his U of T colleague Aidan Slind, whose speech at a recent Monarchist League luncheon in Toronto was reprinted in the Canadian Monarchist News. \u201cWe are not \u2018fans\u2019 (of the monarchy) but believers in our country\u2019s constitutional arrangements.\u00a0\u00bb<\/span><\/p>\n<p><strong>Linda Diebel<\/strong><br \/>\nInterviewing Young Monarchists for the Toronto Star<\/p>\n<\/div><\/section>\n\n<\/div><\/div><\/div><!-- close content main div --><\/div><\/div><div id='av_section_2'  class='avia-section av-2czs2-0be834088a1a08fa212d0c2b7bbf8103 main_color avia-section-default avia-no-border-styling  avia-builder-el-4  el_after_av_section  el_before_av_section  avia-bg-style-scroll container_wrap sidebar_right'  ><div class='container av-section-cont-open' ><div class='template-page content  av-content-small alpha units'><div class='post-entry post-entry-type-page post-entry-1979'><div class='entry-content-wrapper clearfix'>\n<div class='flex_column av-1grza-f8b973f44bb616445e0e57b8a413468d av_one_half  avia-builder-el-5  el_before_av_one_half  avia-builder-el-first  first flex_column_div '     ><section  class='av_textblock_section av-l90hgmls-320079dd17e239f5f63e578a8fdc4eb3'  itemscope=\"itemscope\" itemtype=\"https:\/\/schema.org\/CreativeWork\" ><div class='avia_textblock'  itemprop=\"text\" ><div class=\"module title1\">\n<h3 class=\"header\">D\u00e9couvrez les jeunes Monarchistes<\/h3>\n<\/div>\n<p>Les jeunes monarchistes entreprennent des projets et des activit\u00e9s \u00e0 la fois par eux-m\u00eames et au sein des branches existantes. De plus, selon le leadership et l&rsquo;int\u00e9r\u00eat sur un campus donn\u00e9, ils peuvent organiser un repr\u00e9sentant pour coordonner la sensibilisation dans les universit\u00e9s et les coll\u00e8ges, qui ont au fil des ans inclus l&rsquo;Universit\u00e9 du Cap-Breton, l&rsquo;Universit\u00e9 Carleton, l&rsquo;Universit\u00e9 de Toronto; Universit\u00e9 McMaster; Coll\u00e8ge Redeemer; Universit\u00e9 Wilfred Laurier, Universit\u00e9 Mount Royal et Universit\u00e9 d&rsquo;Ottawa. Ces activit\u00e9s incluent l&rsquo;accueil de conf\u00e9renciers, la mise en place d&rsquo;affiches JM sur le campus et &#8211; bien s\u00fbr &#8211; des discussions anim\u00e9es et des s\u00e9ances de strat\u00e9gie dans les pubs de la zone du campus !!<\/p>\n<p>Pour voir comment \u00e9tablir des liens avec certains coll\u00e8gues JM sur votre campus, demandez via\u00a0<span id=\"cloak9c8ff414f3c9aa666220aa9ff8b608c3\"><a href=\"mailto:info@monarchist.ca\">info@monarchist.ca<\/a><\/span>.<\/p>\n<\/div><\/section><\/div><div class='flex_column av-rrwi-bdd61bc2f4721ea4599ac399870bd449 av_one_half  avia-builder-el-7  el_after_av_one_half  avia-builder-el-last  flex_column_div '     ><style type=\"text\/css\" data-created_by=\"avia_inline_auto\" id=\"style-css-av-l90hijje-d49450ea14b3ba68b662ec7126203ac0\">\n.avia-image-container.av-l90hijje-d49450ea14b3ba68b662ec7126203ac0 img.avia_image{\nbox-shadow:none;\n}\n.avia-image-container.av-l90hijje-d49450ea14b3ba68b662ec7126203ac0 .av-image-caption-overlay-center{\ncolor:#ffffff;\n}\n<\/style>\n<div  class='avia-image-container av-l90hijje-d49450ea14b3ba68b662ec7126203ac0 av-styling- avia-align-center  avia-builder-el-8  avia-builder-el-no-sibling '   itemprop=\"image\" itemscope=\"itemscope\" itemtype=\"https:\/\/schema.org\/ImageObject\" ><div class=\"avia-image-container-inner\"><div class=\"avia-image-overlay-wrap\"><img decoding=\"async\" class='wp-image-1587 avia-img-lazy-loading-not-1587 avia_image ' src=\"https:\/\/www.monarchist.ca\/wp-content\/uploads\/2022\/10\/Apr-20-Their-Exces-with-YM-volunteers-square-300x300.jpg\" alt='' title='Apr-20-Their-Exces-with-YM-volunteers-square'  height=\"300\" width=\"300\"  itemprop=\"thumbnailUrl\" srcset=\"https:\/\/www.monarchist.ca\/wp-content\/uploads\/2022\/10\/Apr-20-Their-Exces-with-YM-volunteers-square-300x300.jpg 300w, https:\/\/www.monarchist.ca\/wp-content\/uploads\/2022\/10\/Apr-20-Their-Exces-with-YM-volunteers-square-100x100.jpg 100w, https:\/\/www.monarchist.ca\/wp-content\/uploads\/2022\/10\/Apr-20-Their-Exces-with-YM-volunteers-square-80x80.jpg 80w, https:\/\/www.monarchist.ca\/wp-content\/uploads\/2022\/10\/Apr-20-Their-Exces-with-YM-volunteers-square-36x36.jpg 36w, https:\/\/www.monarchist.ca\/wp-content\/uploads\/2022\/10\/Apr-20-Their-Exces-with-YM-volunteers-square-180x180.jpg 180w, https:\/\/www.monarchist.ca\/wp-content\/uploads\/2022\/10\/Apr-20-Their-Exces-with-YM-volunteers-square.jpg 600w\" sizes=\"(max-width: 300px) 100vw, 300px\" \/><\/div><\/div><\/div><\/div>\n\n<\/div><\/div><\/div><!-- close content main div --><\/div><\/div>\n<style type=\"text\/css\" data-created_by=\"avia_inline_auto\" id=\"style-css-av-l90hjacy-cc7491d87906c3121f61cef9b5a3fdf0\">\n.avia-section.av-l90hjacy-cc7491d87906c3121f61cef9b5a3fdf0{\nbackground-color:#ededed;\nbackground-image:unset;\n}\n<\/style>\n<div id='av_section_3'  class='avia-section av-l90hjacy-cc7491d87906c3121f61cef9b5a3fdf0 main_color avia-section-default avia-no-border-styling  avia-builder-el-9  el_after_av_section  avia-builder-el-last  avia-bg-style-scroll container_wrap sidebar_right'  ><div class='container av-section-cont-open' ><div class='template-page content  av-content-small alpha units'><div class='post-entry post-entry-type-page post-entry-1979'><div class='entry-content-wrapper clearfix'>\n<section  class='av_textblock_section av-l90hjv73-2adb9a4ed84b6e8e05751d8153144624'  itemscope=\"itemscope\" itemtype=\"https:\/\/schema.org\/CreativeWork\" ><div class='avia_textblock'  itemprop=\"text\" ><h3>Rencontrer les jeunes monarchistes<\/h3>\n<\/div><\/section>\n<div  class='avia-video av-12r72-4dff0e3b8ef73c193faa8dc2d0d3e7e6 avia-video-16-9 av-no-preview-image avia-video-load-always av-lazyload-immediate av-lazyload-video-embed'  itemprop=\"video\" itemtype=\"https:\/\/schema.org\/VideoObject\"  data-original_url='https:\/\/www.youtube.com\/watch?v=AQSGet9eAMY'><script type='text\/html' class='av-video-tmpl'><div class='avia-iframe-wrap'><iframe loading=\"lazy\" title=\"Meet the Monarchists\" width=\"1500\" height=\"844\" src=\"https:\/\/www.youtube.com\/embed\/AQSGet9eAMY?feature=oembed&autoplay=0&loop=0&controls=1&mute=0\" frameborder=\"0\" allow=\"accelerometer; autoplay; clipboard-write; encrypted-media; gyroscope; picture-in-picture; web-share\" allowfullscreen><\/iframe><\/div><\/script><div class='av-click-to-play-overlay'><div class=\"avia_playpause_icon\"><\/div><\/div><\/div>\n<\/div><\/div><\/div><!-- close content main div --><\/div><\/div><div id='after_section_3'  class='main_color av_default_container_wrap container_wrap sidebar_right'  ><div class='container av-section-cont-open' ><div class='template-page content  av-content-small alpha units'><div class='post-entry post-entry-type-page post-entry-1979'><div class='entry-content-wrapper clearfix'>\n","protected":false},"excerpt":{"rendered":"","protected":false},"author":1,"featured_media":0,"parent":0,"menu_order":0,"comment_status":"closed","ping_status":"closed","template":"","meta":{"footnotes":""},"class_list":["post-1979","page","type-page","status-publish","hentry"],"_links":{"self":[{"href":"https:\/\/www.monarchist.ca\/fr\/wp-json\/wp\/v2\/pages\/1979","targetHints":{"allow":["GET"]}}],"collection":[{"href":"https:\/\/www.monarchist.ca\/fr\/wp-json\/wp\/v2\/pages"}],"about":[{"href":"https:\/\/www.monarchist.ca\/fr\/wp-json\/wp\/v2\/types\/page"}],"author":[{"embeddable":true,"href":"https:\/\/www.monarchist.ca\/fr\/wp-json\/wp\/v2\/users\/1"}],"replies":[{"embeddable":true,"href":"https:\/\/www.monarchist.ca\/fr\/wp-json\/wp\/v2\/comments?post=1979"}],"version-history":[{"count":2,"href":"https:\/\/www.monarchist.ca\/fr\/wp-json\/wp\/v2\/pages\/1979\/revisions"}],"predecessor-version":[{"id":2823,"href":"https:\/\/www.monarchist.ca\/fr\/wp-json\/wp\/v2\/pages\/1979\/revisions\/2823"}],"wp:attachment":[{"href":"https:\/\/www.monarchist.ca\/fr\/wp-json\/wp\/v2\/media?parent=1979"}],"curies":[{"name":"wp","href":"https:\/\/api.w.org\/{rel}","templated":true}]}}