{"id":1985,"date":"2022-10-06T17:19:32","date_gmt":"2022-10-06T17:19:32","guid":{"rendered":"http:\/\/new.monarchist.ca\/?page_id=1985"},"modified":"2024-03-11T01:59:03","modified_gmt":"2024-03-11T01:59:03","slug":"groupes-locaux-et-de-contact","status":"publish","type":"page","link":"https:\/\/www.monarchist.ca\/fr\/groupes-locaux-et-de-contact\/","title":{"rendered":"Groupes locaux et de contact"},"content":{"rendered":"<div  class='avia-button-wrap avia-button-center  avia-builder-el-0  el_before_av_section  avia-builder-el-first '>\n<style type=\"text\/css\" data-created_by=\"avia_inline_auto\" id=\"style-css-av-zda8-0017af541a5aa27d20c88618275df212\">\n#top #wrap_all .avia-button.av-zda8-0017af541a5aa27d20c88618275df212{\nbackground-color:#ededed;\nborder-color:#ededed;\ncolor:#ce0000;\n-webkit-transition:all 0.4s ease-in-out;\n-moz-transition:all 0.4s ease-in-out;\n-ms-transition:all 0.4s ease-in-out;\n-o-transition:all 0.4s ease-in-out;\ntransition:all 0.4s ease-in-out;\nfont-size:20px;\npadding:20px 20px 20px 20px;\n}\n#top #wrap_all .avia-button.av-zda8-0017af541a5aa27d20c88618275df212:hover{\nbackground-color:silver;\ncolor:white;\n-webkit-transition:all 0.4s ease-in-out;\n-moz-transition:all 0.4s ease-in-out;\n-ms-transition:all 0.4s ease-in-out;\n-o-transition:all 0.4s ease-in-out;\ntransition:all 0.4s ease-in-out;\n}\n<\/style>\n<a href='https:\/\/www.monarchist.ca\/fr\/free-trial\/' class='avia-button avia-button-fullwidth av-zda8-0017af541a5aa27d20c88618275df212 avia-icon_select-no avia-color-custom'  ><span class='avia_iconbox_title' >Offre d\u2019adh\u00e9sion gratuite<\/span><\/a><\/div>\n<div id='av_section_1'  class='avia-section av-l91v6uh2-b0c53b55e1af56a879cccf5f4cd620ba main_color avia-section-default avia-no-border-styling  avia-builder-el-1  el_after_av_button_big  el_before_av_section  avia-bg-style-scroll av-minimum-height av-minimum-height-50  container_wrap sidebar_right'   data-av_minimum_height_pc='50'><div class='container av-section-cont-open' ><div class='template-page content  av-content-small alpha units'><div class='post-entry post-entry-type-page post-entry-1985'><div class='entry-content-wrapper clearfix'>\n\n<style type=\"text\/css\" data-created_by=\"avia_inline_auto\" id=\"style-css-av-l91v0d8z-9b29bc27334ebda7fb63af36a572e58f\">\n#top .av_textblock_section.av-l91v0d8z-9b29bc27334ebda7fb63af36a572e58f .avia_textblock{\ncolor:#d22424;\n}\n<\/style>\n<section  class='av_textblock_section av-l91v0d8z-9b29bc27334ebda7fb63af36a572e58f'  itemscope=\"itemscope\" itemtype=\"https:\/\/schema.org\/CreativeWork\" ><div class='avia_textblock av_inherit_color'  itemprop=\"text\" ><h1 class=\"page-title\">Groupes locaux et de contact<\/h1>\n<\/div><\/section>\n\n<style type=\"text\/css\" data-created_by=\"avia_inline_auto\" id=\"style-css-av-lapw1min-c08521f23a38a2c97e41aa690e543e69\">\n.flex_column.av-lapw1min-c08521f23a38a2c97e41aa690e543e69{\npadding:20px 20px 20px 20px;\n}\n<\/style>\n<div class='flex_column av-lapw1min-c08521f23a38a2c97e41aa690e543e69 av_one_full  avia-builder-el-3  el_after_av_textblock  avia-builder-el-last  first flex_column_div column-top-margin'     ><section  class='av_textblock_section av-l91v8kk9-2dc646fc538b4930d69c452709101c92'  itemscope=\"itemscope\" itemtype=\"https:\/\/schema.org\/CreativeWork\" ><div class='avia_textblock'  itemprop=\"text\" ><p><b>POLITIQUE DE CONFIDENTIALIT\u00c9 : <\/b><em>La Ligue n&rsquo;utilise vos coordonn\u00e9es que pour communiquer avec vous et ne les transmet pas \u00e0 des tiers.<\/em><\/p>\n<h3>Secr\u00e9tariat-g\u00e9n\u00e9ral<\/h3>\n<p>Le\u00a0<b>Pr\u00e9sident national<\/b>\u00a0est Robert Finch. Il est responsable d&rsquo;assure le fonctionnement quotidien de la Ligue, de repr\u00e9senter la Ligue au public, au gouvernement et aux m\u00e9dias et d&rsquo;organiser les groupes locaux et de contact de la Ligue et ses repr\u00e9sentants. Bob est disponible par courriel \u00e0:<\/p>\n<p><i class=\"icon-envelope \"><\/i><span id=\"cloak868dfb832983f4e0a1453870378f0a50\"><\/span><a href=\"mailto:chairman@monarchist.ca\">chairman@monarchist.ca<\/a><br \/>\n<a href=\"tel:+19059120916\"><i class=\"icon-phone \"><\/i>(905) 912-0916<\/a><\/p>\n<p>Le\u00a0<b>Bureau de la Ligue<\/b>\u00a0traite des adh\u00e9sions (d&rsquo;essai et d&rsquo;abonnement), des r\u00e9abonnements et des commandes du magasin de la Ligue. Contactez-le pour des renseignements sur comment contacter nos groupes locaux et de contact, r\u00e9server un orateur de la Ligue et des informations g\u00e9n\u00e9rales sur la monarchie canadienne. Correspondance s.v.p. \u00e0:<\/p>\n<p><i class=\"icon-envelope \"><\/i><span id=\"cloak968f9a0f6c00fc86d5644c4c56676735\"><\/span><a href=\"mailto:domsec@sympatico.ca\">domsec@sympatico.ca<\/a><br \/>\n<a href=\"tel:+18004656925\"><i class=\"icon-phone \"><\/i>(800) 465-6925<\/a><\/p>\n<\/div><\/section><\/div><\/div><\/div><\/div><!-- close content main div --><\/div><\/div>\n<style type=\"text\/css\" data-created_by=\"avia_inline_auto\" id=\"style-css-av-l91v6z2s-fcbf5b17499fe5a289fc525194ffb092\">\n.avia-section.av-l91v6z2s-fcbf5b17499fe5a289fc525194ffb092{\nbackground-repeat:no-repeat;\nbackground-image:url(https:\/\/www.monarchist.ca\/wp-content\/uploads\/2022\/11\/Albertalake-1.jpg);\nbackground-position:0% 0%;\nbackground-attachment:scroll;\n}\n<\/style>\n<div id='av_section_2'  class='avia-section av-l91v6z2s-fcbf5b17499fe5a289fc525194ffb092 main_color avia-section-default avia-no-border-styling  avia-builder-el-5  el_after_av_section  avia-builder-el-last  avia-bg-style-scroll av-minimum-height av-minimum-height-50  container_wrap sidebar_right'  data-section-bg-repeat='no-repeat' data-av_minimum_height_pc='50'><div class='container av-section-cont-open' ><div class='template-page content  av-content-small alpha units'><div class='post-entry post-entry-type-page post-entry-1985'><div class='entry-content-wrapper clearfix'>\n\n<style type=\"text\/css\" data-created_by=\"avia_inline_auto\" id=\"style-css-av-3ves-91cbff8effe098f9d687d1339b38183a\">\n.flex_column.av-3ves-91cbff8effe098f9d687d1339b38183a{\n-webkit-border-radius:5px 5px 5px 5px;\n-moz-border-radius:5px 5px 5px 5px;\nborder-radius:5px 5px 5px 5px;\npadding:20px 20px 20px 20px;\nbackground-color:#b02b2c;\n}\n<\/style>\n<div class='flex_column av-3ves-91cbff8effe098f9d687d1339b38183a av_one_full  avia-builder-el-6  el_before_av_one_full  avia-builder-el-first  first flex_column_div '     ><style type=\"text\/css\" data-created_by=\"avia_inline_auto\" id=\"style-css-av-lazu6ihg-540b39c314c90045f050c6007bfd4bce\">\n#top .av_textblock_section.av-lazu6ihg-540b39c314c90045f050c6007bfd4bce .avia_textblock{\ncolor:#ffffff;\n}\n<\/style>\n<section  class='av_textblock_section av-lazu6ihg-540b39c314c90045f050c6007bfd4bce'  itemscope=\"itemscope\" itemtype=\"https:\/\/schema.org\/CreativeWork\" ><div class='avia_textblock av_inherit_color'  itemprop=\"text\" ><h3>Groupes locaux et de contact<\/h3>\n<\/div><\/section><\/div>\n<style type=\"text\/css\" data-created_by=\"avia_inline_auto\" id=\"style-css-av-lazub101-a6142a72b4109e6731d8680d719d4539\">\n.flex_column.av-lazub101-a6142a72b4109e6731d8680d719d4539{\n-webkit-border-radius:5px 5px 5px 5px;\n-moz-border-radius:5px 5px 5px 5px;\nborder-radius:5px 5px 5px 5px;\npadding:20px 20px 20px 20px;\nbackground-color:#ffffff;\n}\n<\/style>\n<div class='flex_column av-lazub101-a6142a72b4109e6731d8680d719d4539 av_one_full  avia-builder-el-8  el_after_av_one_full  avia-builder-el-last  first flex_column_div column-top-margin'     ><section  class='av_textblock_section av-l91v92ph-75fd43a45c13c5be458960d546c40580'  itemscope=\"itemscope\" itemtype=\"https:\/\/schema.org\/CreativeWork\" ><div class='avia_textblock'  itemprop=\"text\" ><p>La Ligue compte sur la participation et l\u2019appui b\u00e9n\u00e9voles des membres pour conduire activit\u00e9s locales \u00e0 travers tout le Canada. Gr\u00e2ce au travail des membres, des groupes locaux de la Ligue peuvent organiser des r\u00e9unions habituelles, sponsoriser des ventes publiques et des festivals de communaut\u00e9, inviter des orateurs sp\u00e9ciaux et c\u00e9l\u00e9brer des \u00e9v\u00e8nements royaux avec occasions sociales. Il y a aussi des groupes locaux qui sont moins actifs, agissant comme un point de contact et un fournisseur de nouvelles monarchistes. Tout groupe de la Ligue pr\u00e9tend \u00e0 faire que tous les monarchistes se sentent appuis et moins isol\u00e9s, n\u2019importe o\u00f9 ils habitent.<\/p>\n<p>Comme est-il dans des autres soci\u00e9t\u00e9s, la distribution des groupes locaux d\u00e9pend de la disponibilit\u00e9 des leadeurs responsables qui peuvent donner assez de temps et de force malgr\u00e9 leurs vies occup\u00e9es. Des renseignements actuels sont disponibles dans le num\u00e9ro le plus r\u00e9cent des Nouvelles monarchiques canadiennes. Si votre communaut\u00e9 n\u2019est pas repr\u00e9sent\u00e9e et vous aimeriez nous aider, veuillez contacter le Pr\u00e9sident national \u00e0 :\u00a0<span id=\"cloak4ac02f90f3ac33c2f3c5f6588e01e14a\"><a href=\"mailto:chairman@monarchist.ca\">chairman@monarchist.ca<\/a><\/span>. Les branches sont organis\u00e9es autour des principes et des instructions du \u00ab\u00a0Plan de branche\u00a0\u00bb 2021 qui est fourni \u00e0 toutes les entit\u00e9s repr\u00e9sentant la Ligue au niveau local.<\/p>\n<p>Comme c&rsquo;est le cas pour de nombreuses organisations, clubs et soci\u00e9t\u00e9s, les branches sont form\u00e9es en fonction de la disponibilit\u00e9 d&rsquo;un leadership responsable de la part de membres qui ont naturellement une vie bien remplie et d&rsquo;autres responsabilit\u00e9s. Si vous d\u00e9sirez savoir s&rsquo;il existe une filiale pr\u00e8s de votre r\u00e9sidence, veuillez communiquer avec <span id=\"cloak4ac02f90f3ac33c2f3c5f6588e01e14a\"><a href=\"mailto:domsec@monarchist.ca\">domsec@monarchist.ca<\/a><\/span> \u2013 Le pr\u00e9sident national est toujours int\u00e9ress\u00e9 \u00e0 savoir si vous voulez participer \u00e0 l&rsquo;organisation d&rsquo;une nouvelle filiale dans votre r\u00e9gion ; veuillez communiquer avec Robert Finch \u00e0 <span id=\"cloak4ac02f90f3ac33c2f3c5f6588e01e14a\"><a href=\"mailto:chairman@monarchist.ca\">chairman@monarchist.ca<\/a><\/span>.<\/p>\n<\/div><\/section><\/div>\n<\/div><\/div><\/div><!-- close content main div --><\/div><\/div><div id='after_section_2'  class='main_color av_default_container_wrap container_wrap sidebar_right'  ><div class='container av-section-cont-open' ><div class='template-page content  av-content-small alpha units'><div class='post-entry post-entry-type-page post-entry-1985'><div class='entry-content-wrapper clearfix'><\/p>\n","protected":false},"excerpt":{"rendered":"","protected":false},"author":1,"featured_media":0,"parent":0,"menu_order":0,"comment_status":"closed","ping_status":"closed","template":"","meta":{"footnotes":""},"class_list":["post-1985","page","type-page","status-publish","hentry"],"_links":{"self":[{"href":"https:\/\/www.monarchist.ca\/fr\/wp-json\/wp\/v2\/pages\/1985","targetHints":{"allow":["GET"]}}],"collection":[{"href":"https:\/\/www.monarchist.ca\/fr\/wp-json\/wp\/v2\/pages"}],"about":[{"href":"https:\/\/www.monarchist.ca\/fr\/wp-json\/wp\/v2\/types\/page"}],"author":[{"embeddable":true,"href":"https:\/\/www.monarchist.ca\/fr\/wp-json\/wp\/v2\/users\/1"}],"replies":[{"embeddable":true,"href":"https:\/\/www.monarchist.ca\/fr\/wp-json\/wp\/v2\/comments?post=1985"}],"version-history":[{"count":2,"href":"https:\/\/www.monarchist.ca\/fr\/wp-json\/wp\/v2\/pages\/1985\/revisions"}],"predecessor-version":[{"id":3010,"href":"https:\/\/www.monarchist.ca\/fr\/wp-json\/wp\/v2\/pages\/1985\/revisions\/3010"}],"wp:attachment":[{"href":"https:\/\/www.monarchist.ca\/fr\/wp-json\/wp\/v2\/media?parent=1985"}],"curies":[{"name":"wp","href":"https:\/\/api.w.org\/{rel}","templated":true}]}}