{"id":1999,"date":"2022-10-06T16:13:52","date_gmt":"2022-10-06T16:13:52","guid":{"rendered":"http:\/\/new.monarchist.ca\/?page_id=1999"},"modified":"2023-05-09T17:50:04","modified_gmt":"2023-05-09T17:50:04","slug":"free-trial","status":"publish","type":"page","link":"https:\/\/www.monarchist.ca\/fr\/free-trial\/","title":{"rendered":"ADH\u00c9SION"},"content":{"rendered":"<div id='full_slider_1'  class='avia-fullwidth-slider main_color avia-shadow   avia-builder-el-0  el_before_av_one_half  avia-builder-el-first   container_wrap sidebar_right'  ><div  class='avia-slideshow av-65we7-f4e283cf1b1389dfb4ddfbd9f8a5b661 avia-slideshow-featured_large av_slideshow_full avia-slide-slider av-slideshow-ui av-control-default av-nav-arrows-visible av-slideshow-autoplay av-loop-endless av-loop-manual-endless av-default-height-applied   avia-slideshow-1' data-slideshow-options=\"{&quot;animation&quot;:&quot;slide&quot;,&quot;autoplay&quot;:true,&quot;loop_autoplay&quot;:&quot;endless&quot;,&quot;interval&quot;:3,&quot;loop_manual&quot;:&quot;manual-endless&quot;,&quot;autoplay_stopper&quot;:false,&quot;noNavigation&quot;:false,&quot;bg_slider&quot;:false,&quot;transitionSpeed&quot;:100,&quot;keep_padding&quot;:false,&quot;hoverpause&quot;:false,&quot;show_slide_delay&quot;:0}\"  itemprop=\"image\" itemscope=\"itemscope\" itemtype=\"https:\/\/schema.org\/ImageObject\" ><ul class='avia-slideshow-inner ' style='padding-bottom: 42%;'><li  class='avia-slideshow-slide av-65we7-f4e283cf1b1389dfb4ddfbd9f8a5b661__0  slide-1 slide-odd'><div data-rel='slideshow-1' class='avia-slide-wrap '   ><img decoding=\"async\" class=\"wp-image-1786 avia-img-lazy-loading-not-1786\"  src=\"https:\/\/www.monarchist.ca\/wp-content\/uploads\/2022\/12\/free-trial-1-1500x630.jpg\" width=\"1500\" height=\"630\" title='free-trial-1' alt=''  itemprop=\"thumbnailUrl\" srcset=\"https:\/\/www.monarchist.ca\/wp-content\/uploads\/2022\/12\/free-trial-1.jpg 1500w, https:\/\/www.monarchist.ca\/wp-content\/uploads\/2022\/12\/free-trial-1-600x252.jpg 600w, https:\/\/www.monarchist.ca\/wp-content\/uploads\/2022\/12\/free-trial-1-300x126.jpg 300w, https:\/\/www.monarchist.ca\/wp-content\/uploads\/2022\/12\/free-trial-1-1030x433.jpg 1030w, https:\/\/www.monarchist.ca\/wp-content\/uploads\/2022\/12\/free-trial-1-768x323.jpg 768w, https:\/\/www.monarchist.ca\/wp-content\/uploads\/2022\/12\/free-trial-1-705x296.jpg 705w, https:\/\/www.monarchist.ca\/wp-content\/uploads\/2022\/12\/free-trial-1-450x189.jpg 450w\" sizes=\"(max-width: 1500px) 100vw, 1500px\" \/><\/div><\/li><li  class='avia-slideshow-slide av-65we7-f4e283cf1b1389dfb4ddfbd9f8a5b661__1  slide-2 slide-even'><div data-rel='slideshow-1' class='avia-slide-wrap '   ><img decoding=\"async\" class=\"wp-image-1787 avia-img-lazy-loading-not-1787\"  src=\"https:\/\/www.monarchist.ca\/wp-content\/uploads\/2022\/12\/free-trial-2-1500x630.jpg\" width=\"1500\" height=\"630\" title='free-trial-2' alt=''  itemprop=\"thumbnailUrl\" srcset=\"https:\/\/www.monarchist.ca\/wp-content\/uploads\/2022\/12\/free-trial-2.jpg 1500w, https:\/\/www.monarchist.ca\/wp-content\/uploads\/2022\/12\/free-trial-2-600x252.jpg 600w, https:\/\/www.monarchist.ca\/wp-content\/uploads\/2022\/12\/free-trial-2-300x126.jpg 300w, https:\/\/www.monarchist.ca\/wp-content\/uploads\/2022\/12\/free-trial-2-1030x433.jpg 1030w, https:\/\/www.monarchist.ca\/wp-content\/uploads\/2022\/12\/free-trial-2-768x323.jpg 768w, https:\/\/www.monarchist.ca\/wp-content\/uploads\/2022\/12\/free-trial-2-705x296.jpg 705w, https:\/\/www.monarchist.ca\/wp-content\/uploads\/2022\/12\/free-trial-2-450x189.jpg 450w\" sizes=\"(max-width: 1500px) 100vw, 1500px\" \/><\/div><\/li><li  class='avia-slideshow-slide av-65we7-f4e283cf1b1389dfb4ddfbd9f8a5b661__2  slide-3 slide-odd'><div data-rel='slideshow-1' class='avia-slide-wrap '   ><img decoding=\"async\" class=\"wp-image-1788 avia-img-lazy-loading-not-1788\"  src=\"https:\/\/www.monarchist.ca\/wp-content\/uploads\/2022\/12\/free-trial-3-1500x630.jpg\" width=\"1500\" height=\"630\" title='free-trial-3' alt=''  itemprop=\"thumbnailUrl\" srcset=\"https:\/\/www.monarchist.ca\/wp-content\/uploads\/2022\/12\/free-trial-3.jpg 1500w, https:\/\/www.monarchist.ca\/wp-content\/uploads\/2022\/12\/free-trial-3-600x252.jpg 600w, https:\/\/www.monarchist.ca\/wp-content\/uploads\/2022\/12\/free-trial-3-300x126.jpg 300w, https:\/\/www.monarchist.ca\/wp-content\/uploads\/2022\/12\/free-trial-3-1030x433.jpg 1030w, https:\/\/www.monarchist.ca\/wp-content\/uploads\/2022\/12\/free-trial-3-768x323.jpg 768w, https:\/\/www.monarchist.ca\/wp-content\/uploads\/2022\/12\/free-trial-3-705x296.jpg 705w, https:\/\/www.monarchist.ca\/wp-content\/uploads\/2022\/12\/free-trial-3-450x189.jpg 450w\" sizes=\"(max-width: 1500px) 100vw, 1500px\" \/><\/div><\/li><li  class='avia-slideshow-slide av-65we7-f4e283cf1b1389dfb4ddfbd9f8a5b661__3  slide-4 slide-even'><div data-rel='slideshow-1' class='avia-slide-wrap '   ><img decoding=\"async\" class=\"wp-image-1789 avia-img-lazy-loading-not-1789\"  src=\"https:\/\/www.monarchist.ca\/wp-content\/uploads\/2022\/12\/free-trial-4-1500x630.jpg\" width=\"1500\" height=\"630\" title='free-trial-4' alt=''  itemprop=\"thumbnailUrl\" srcset=\"https:\/\/www.monarchist.ca\/wp-content\/uploads\/2022\/12\/free-trial-4.jpg 1500w, https:\/\/www.monarchist.ca\/wp-content\/uploads\/2022\/12\/free-trial-4-600x252.jpg 600w, https:\/\/www.monarchist.ca\/wp-content\/uploads\/2022\/12\/free-trial-4-300x126.jpg 300w, https:\/\/www.monarchist.ca\/wp-content\/uploads\/2022\/12\/free-trial-4-1030x433.jpg 1030w, https:\/\/www.monarchist.ca\/wp-content\/uploads\/2022\/12\/free-trial-4-768x323.jpg 768w, https:\/\/www.monarchist.ca\/wp-content\/uploads\/2022\/12\/free-trial-4-705x296.jpg 705w, https:\/\/www.monarchist.ca\/wp-content\/uploads\/2022\/12\/free-trial-4-450x189.jpg 450w\" sizes=\"(max-width: 1500px) 100vw, 1500px\" \/><\/div><\/li><li  class='avia-slideshow-slide av-65we7-f4e283cf1b1389dfb4ddfbd9f8a5b661__4  slide-5 slide-odd'><div data-rel='slideshow-1' class='avia-slide-wrap '   ><img decoding=\"async\" class=\"wp-image-1790 avia-img-lazy-loading-not-1790\"  src=\"https:\/\/www.monarchist.ca\/wp-content\/uploads\/2022\/12\/free-trial-5-1500x630.jpg\" width=\"1500\" height=\"630\" title='free-trial-5' alt=''  itemprop=\"thumbnailUrl\" srcset=\"https:\/\/www.monarchist.ca\/wp-content\/uploads\/2022\/12\/free-trial-5.jpg 1500w, https:\/\/www.monarchist.ca\/wp-content\/uploads\/2022\/12\/free-trial-5-600x252.jpg 600w, https:\/\/www.monarchist.ca\/wp-content\/uploads\/2022\/12\/free-trial-5-300x126.jpg 300w, https:\/\/www.monarchist.ca\/wp-content\/uploads\/2022\/12\/free-trial-5-1030x433.jpg 1030w, https:\/\/www.monarchist.ca\/wp-content\/uploads\/2022\/12\/free-trial-5-768x323.jpg 768w, https:\/\/www.monarchist.ca\/wp-content\/uploads\/2022\/12\/free-trial-5-705x296.jpg 705w, https:\/\/www.monarchist.ca\/wp-content\/uploads\/2022\/12\/free-trial-5-450x189.jpg 450w\" sizes=\"(max-width: 1500px) 100vw, 1500px\" \/><\/div><\/li><li  class='avia-slideshow-slide av-65we7-f4e283cf1b1389dfb4ddfbd9f8a5b661__5  slide-6 slide-even'><div data-rel='slideshow-1' class='avia-slide-wrap '   ><img decoding=\"async\" class=\"wp-image-1791 avia-img-lazy-loading-not-1791\"  src=\"https:\/\/www.monarchist.ca\/wp-content\/uploads\/2022\/12\/free-trial-6-1500x630.jpg\" width=\"1500\" height=\"630\" title='free-trial-6' alt=''  itemprop=\"thumbnailUrl\" srcset=\"https:\/\/www.monarchist.ca\/wp-content\/uploads\/2022\/12\/free-trial-6.jpg 1500w, https:\/\/www.monarchist.ca\/wp-content\/uploads\/2022\/12\/free-trial-6-600x252.jpg 600w, https:\/\/www.monarchist.ca\/wp-content\/uploads\/2022\/12\/free-trial-6-300x126.jpg 300w, https:\/\/www.monarchist.ca\/wp-content\/uploads\/2022\/12\/free-trial-6-1030x433.jpg 1030w, https:\/\/www.monarchist.ca\/wp-content\/uploads\/2022\/12\/free-trial-6-768x323.jpg 768w, https:\/\/www.monarchist.ca\/wp-content\/uploads\/2022\/12\/free-trial-6-705x296.jpg 705w, https:\/\/www.monarchist.ca\/wp-content\/uploads\/2022\/12\/free-trial-6-450x189.jpg 450w\" sizes=\"(max-width: 1500px) 100vw, 1500px\" \/><\/div><\/li><li  class='avia-slideshow-slide av-65we7-f4e283cf1b1389dfb4ddfbd9f8a5b661__6  slide-7 slide-odd'><div data-rel='slideshow-1' class='avia-slide-wrap '   ><img decoding=\"async\" class=\"wp-image-1792 avia-img-lazy-loading-not-1792\"  src=\"https:\/\/www.monarchist.ca\/wp-content\/uploads\/2022\/12\/free-trial-7-1500x630.jpg\" width=\"1500\" height=\"630\" title='free-trial-7' alt=''  itemprop=\"thumbnailUrl\" srcset=\"https:\/\/www.monarchist.ca\/wp-content\/uploads\/2022\/12\/free-trial-7.jpg 1500w, https:\/\/www.monarchist.ca\/wp-content\/uploads\/2022\/12\/free-trial-7-600x252.jpg 600w, https:\/\/www.monarchist.ca\/wp-content\/uploads\/2022\/12\/free-trial-7-300x126.jpg 300w, https:\/\/www.monarchist.ca\/wp-content\/uploads\/2022\/12\/free-trial-7-1030x433.jpg 1030w, https:\/\/www.monarchist.ca\/wp-content\/uploads\/2022\/12\/free-trial-7-768x323.jpg 768w, https:\/\/www.monarchist.ca\/wp-content\/uploads\/2022\/12\/free-trial-7-705x296.jpg 705w, https:\/\/www.monarchist.ca\/wp-content\/uploads\/2022\/12\/free-trial-7-450x189.jpg 450w\" sizes=\"(max-width: 1500px) 100vw, 1500px\" \/><\/div><\/li><li  class='avia-slideshow-slide av-65we7-f4e283cf1b1389dfb4ddfbd9f8a5b661__7  slide-8 slide-even'><div data-rel='slideshow-1' class='avia-slide-wrap '   ><img decoding=\"async\" class=\"wp-image-1793 avia-img-lazy-loading-not-1793\"  src=\"https:\/\/www.monarchist.ca\/wp-content\/uploads\/2022\/12\/free-trial-8-1500x630.jpg\" width=\"1500\" height=\"630\" title='free-trial-8' alt=''  itemprop=\"thumbnailUrl\" srcset=\"https:\/\/www.monarchist.ca\/wp-content\/uploads\/2022\/12\/free-trial-8.jpg 1500w, https:\/\/www.monarchist.ca\/wp-content\/uploads\/2022\/12\/free-trial-8-600x252.jpg 600w, https:\/\/www.monarchist.ca\/wp-content\/uploads\/2022\/12\/free-trial-8-300x126.jpg 300w, https:\/\/www.monarchist.ca\/wp-content\/uploads\/2022\/12\/free-trial-8-1030x433.jpg 1030w, https:\/\/www.monarchist.ca\/wp-content\/uploads\/2022\/12\/free-trial-8-768x323.jpg 768w, https:\/\/www.monarchist.ca\/wp-content\/uploads\/2022\/12\/free-trial-8-705x296.jpg 705w, https:\/\/www.monarchist.ca\/wp-content\/uploads\/2022\/12\/free-trial-8-450x189.jpg 450w\" sizes=\"(max-width: 1500px) 100vw, 1500px\" \/><\/div><\/li><li  class='avia-slideshow-slide av-65we7-f4e283cf1b1389dfb4ddfbd9f8a5b661__8  slide-9 slide-odd'><div data-rel='slideshow-1' class='avia-slide-wrap '   ><img decoding=\"async\" class=\"wp-image-1794 avia-img-lazy-loading-not-1794\"  src=\"https:\/\/www.monarchist.ca\/wp-content\/uploads\/2022\/12\/free-trial-9-1500x630.jpg\" width=\"1500\" height=\"630\" title='free-trial-9' alt=''  itemprop=\"thumbnailUrl\" srcset=\"https:\/\/www.monarchist.ca\/wp-content\/uploads\/2022\/12\/free-trial-9.jpg 1500w, https:\/\/www.monarchist.ca\/wp-content\/uploads\/2022\/12\/free-trial-9-600x252.jpg 600w, https:\/\/www.monarchist.ca\/wp-content\/uploads\/2022\/12\/free-trial-9-300x126.jpg 300w, https:\/\/www.monarchist.ca\/wp-content\/uploads\/2022\/12\/free-trial-9-1030x433.jpg 1030w, https:\/\/www.monarchist.ca\/wp-content\/uploads\/2022\/12\/free-trial-9-768x323.jpg 768w, https:\/\/www.monarchist.ca\/wp-content\/uploads\/2022\/12\/free-trial-9-705x296.jpg 705w, https:\/\/www.monarchist.ca\/wp-content\/uploads\/2022\/12\/free-trial-9-450x189.jpg 450w\" sizes=\"(max-width: 1500px) 100vw, 1500px\" \/><\/div><\/li><li  class='avia-slideshow-slide av-65we7-f4e283cf1b1389dfb4ddfbd9f8a5b661__9  slide-10 slide-even'><div data-rel='slideshow-1' class='avia-slide-wrap '   ><img decoding=\"async\" class=\"wp-image-1795 avia-img-lazy-loading-not-1795\"  src=\"https:\/\/www.monarchist.ca\/wp-content\/uploads\/2022\/12\/free-trial-10-1500x630.jpg\" width=\"1500\" height=\"630\" title='free-trial-10' alt=''  itemprop=\"thumbnailUrl\" srcset=\"https:\/\/www.monarchist.ca\/wp-content\/uploads\/2022\/12\/free-trial-10.jpg 1500w, https:\/\/www.monarchist.ca\/wp-content\/uploads\/2022\/12\/free-trial-10-600x252.jpg 600w, https:\/\/www.monarchist.ca\/wp-content\/uploads\/2022\/12\/free-trial-10-300x126.jpg 300w, https:\/\/www.monarchist.ca\/wp-content\/uploads\/2022\/12\/free-trial-10-1030x433.jpg 1030w, https:\/\/www.monarchist.ca\/wp-content\/uploads\/2022\/12\/free-trial-10-768x323.jpg 768w, https:\/\/www.monarchist.ca\/wp-content\/uploads\/2022\/12\/free-trial-10-705x296.jpg 705w, https:\/\/www.monarchist.ca\/wp-content\/uploads\/2022\/12\/free-trial-10-450x189.jpg 450w\" sizes=\"(max-width: 1500px) 100vw, 1500px\" \/><\/div><\/li><\/ul><div class='avia-slideshow-arrows avia-slideshow-controls' ><a href='#prev' class='prev-slide ' aria-hidden='true' data-av_icon='\ue87c' data-av_iconfont='entypo-fontello'  tabindex='-1'>Pr\u00e9c\u00e9dent<\/a><a href='#next' class='next-slide ' aria-hidden='true' data-av_icon='\ue87d' data-av_iconfont='entypo-fontello'  tabindex='-1'>Suivant<\/a><\/div><div class='avia-slideshow-dots avia-slideshow-controls'><a href='#1' class='goto-slide active' >1<\/a><a href='#2' class='goto-slide ' >2<\/a><a href='#3' class='goto-slide ' >3<\/a><a href='#4' class='goto-slide ' >4<\/a><a href='#5' class='goto-slide ' >5<\/a><a href='#6' class='goto-slide ' >6<\/a><a href='#7' class='goto-slide ' >7<\/a><a href='#8' class='goto-slide ' >8<\/a><a href='#9' class='goto-slide ' >9<\/a><a href='#10' class='goto-slide ' >10<\/a><\/div><\/div><\/div><div id='after_full_slider_1'  class='main_color av_default_container_wrap container_wrap sidebar_right'  ><div class='container av-section-cont-open' ><div class='template-page content  av-content-small alpha units'><div class='post-entry post-entry-type-page post-entry-1999'><div class='entry-content-wrapper clearfix'>\n<div class='flex_column av-53zfb-9e37c0e205c433a5633b5454ba1ca03b av_one_half  avia-builder-el-1  el_after_av_slideshow_full  el_before_av_one_half  avia-builder-el-first  first flex_column_div '     ><section  class='av_textblock_section av-lb2hghnj-fbaee2c4753c2c7f606fde8f062f2317'  itemscope=\"itemscope\" itemtype=\"https:\/\/schema.org\/CreativeWork\" ><div class='avia_textblock'  itemprop=\"text\" ><h3 class=\"header\" style=\"text-align: center;\">Formulaire<\/h3>\n<hr \/>\n<\/div><\/section><br \/>\n\n<style type=\"text\/css\" data-created_by=\"avia_inline_auto\" id=\"style-css-av-lb2hlcik-5bff54e234b006ddc4c9c5d5ee130a49\">\n#top .hr.hr-invisible.av-lb2hlcik-5bff54e234b006ddc4c9c5d5ee130a49{\nheight:25px;\n}\n<\/style>\n<div  class='hr av-lb2hlcik-5bff54e234b006ddc4c9c5d5ee130a49 hr-invisible  avia-builder-el-3  el_after_av_textblock  el_before_av_contact '><span class='hr-inner '><span class=\"hr-inner-style\"><\/span><\/span><\/div><br \/>\n<form action=\"https:\/\/www.monarchist.ca\/fr\/free-trial\/\" method=\"post\"  class=\"avia_ajax_form av-form-labels-visible   avia-builder-el-4  el_after_av_hr  avia-builder-el-last   \" data-avia-form-id=\"1\" data-avia-redirect='' ><h3 class=''>Envoyez-nous un courriel<\/h3><fieldset><p class='  first_form  form_element form_fullwidth' id='element_avia_1_1'><label for=\"avia_1_1\">Pr\u00e9nom \/ Nom de famille <abbr class=\"required\" title=\"requis(e)\">*<\/abbr><\/label> <input name=\"avia_1_1\" class=\"text_input is_empty\" type=\"text\" id=\"avia_1_1\" value=\"\" \/><\/p><p class='  first_form  form_element form_fullwidth' id='element_avia_2_1'><label for=\"avia_2_1\">Adresse<\/label> <input name=\"avia_2_1\" class=\"text_input \" type=\"text\" id=\"avia_2_1\" value=\"\" \/><\/p><p class='  first_form  form_element form_fullwidth' id='element_avia_3_1'><label for=\"avia_3_1\">Adresse<\/label> <input name=\"avia_3_1\" class=\"text_input \" type=\"text\" id=\"avia_3_1\" value=\"\" \/><\/p><p class='  first_form  form_element form_fullwidth' id='element_avia_4_1'><label for=\"avia_4_1\">Ville<\/label> <input name=\"avia_4_1\" class=\"text_input \" type=\"text\" id=\"avia_4_1\" value=\"\" \/><\/p><p class='  first_form  form_element form_fullwidth' id='element_avia_5_1'><label for=\"avia_5_1\">Province<\/label> <input name=\"avia_5_1\" class=\"text_input \" type=\"text\" id=\"avia_5_1\" value=\"\" \/><\/p><p class='  first_form  form_element form_fullwidth' id='element_avia_6_1'><label for=\"avia_6_1\">Code postal<\/label> <input name=\"avia_6_1\" class=\"text_input \" type=\"text\" id=\"avia_6_1\" value=\"\" \/><\/p><p class='  first_form  form_element form_fullwidth' id='element_avia_7_1'><label for=\"avia_7_1\">Code - Num\u00e9ro de t\u00e9l\u00e9phone<\/label> <input name=\"avia_7_1\" class=\"text_input \" type=\"text\" id=\"avia_7_1\" value=\"\" \/><\/p><p class='  first_form  form_element form_fullwidth av-last-visible-form-element' id='element_avia_8_1'><label for=\"avia_8_1\">E-Mail <abbr class=\"required\" title=\"requis(e)\">*<\/abbr><\/label> <input name=\"avia_8_1\" class=\"text_input is_email\" type=\"text\" id=\"avia_8_1\" value=\"\" \/><\/p><p class=\"hidden\"><input type=\"text\" name=\"avia_9_1\" class=\"hidden \" id=\"avia_9_1\" value=\"\" \/><\/p><p class=\"form_element \"><input type=\"hidden\" value=\"1\" name=\"avia_generated_form1\" \/><input type=\"submit\" value=\"Soumettre\" class=\"button\"  data-sending-label=\"Envoi\"\/><\/p><\/fieldset><\/form><div id=\"ajaxresponse_1\" class=\"ajaxresponse ajaxresponse_1 hidden\"><\/div><\/p><\/div><div class='flex_column av-1h4p7-ee2ccb81b3402f814b1418559889e0ab av_one_half  avia-builder-el-5  el_after_av_one_half  avia-builder-el-last  flex_column_div '     ><section  class='av_textblock_section av-lb2hh44a-85672492e15468ca6fc4e4ac46e1fe5a'  itemscope=\"itemscope\" itemtype=\"https:\/\/schema.org\/CreativeWork\" ><div class='avia_textblock'  itemprop=\"text\" ><h3 class=\"header\" style=\"text-align: center;\">Adh\u00e9sion gratuite<\/h3>\n<hr \/>\n<\/div><\/section><br \/>\n\n<style type=\"text\/css\" data-created_by=\"avia_inline_auto\" id=\"style-css-av-11ysf-144a49cb92af549801ce0c823cbdc9bc\">\n#top .hr.hr-invisible.av-11ysf-144a49cb92af549801ce0c823cbdc9bc{\nheight:25px;\n}\n<\/style>\n<div  class='hr av-11ysf-144a49cb92af549801ce0c823cbdc9bc hr-invisible  avia-builder-el-7  el_after_av_textblock  el_before_av_textblock '><span class='hr-inner '><span class=\"hr-inner-style\"><\/span><\/span><\/div><br \/>\n<section  class='av_textblock_section av-lb2hhrzk-12f7b8ffb873e6de3c2c681330e4c703'  itemscope=\"itemscope\" itemtype=\"https:\/\/schema.org\/CreativeWork\" ><div class='avia_textblock'  itemprop=\"text\" ><h4>NB: Offre valable uniquement pour les adresses canadiennes<\/h4>\n<p>La Ligue monarchiste du Canada propose de vous ajouter \u00e0 notre liste de diffusion pour six mois, sans frais ni obligation ! Il suffit de remplir le formulaire et cliquez sur le bouton.<\/p>\n<p>Sur confirmation de votre inscription, vous recevrez une trousse de bienvenue de documents imprim\u00e9s, y compris\u00a0<a href=\"https:\/\/www.monarchist.ca\/index.php\/fr-ca\/publications\"><i>Les Nouvelles monarchiste Canadiennes<\/i><\/a>, p\u00e9riodique \u00e9mis de la Ligue plusieurs fois par an. Nous allons \u00e9galement vous envoyer par e-mail les Communiqu\u00e9s et des alertes. Si vous habitez dans une r\u00e9gion o\u00f9 il y a une\u00a0<a href=\"https:\/\/www.monarchist.ca\/index.php\/fr-ca\/la-ligue\/groupes-locaux-et-de-contact\">branche de la Ligue<\/a>, nous vous ferons parvenir les avis de ses activit\u00e9s et d&rsquo;\u00e9v\u00e9nements.<\/p>\n<p>Au bout de six mois, vous serez invit\u00e9 \u00e0 renouveler votre adh\u00e9sion \u2013 nous esp\u00e9rons que vous le ferez \u2013 ou vous pouvez simplement l\u2019annuler sur la carte ou via courriel. (Vous pouvez renouveler en ligne par l&rsquo;interm\u00e9diaire de la\u00a0<a href=\"https:\/\/www.monarchist.ca\/\">Boutique de la Ligue<\/a>.)<\/p>\n<p>Une adh\u00e9sion provisoire doit \u00eatre demand\u00e9e par la personne qui souhaite se joindre \u00e0 la Ligue; elle n\u2019est pas disponible comme un cadeau. Les adh\u00e9sions d&rsquo;essai ne sont disponibles qu&rsquo;une seule fois pour une personne, et non pour les anciens membres, qu&rsquo;ils soient d&rsquo;essai ou payants.<\/p>\n<p>Nous nous r\u00e9jouissons de recevoir votre demande!<\/p>\n<h4>L&rsquo;adh\u00e9sion r\u00e9gulier et comment r\u00e9abonner<\/h4>\n<p>Si vous voulez vous joindre \u00e0 la Ligue comme membre r\u00e9gulier, ou si vous avez besoin de r\u00e9abonner (il faut r\u00e9abonner chaque ann\u00e9e). Dans les deux cas, s&rsquo;il vous pla\u00eet utiliser notre\u00a0<a href=\"https:\/\/www.monarchist.ca\/\">boutique<\/a>\u00a0en ligne \u00e0 pour acheter ou renouveler une adh\u00e9sion.<\/p>\n<h4>AVIS : Communications par E-mail<\/h4>\n<p>En adh\u00e9rant \u00e0 la Ligue monarchiste, vous nous donnez la permission de communiquer avec vous par e-mail. La Ligue utilise des mises \u00e0 jour par courriel pour permettre aux membres d\u2019\u00eatre conscient des probl\u00e8mes n\u00e9cessitant votre action, les \u00e9v\u00e9nements publics, les activit\u00e9s de la Ligue et les sondages en ligne dans lequel vous aimeriez participer, et les offres de ventes sp\u00e9ciales tout au long de notre Boutique. Alors bien s\u00fbr, vous avez toujours le droit de demander que votre nom soit retir\u00e9 de la liste \u00e9lectronique, mais son utilisation permet \u00e0 la Ligue pour \u00eatre aussi efficace qu&rsquo;il est. Nous pouvons vous assurer: nous n&rsquo;envoyons pas de spam !<\/p>\n<\/div><\/section><\/p><\/div><\/p>\n","protected":false},"excerpt":{"rendered":"","protected":false},"author":1,"featured_media":0,"parent":0,"menu_order":0,"comment_status":"closed","ping_status":"closed","template":"","meta":{"footnotes":""},"class_list":["post-1999","page","type-page","status-publish","hentry"],"_links":{"self":[{"href":"https:\/\/www.monarchist.ca\/fr\/wp-json\/wp\/v2\/pages\/1999","targetHints":{"allow":["GET"]}}],"collection":[{"href":"https:\/\/www.monarchist.ca\/fr\/wp-json\/wp\/v2\/pages"}],"about":[{"href":"https:\/\/www.monarchist.ca\/fr\/wp-json\/wp\/v2\/types\/page"}],"author":[{"embeddable":true,"href":"https:\/\/www.monarchist.ca\/fr\/wp-json\/wp\/v2\/users\/1"}],"replies":[{"embeddable":true,"href":"https:\/\/www.monarchist.ca\/fr\/wp-json\/wp\/v2\/comments?post=1999"}],"version-history":[{"count":2,"href":"https:\/\/www.monarchist.ca\/fr\/wp-json\/wp\/v2\/pages\/1999\/revisions"}],"predecessor-version":[{"id":2759,"href":"https:\/\/www.monarchist.ca\/fr\/wp-json\/wp\/v2\/pages\/1999\/revisions\/2759"}],"wp:attachment":[{"href":"https:\/\/www.monarchist.ca\/fr\/wp-json\/wp\/v2\/media?parent=1999"}],"curies":[{"name":"wp","href":"https:\/\/api.w.org\/{rel}","templated":true}]}}