{"id":2093,"date":"2022-10-06T17:30:28","date_gmt":"2022-10-06T17:30:28","guid":{"rendered":"http:\/\/new.monarchist.ca\/?page_id=2093"},"modified":"2023-04-22T21:07:16","modified_gmt":"2023-04-22T21:07:16","slug":"autres-membres","status":"publish","type":"page","link":"https:\/\/www.monarchist.ca\/fr\/autres-membres\/","title":{"rendered":"Autres membres"},"content":{"rendered":"<div  class='avia-button-wrap avia-button-center  avia-builder-el-0  el_before_av_textblock  avia-builder-el-first '>\n<style type=\"text\/css\" data-created_by=\"avia_inline_auto\" id=\"style-css-av-8d5wq-cb9aaadf4c3f45b427595545d3f06cbc\">\n#top #wrap_all .avia-button.av-8d5wq-cb9aaadf4c3f45b427595545d3f06cbc{\nbackground-color:#ededed;\nborder-color:#ededed;\ncolor:#ce0000;\n-webkit-transition:all 0.4s ease-in-out;\n-moz-transition:all 0.4s ease-in-out;\n-ms-transition:all 0.4s ease-in-out;\n-o-transition:all 0.4s ease-in-out;\ntransition:all 0.4s ease-in-out;\nfont-size:20px;\npadding:20px 20px 20px 20px;\n}\n#top #wrap_all .avia-button.av-8d5wq-cb9aaadf4c3f45b427595545d3f06cbc:hover{\nbackground-color:silver;\ncolor:white;\n-webkit-transition:all 0.4s ease-in-out;\n-moz-transition:all 0.4s ease-in-out;\n-ms-transition:all 0.4s ease-in-out;\n-o-transition:all 0.4s ease-in-out;\ntransition:all 0.4s ease-in-out;\n}\n<\/style>\n<a href='https:\/\/www.monarchist.ca\/fr\/free-trial\/' class='avia-button avia-button-fullwidth av-8d5wq-cb9aaadf4c3f45b427595545d3f06cbc avia-icon_select-no avia-color-custom'  ><span class='avia_iconbox_title' >Offre d\u2019adh\u00e9sion gratuite<\/span><\/a><\/div>\n\n<style type=\"text\/css\" data-created_by=\"avia_inline_auto\" id=\"style-css-av-last8jla-80e88578a907ba36bf83e2d8d2fc3f96\">\n#top .av_textblock_section.av-last8jla-80e88578a907ba36bf83e2d8d2fc3f96 .avia_textblock{\ncolor:#ce0000;\n}\n<\/style>\n<section  class='av_textblock_section av-last8jla-80e88578a907ba36bf83e2d8d2fc3f96'  itemscope=\"itemscope\" itemtype=\"https:\/\/schema.org\/CreativeWork\" ><div class='avia_textblock av_inherit_color'  itemprop=\"text\" ><h1 class=\"page-title\">Autres membres de la famille royale canadienne<\/h1>\n<hr \/>\n<\/div><\/section>\n\n<style type=\"text\/css\" data-created_by=\"avia_inline_auto\" id=\"style-css-av-an27m-79b65021ae41a2f19d4cb71f6b9a95ec\">\n.flex_column.av-an27m-79b65021ae41a2f19d4cb71f6b9a95ec{\n-webkit-border-radius:5px 5px 5px 5px;\n-moz-border-radius:5px 5px 5px 5px;\nborder-radius:5px 5px 5px 5px;\npadding:20px 20px 20px 20px;\nbackground-color:#b02b2c;\n}\n<\/style>\n<div class='flex_column av-an27m-79b65021ae41a2f19d4cb71f6b9a95ec av_one_full  avia-builder-el-2  el_after_av_textblock  el_before_av_hr  first flex_column_div column-top-margin'     ><style type=\"text\/css\" data-created_by=\"avia_inline_auto\" id=\"style-css-av-lcjbbyqr-ed785296001ec13cc088a9df05624984\">\n#top .av_textblock_section.av-lcjbbyqr-ed785296001ec13cc088a9df05624984 .avia_textblock{\ncolor:#ffffff;\n}\n<\/style>\n<section  class='av_textblock_section av-lcjbbyqr-ed785296001ec13cc088a9df05624984'  itemscope=\"itemscope\" itemtype=\"https:\/\/schema.org\/CreativeWork\" ><div class='avia_textblock av_inherit_color'  itemprop=\"text\" ><p>Les soi-disant \u00ab membres juniors \u00bb de la famille royale rendent un grand service \u00e0 la couronne canadienne en entreprenant une s\u00e9rie de fonctions de soutien pour des activit\u00e9s sociales diverses, de ce fait les ramenant souvent ici lors de retours au pays qui sont arrang\u00e9s et financ\u00e9s par les organismes qu\u2019ils visitent. Un autre des engagements de ces tourn\u00e9es du pays est souvent leur devoir en tant que Colonel-en-Chef. Des activit\u00e9s au nom du r\u00e9giment sont typiquement organis\u00e9es dans le cadre d&rsquo;un programme public de support \u00e0 des \u00e9v\u00e9nements et des causes dans les communaut\u00e9s environnantes.<\/p>\n<\/div><\/section><\/div>\n\n<style type=\"text\/css\" data-created_by=\"avia_inline_auto\" id=\"style-css-av-lcjbd4e0-f867d5667bfbe7df69171b8fb43e2840\">\n#top .hr.hr-invisible.av-lcjbd4e0-f867d5667bfbe7df69171b8fb43e2840{\nheight:50px;\n}\n<\/style>\n<div  class='hr av-lcjbd4e0-f867d5667bfbe7df69171b8fb43e2840 hr-invisible  avia-builder-el-4  el_after_av_one_full  el_before_av_section  avia-builder-el-last '><span class='hr-inner '><span class=\"hr-inner-style\"><\/span><\/span><\/div>\n<\/div><\/div><\/div><!-- close content main div --><\/div><\/div><div id='av_section_1'  class='avia-section av-av_section-f716ba51e7bf82947c918c6ed882cb73 main_color avia-section-default avia-no-border-styling  avia-builder-el-5  el_after_av_hr  el_before_av_section  avia-bg-style-scroll container_wrap sidebar_right'  ><div class='container av-section-cont-open' ><div class='template-page content  av-content-small alpha units'><div class='post-entry post-entry-type-page post-entry-2093'><div class='entry-content-wrapper clearfix'>\n<section  class='av_textblock_section av-last8zh9-9dbd2cd11f71b2cca4ca07afe5acb5a7'  itemscope=\"itemscope\" itemtype=\"https:\/\/schema.org\/CreativeWork\" ><div class='avia_textblock'  itemprop=\"text\" ><h2>La Princesse royale (Anne)<\/h2>\n<\/div><\/section>\n<div class='flex_column av-av_two_third-7714eba142aeda1f8b5272a3c372b279 av_two_third  avia-builder-el-7  el_after_av_textblock  el_before_av_one_third  first flex_column_div column-top-margin'     ><section  class='av_textblock_section av-lgsgxtc2-026b8e2ed36e5511e9547a2bea29dc56'  itemscope=\"itemscope\" itemtype=\"https:\/\/schema.org\/CreativeWork\" ><div class='avia_textblock'  itemprop=\"text\" ><p>C\u00e9l\u00e9br\u00e9e en tant que la plus assidue des membres de la famille royale bas\u00e9 sur le nombre d\u2019engagements qu&rsquo;elle entreprend, la fille de la Reine a fait 23 retours au pays du Canada. Certains de ces derniers incluent des engagements au nom d&rsquo;organismes internationaux qui sont les soucis principaux de son altesse royale. Ceux-ci incluent le Save the Children\u2019s Fund et la Mission aux Marins ainsi que la Conf\u00e9rence d\u2019\u00c9tude du Commonwealth. La princesse est \u00e9galement patronne de l\u2019Association th\u00e9rapeutique canadienne d\u2019\u00e9quitation et de L\u2019h\u00f4pital Princesse Margaret de Toronto.<\/p>\n<p>Une Homecoming canadienne r\u00e9cente en Ontario a eu lieu en Octobre 2013, centr\u00e9e sur trois r\u00f4les militaires de SAR. \u00c0 Barrie , la princesse a consacr\u00e9 le site d&rsquo;un parc du patrimoine militaire en course de sa premi\u00e8re visite aux Grey and Simcoe Foresters. A la base des Forces Canadiennes \u00e0 Borden, Anne a pr\u00e9sent\u00e9 les Services m\u00e9dicaux &#8211; r\u00e9cemment renomm\u00e9 \u201cRoyal Canadien\u201d &#8211; avec sa banni\u00e8re, une nouvelle couleur pour honorer le r\u00f4le vital que l&rsquo;unit\u00e9 joue depuis les Canadiens ont \u00e9t\u00e9 d\u00e9ploy\u00e9s en Afghanistan en 2002. Plus tard, le Lieutenant-gouverneur de l&rsquo;Ontario a tenu une r\u00e9ception en l&rsquo;honneur de la princesse afin qu&rsquo;elle puisse rencontrer des membres et dirigeants du Commonwealth Conf\u00e9rence du d&rsquo;Edimbourg et de l&rsquo;Association Canadienne de l\u2019Ordre royal de Victoria . Sa tourn\u00e9e a conclu \u00e0 Kingston , o\u00f9 la princess Royale a re\u00e7u un accueil public municipal; et une visit\u00e9 chez BFC Kingston, pour honorer le 110e anniversaire de la Direction des communications et de l&rsquo;\u00e9lectronique des FC.<\/p>\n<p>En Novembre 2014 , le gouvernement f\u00e9d\u00e9ral a organis\u00e9 une tourn\u00e9e officielle de la princesse dans la r\u00e9gion d&rsquo;Ottawa, dont le clou \u00e9tait quand SAR s\u2019est joint au gouverneure g\u00e9n\u00e9rale lors des c\u00e9r\u00e9monies du jour du Souvenir au Monument comm\u00e9moratif de guerre. Anne re-d\u00e9di\u00e9 le Monument 75 ans apr\u00e8s son grand-p\u00e8re, George VI, l\u2019 avait consacr\u00e9 en 1939.<\/p>\n<p>En 2016 la princesse \u00e0 visit\u00e9 Terre-Neuve o\u00f9 elle aux Corner Brook et St John\u2019s. En plus d&rsquo; un certain nombre d&rsquo; engagements priv\u00e9s , SAR a pr\u00e9sent\u00e9 de nouvelles couleurs \u00e0 son r\u00e9giment, le Royal Newfoundland Regiment, et a marqu\u00e9 le 100e anniversaire de la bataille de la Somme, au cours de laquelle les braves de l\u2019alors-colonie de Terre-Neuve ont \u00e9t\u00e9 abbatus au cours de la bataille, \u00e0 Beaumont-Hamel.<\/p>\n<p>SAR sert en qualit\u00e9 de Colonel-en-Chef de six r\u00e9giments canadiens : The Grey and Simcoe Foresters (Barrie, Ontario), the Eighth Canadian Hussars (Princess Louise\u2019s) (Moncton, Nouveau-Brunswick), la Branche des Communications et de l\u2019\u00c9lectronique, le Service de Sant\u00e9 des Forces Canadiennes, the Royal Regina Rifles et the Royal Newfoundland Regiment.<\/p>\n<p>Mise \u00e0 jour : Une liste compl\u00e8te des fr\u00e9quentes visites d&rsquo;Anne au Canada, ainsi que de celles du comte et de la comtesse de Wessex, se trouve sur <a>Tourn\u00e9es royales pass\u00e9es<\/a>.<\/p>\n<\/div><\/section><\/div><div class='flex_column av-26ap2y-f44d32a1dc16cc2ae523d6649b98fe47 av_one_third  avia-builder-el-9  el_after_av_two_third  avia-builder-el-last  flex_column_div column-top-margin'     ><style type=\"text\/css\" data-created_by=\"avia_inline_auto\" id=\"style-css-av-lastbxcp-0a8d2415c75e0271155d27fd227b9523\">\n.avia-image-container.av-lastbxcp-0a8d2415c75e0271155d27fd227b9523 img.avia_image{\nbox-shadow:none;\n}\n.avia-image-container.av-lastbxcp-0a8d2415c75e0271155d27fd227b9523 .av-image-caption-overlay-center{\ncolor:#ffffff;\n}\n<\/style>\n<div  class='avia-image-container av-lastbxcp-0a8d2415c75e0271155d27fd227b9523 av-styling- avia-align-center  avia-builder-el-10  avia-builder-el-no-sibling '   itemprop=\"image\" itemscope=\"itemscope\" itemtype=\"https:\/\/schema.org\/ImageObject\" ><div class=\"avia-image-container-inner\"><div class=\"avia-image-overlay-wrap\"><img decoding=\"async\" class='wp-image-1624 avia-img-lazy-loading-not-1624 avia_image ' src=\"https:\/\/www.monarchist.ca\/wp-content\/uploads\/2022\/11\/princessroyal.jpg\" alt='' title='princessroyal'  height=\"275\" width=\"370\"  itemprop=\"thumbnailUrl\" srcset=\"https:\/\/www.monarchist.ca\/wp-content\/uploads\/2022\/11\/princessroyal.jpg 370w, https:\/\/www.monarchist.ca\/wp-content\/uploads\/2022\/11\/princessroyal-300x223.jpg 300w\" sizes=\"(max-width: 370px) 100vw, 370px\" \/><\/div><\/div><\/div><\/div><\/div><\/div><\/div><!-- close content main div --><\/div><\/div><div id='av_section_2'  class='avia-section av-1n7xbe-95b9ed47fb2051ec584c9ee807bf7786 main_color avia-section-default avia-no-border-styling  avia-builder-el-11  el_after_av_section  avia-builder-el-last  avia-bg-style-scroll container_wrap sidebar_right'  ><div class='container av-section-cont-open' ><div class='template-page content  av-content-small alpha units'><div class='post-entry post-entry-type-page post-entry-2093'><div class='entry-content-wrapper clearfix'>\n<div class='flex_column av-55nqa-e138c04338bce0b09b020d485d83341e av_one_third  avia-builder-el-12  el_before_av_two_third  avia-builder-el-first  first flex_column_div '     ><p>\n<style type=\"text\/css\" data-created_by=\"avia_inline_auto\" id=\"style-css-av-lastkpkc-963b9917737d7ac4838f3e82cef3fcd5\">\n.avia-image-container.av-lastkpkc-963b9917737d7ac4838f3e82cef3fcd5 img.avia_image{\nbox-shadow:none;\n}\n.avia-image-container.av-lastkpkc-963b9917737d7ac4838f3e82cef3fcd5 .av-image-caption-overlay-center{\ncolor:#ffffff;\n}\n<\/style>\n<div  class='avia-image-container av-lastkpkc-963b9917737d7ac4838f3e82cef3fcd5 av-styling- avia-align-center  avia-builder-el-13  el_before_av_textblock  avia-builder-el-first '   itemprop=\"image\" itemscope=\"itemscope\" itemtype=\"https:\/\/schema.org\/ImageObject\" ><div class=\"avia-image-container-inner\"><div class=\"avia-image-overlay-wrap\"><img decoding=\"async\" class='wp-image-1625 avia-img-lazy-loading-not-1625 avia_image ' src=\"https:\/\/www.monarchist.ca\/wp-content\/uploads\/2022\/11\/earlandcountessofwessex.jpg\" alt='' title='earlandcountessofwessex'  height=\"394\" width=\"370\"  itemprop=\"thumbnailUrl\" srcset=\"https:\/\/www.monarchist.ca\/wp-content\/uploads\/2022\/11\/earlandcountessofwessex.jpg 370w, https:\/\/www.monarchist.ca\/wp-content\/uploads\/2022\/11\/earlandcountessofwessex-282x300.jpg 282w\" sizes=\"(max-width: 370px) 100vw, 370px\" \/><\/div><\/div><\/div><br \/>\n\n<style type=\"text\/css\" data-created_by=\"avia_inline_auto\" id=\"style-css-av-lastozok-1a5a4846990f6d281d9ae48774f85640\">\n#top .av_textblock_section.av-lastozok-1a5a4846990f6d281d9ae48774f85640 .avia_textblock{\ncolor:#ce0000;\n}\n<\/style>\n<section  class='av_textblock_section av-lastozok-1a5a4846990f6d281d9ae48774f85640'  itemscope=\"itemscope\" itemtype=\"https:\/\/schema.org\/CreativeWork\" ><div class='avia_textblock av_inherit_color'  itemprop=\"text\" ><p style=\"text-align: center;\">Le comte et la comtesse de Wessex visite la Ligue, 2005<\/p>\n<\/div><\/section><br \/>\n\n<style type=\"text\/css\" data-created_by=\"avia_inline_auto\" id=\"style-css-av-lastnlg3-2c23f70d2d71c5c7fb9de4ff2077be36\">\n#top .hr.hr-invisible.av-lastnlg3-2c23f70d2d71c5c7fb9de4ff2077be36{\nheight:50px;\n}\n<\/style>\n<div  class='hr av-lastnlg3-2c23f70d2d71c5c7fb9de4ff2077be36 hr-invisible  avia-builder-el-15  el_after_av_textblock  el_before_av_image '><span class='hr-inner '><span class=\"hr-inner-style\"><\/span><\/span><\/div><br \/>\n\n<style type=\"text\/css\" data-created_by=\"avia_inline_auto\" id=\"style-css-av-lastlb2c-2930ed2b1cf322fdfb3d559181e5da72\">\n.avia-image-container.av-lastlb2c-2930ed2b1cf322fdfb3d559181e5da72 img.avia_image{\nbox-shadow:none;\n}\n.avia-image-container.av-lastlb2c-2930ed2b1cf322fdfb3d559181e5da72 .av-image-caption-overlay-center{\ncolor:#ffffff;\n}\n<\/style>\n<div  class='avia-image-container av-lastlb2c-2930ed2b1cf322fdfb3d559181e5da72 av-styling- avia-align-center  avia-builder-el-16  el_after_av_hr  el_before_av_textblock '   itemprop=\"image\" itemscope=\"itemscope\" itemtype=\"https:\/\/schema.org\/ImageObject\" ><div class=\"avia-image-container-inner\"><div class=\"avia-image-overlay-wrap\"><img decoding=\"async\" class='wp-image-1626 avia-img-lazy-loading-not-1626 avia_image ' src=\"https:\/\/www.monarchist.ca\/wp-content\/uploads\/2022\/11\/kent.jpg\" alt='' title='kent'  height=\"270\" width=\"330\"  itemprop=\"thumbnailUrl\" srcset=\"https:\/\/www.monarchist.ca\/wp-content\/uploads\/2022\/11\/kent.jpg 330w, https:\/\/www.monarchist.ca\/wp-content\/uploads\/2022\/11\/kent-300x245.jpg 300w\" sizes=\"(max-width: 330px) 100vw, 330px\" \/><\/div><\/div><\/div><br \/>\n\n<style type=\"text\/css\" data-created_by=\"avia_inline_auto\" id=\"style-css-av-lastpnbr-6d99af6ed60e34a5bba8872cdd5d1446\">\n#top .av_textblock_section.av-lastpnbr-6d99af6ed60e34a5bba8872cdd5d1446 .avia_textblock{\ncolor:#ce0000;\n}\n<\/style>\n<section  class='av_textblock_section av-lastpnbr-6d99af6ed60e34a5bba8872cdd5d1446'  itemscope=\"itemscope\" itemtype=\"https:\/\/schema.org\/CreativeWork\" ><div class='avia_textblock av_inherit_color'  itemprop=\"text\" ><p style=\"text-align: center;\">Le duc de Kent avec son fr\u00e8re, le prince Michael<\/p>\n<\/div><\/section><br \/>\n\n<style type=\"text\/css\" data-created_by=\"avia_inline_auto\" id=\"style-css-av-16fngi-90417742d8e42323c745f4c36a58f355\">\n#top .hr.hr-invisible.av-16fngi-90417742d8e42323c745f4c36a58f355{\nheight:50px;\n}\n<\/style>\n<div  class='hr av-16fngi-90417742d8e42323c745f4c36a58f355 hr-invisible  avia-builder-el-18  el_after_av_textblock  el_before_av_image '><span class='hr-inner '><span class=\"hr-inner-style\"><\/span><\/span><\/div><br \/>\n\n<style type=\"text\/css\" data-created_by=\"avia_inline_auto\" id=\"style-css-av-lastmsjk-6752a10d98d807b62468b222db8b302d\">\n.avia-image-container.av-lastmsjk-6752a10d98d807b62468b222db8b302d img.avia_image{\nbox-shadow:none;\n}\n.avia-image-container.av-lastmsjk-6752a10d98d807b62468b222db8b302d .av-image-caption-overlay-center{\ncolor:#ffffff;\n}\n<\/style>\n<div  class='avia-image-container av-lastmsjk-6752a10d98d807b62468b222db8b302d av-styling- avia-align-center  avia-builder-el-19  el_after_av_hr  avia-builder-el-last '   itemprop=\"image\" itemscope=\"itemscope\" itemtype=\"https:\/\/schema.org\/ImageObject\" ><div class=\"avia-image-container-inner\"><div class=\"avia-image-overlay-wrap\"><img decoding=\"async\" class='wp-image-1627 avia-img-lazy-loading-not-1627 avia_image ' src=\"https:\/\/www.monarchist.ca\/wp-content\/uploads\/2022\/11\/princessalexandra.jpg\" alt='' title='princessalexandra'  height=\"200\" width=\"300\"  itemprop=\"thumbnailUrl\"  \/><\/div><\/div><\/div><\/p><\/div><div class='flex_column av-11jqwa-a7b63488735af6910d6161b8e961e253 av_two_third  avia-builder-el-20  el_after_av_one_third  avia-builder-el-last  flex_column_div '     ><section  class='av_textblock_section av-laste31r-ef4f00e125bb576e0b00cd90a348918c'  itemscope=\"itemscope\" itemtype=\"https:\/\/schema.org\/CreativeWork\" ><div class='avia_textblock'  itemprop=\"text\" ><h2>Le comte et la comtesse de Wessex (Edward et Sophie)<\/h2>\n<hr \/>\n<\/div><\/section><br \/>\n<section  class='av_textblock_section av-vp3ka-a21701197dde96bdeb268ab0cd4c7f3c'  itemscope=\"itemscope\" itemtype=\"https:\/\/schema.org\/CreativeWork\" ><div class='avia_textblock'  itemprop=\"text\" ><p>Une indication du niveau d\u2019engagement du comte et de la comtesse envers le Canada se situe dans le fait qu&rsquo;ils sont les seuls de la famille royale (outre la Reine) \u00e0 avoir nomm\u00e9 un secr\u00e9taire personnel canadien en la personne de Christopher Carnegie, MVO. M. Carnegie coordonne la grande diversit\u00e9 des int\u00e9r\u00eats de Leurs Altesses royales au Canada. Elle est manifeste par les 30 retours au pays du comte (accompagn\u00e9 la plupart du temps de la comtesse depuis leur mariage en 1999).Ils se r\u00e9partissent de leurs cinq r\u00e9giments aux c\u00e9l\u00e9brations du 100eme anniversaire de la marine du Canada. Le prince est \u00e9galement patron du th\u00e9\u00e2tre de globe \u00e0 Regina. Dans la m\u00eame veine, il pr\u00e9side aux c\u00e9r\u00e9monies qui requi\u00e8rent sa participation lors de l&rsquo;attribution du Prix du Duc d\u2019\u00c9dimbourg, t\u00e2che que SAR a h\u00e9rit\u00e9e de son p\u00e8re le duc d\u2019\u00c9dimbourg, fondateur du programme, et il est aussi Pr\u00e9sident du Conseil International du Canada. La comtesse s\u2019int\u00e9resse surtout \u00e0 aider des h\u00f4pitaux (elle est patronne de l\u2019H\u00f4pital G\u00e9n\u00e9ral de Toronto) et \u00e0 l\u2019\u00e9ducation (elle est patron, New Haven Trust). Elle a \u00e9galement ouvert le mus\u00e9e militaire de Calgary, a pr\u00e9sent\u00e9 la police provinciale de l\u2019Ontario son tartan officiel, a, avec son mari, pr\u00eat\u00e9 appui \u00e0 Habitat pour l\u2019Humanit\u00e9, et a aussi particip\u00e9 \u00e0 une r\u00e9ception donn\u00e9e par la Ligue monarchiste du Canada.<\/p>\n<p>Les engagements militaires, qui souvent servent aussi de pr\u00e9texte aux retours au pays canadien des Wessexes, comprennent pour le comte son r\u00f4le en tant que Colonel-en-Chef du Hastings et du Regiment Prince Edward (Belleville, Ontario), du Regiment Prince Edward Island et des Saskatchewan Dragoons, et en tant que commissaire-substitut honoraire de la Gendarmerie Royale du Canada. La comtesse est Colonel-en-Chef du South Alberta Light Horse (Medicine Hat, Alberta) et du Regiment Lincoln et Welland (St-Catharines, Ontario).<\/p>\n<\/div><\/section><br \/>\n\n<style type=\"text\/css\" data-created_by=\"avia_inline_auto\" id=\"style-css-av-ptm4y-2c6fad7672797752ff3d3fb9fa9487c0\">\n#top .hr.hr-invisible.av-ptm4y-2c6fad7672797752ff3d3fb9fa9487c0{\nheight:50px;\n}\n<\/style>\n<div  class='hr av-ptm4y-2c6fad7672797752ff3d3fb9fa9487c0 hr-invisible  avia-builder-el-23  el_after_av_textblock  el_before_av_textblock '><span class='hr-inner '><span class=\"hr-inner-style\"><\/span><\/span><\/div><br \/>\n<section  class='av_textblock_section av-mefq2-0670b6382fe2e7cc83712e7a6df9e6b7'  itemscope=\"itemscope\" itemtype=\"https:\/\/schema.org\/CreativeWork\" ><div class='avia_textblock'  itemprop=\"text\" ><h2>Le duc de Kent (Edward)<\/h2>\n<hr \/>\n<\/div><\/section><br \/>\n<section  class='av_textblock_section av-lastftqa-9e3cdbebb11df0174794bf639b286888'  itemscope=\"itemscope\" itemtype=\"https:\/\/schema.org\/CreativeWork\" ><div class='avia_textblock'  itemprop=\"text\" ><p>Le duc n\u2019est pas venu au Canada ces derni\u00e8res ann\u00e9es, ni la duchesse qui vit en retrait de la vie publique. Cependant, en 2006, eux et la famille imm\u00e9diate ont appr\u00e9ci\u00e9 des vacances de ski \u00e0 Whistler, CB. Le duc est Colonel-en-Chef des Lorne Scots (the Peel, Dufferin and Halton Regiment) bas\u00e9s dans Brampton, ON. Le duc et la duchesse ont fait, \u00e0 eux deux, neuf retours dans notre pays.<\/p>\n<\/div><\/section><br \/>\n\n<style type=\"text\/css\" data-created_by=\"avia_inline_auto\" id=\"style-css-av-exnsq-a05b1d4d1aebbf04fb1b2e38e365f39c\">\n#top .hr.hr-invisible.av-exnsq-a05b1d4d1aebbf04fb1b2e38e365f39c{\nheight:50px;\n}\n<\/style>\n<div  class='hr av-exnsq-a05b1d4d1aebbf04fb1b2e38e365f39c hr-invisible  avia-builder-el-26  el_after_av_textblock  el_before_av_textblock '><span class='hr-inner '><span class=\"hr-inner-style\"><\/span><\/span><\/div><br \/>\n<section  class='av_textblock_section av-lastfdh5-2d6bf8b6602d04c9129c1059dd8ca2c4'  itemscope=\"itemscope\" itemtype=\"https:\/\/schema.org\/CreativeWork\" ><div class='avia_textblock'  itemprop=\"text\" ><h2>Le prince Michael de Kent<\/h2>\n<hr \/>\n<\/div><\/section><br \/>\n<section  class='av_textblock_section av-lasthcat-9432d2328c19f041f599d69e98d762c0'  itemscope=\"itemscope\" itemtype=\"https:\/\/schema.org\/CreativeWork\" ><div class='avia_textblock'  itemprop=\"text\" ><p>Un visiteur fr\u00e9quent du Canada avec 10 retours au pays, le prince est devenu Colonel-en-Chef de The Essex &amp; Kent Scottish Regiment (Windsor, ON) pendant l\u2019ann\u00e9e du Jubil\u00e9 d\u2019or en 2002, quand SAR a fait une tourn\u00e9e transnationale extensive sous les auspices du fondateur de la Ligue monarchiste du Canada. Lui et sa femme, la princesse Michael, sont retourn\u00e9s ensemble la m\u00eame ann\u00e9e pour pr\u00e9sider au Queen\u2019s Plate \u00e0 Toronto. La princesse a \u00e9galement \u00e9t\u00e9 une visiteuse fr\u00e9quente ici en raison de ses conf\u00e9rences sur la porcelaine et de sa promotion de trois livres qu\u2019elle a \u00e9crits sur la redevance europ\u00e9enne historique.<\/p>\n<\/div><\/section><br \/>\n\n<style type=\"text\/css\" data-created_by=\"avia_inline_auto\" id=\"style-css-av-ajkfu-ac865f2b3922a952ebb094111cdfaab5\">\n#top .hr.hr-invisible.av-ajkfu-ac865f2b3922a952ebb094111cdfaab5{\nheight:50px;\n}\n<\/style>\n<div  class='hr av-ajkfu-ac865f2b3922a952ebb094111cdfaab5 hr-invisible  avia-builder-el-29  el_after_av_textblock  el_before_av_textblock '><span class='hr-inner '><span class=\"hr-inner-style\"><\/span><\/span><\/div><br \/>\n<section  class='av_textblock_section av-lastibze-7fa4053217f3e42fde23f7885ce2f692'  itemscope=\"itemscope\" itemtype=\"https:\/\/schema.org\/CreativeWork\" ><div class='avia_textblock'  itemprop=\"text\" ><h2>La princesse Alexandra<\/h2>\n<hr \/>\n<\/div><\/section><br \/>\n<section  class='av_textblock_section av-lastihzv-69c1bd7c05b53d8b67eeafd2e7c4eec8'  itemscope=\"itemscope\" itemtype=\"https:\/\/schema.org\/CreativeWork\" ><div class='avia_textblock'  itemprop=\"text\" ><p>Ce membre tr\u00e8s-aim\u00e9 de la famille royale a fait huit retours au pays du Canada, beaucoup en liaison avec les deux r\u00e9giments dont la princesse est Colonel-en-Chef, The Queen\u2019s Own Rifles of Canada (Toronto), et The Canadian Scottish Regiment (Princess Mary\u2019sOwn), bas\u00e9 \u00e0 Victoria, B-C. SAR est \u00e9galement patron des Amis de la collection Osborne\u2014une collection notable de livres d\u2019enfants r\u00e9partis dans le syst\u00e8me de biblioth\u00e8que publique de Toronto\u2014et de l\u2019Institut Militaire Royal Canadien, un club avec une biblioth\u00e8que consid\u00e9rable de toute chose militaire, \u00e9galement situ\u00e9e \u00e0 Toronto.<\/p>\n<\/div><\/section><\/p><\/div>\n<\/div><\/div><\/div><!-- close content main div --><\/div><\/div><div id='after_section_2'  class='main_color av_default_container_wrap container_wrap sidebar_right'  ><div class='container av-section-cont-open' ><div class='template-page content  av-content-small alpha units'><div class='post-entry post-entry-type-page post-entry-2093'><div class='entry-content-wrapper clearfix'><\/p>\n","protected":false},"excerpt":{"rendered":"","protected":false},"author":1,"featured_media":0,"parent":0,"menu_order":0,"comment_status":"closed","ping_status":"closed","template":"","meta":{"footnotes":""},"class_list":["post-2093","page","type-page","status-publish","hentry"],"_links":{"self":[{"href":"https:\/\/www.monarchist.ca\/fr\/wp-json\/wp\/v2\/pages\/2093","targetHints":{"allow":["GET"]}}],"collection":[{"href":"https:\/\/www.monarchist.ca\/fr\/wp-json\/wp\/v2\/pages"}],"about":[{"href":"https:\/\/www.monarchist.ca\/fr\/wp-json\/wp\/v2\/types\/page"}],"author":[{"embeddable":true,"href":"https:\/\/www.monarchist.ca\/fr\/wp-json\/wp\/v2\/users\/1"}],"replies":[{"embeddable":true,"href":"https:\/\/www.monarchist.ca\/fr\/wp-json\/wp\/v2\/comments?post=2093"}],"version-history":[{"count":0,"href":"https:\/\/www.monarchist.ca\/fr\/wp-json\/wp\/v2\/pages\/2093\/revisions"}],"wp:attachment":[{"href":"https:\/\/www.monarchist.ca\/fr\/wp-json\/wp\/v2\/media?parent=2093"}],"curies":[{"name":"wp","href":"https:\/\/api.w.org\/{rel}","templated":true}]}}