{"id":2099,"date":"2022-10-06T17:30:03","date_gmt":"2022-10-06T17:30:03","guid":{"rendered":"http:\/\/new.monarchist.ca\/?page_id=2099"},"modified":"2023-04-22T20:59:02","modified_gmt":"2023-04-22T20:59:02","slug":"le-prince-et-la-princesse-de-wales-william-et-catherine","status":"publish","type":"page","link":"https:\/\/www.monarchist.ca\/fr\/le-prince-et-la-princesse-de-wales-william-et-catherine\/","title":{"rendered":"Le prince et la princesse de Wales (William et Catherine)"},"content":{"rendered":"<div id='full_slider_1'  class='avia-fullwidth-slider main_color avia-shadow   avia-builder-el-0  el_before_av_button_big  avia-builder-el-first   container_wrap sidebar_right'  ><div  class='avia-slideshow av-lassghr4-0459da31a0aadd4498d706860da7c897 avia-slideshow-featured_large av_slideshow_full avia-fade-slider av-slideshow-ui av-control-default av-slideshow-manual av-loop-once av-loop-manual-endless av-default-height-applied   avia-slideshow-1' data-slideshow-options=\"{&quot;animation&quot;:&quot;fade&quot;,&quot;autoplay&quot;:false,&quot;loop_autoplay&quot;:&quot;once&quot;,&quot;interval&quot;:5,&quot;loop_manual&quot;:&quot;manual-endless&quot;,&quot;autoplay_stopper&quot;:false,&quot;noNavigation&quot;:false,&quot;bg_slider&quot;:false,&quot;keep_padding&quot;:false,&quot;hoverpause&quot;:false,&quot;show_slide_delay&quot;:0}\"  itemprop=\"image\" itemscope=\"itemscope\" itemtype=\"https:\/\/schema.org\/ImageObject\" ><ul class='avia-slideshow-inner ' style='padding-bottom: 42%;'><li  class='avia-slideshow-slide av-lassghr4-0459da31a0aadd4498d706860da7c897__0  av-single-slide slide-1 slide-odd'><div data-rel='slideshow-1' class='avia-slide-wrap '   ><img decoding=\"async\" class=\"wp-image-1899 avia-img-lazy-loading-not-1899\"  src=\"https:\/\/www.monarchist.ca\/wp-content\/uploads\/2023\/03\/william_kate_george_al_banner2_1500x630-1500x630.jpg\" width=\"1500\" height=\"630\" title='London, UK, 10th July 2022: HRH Catherine (L-R), Duchess of Cambridge, Prince Louis of Cambridge and Prince William during the men\u00b4s final at the 2022 Wimbledon Championships at the All England Lawn Tennis and Croquet Club in London. Credit: Frank Molter' alt=''  itemprop=\"thumbnailUrl\" srcset=\"https:\/\/www.monarchist.ca\/wp-content\/uploads\/2023\/03\/william_kate_george_al_banner2_1500x630.jpg 1500w, https:\/\/www.monarchist.ca\/wp-content\/uploads\/2023\/03\/william_kate_george_al_banner2_1500x630-300x126.jpg 300w, https:\/\/www.monarchist.ca\/wp-content\/uploads\/2023\/03\/william_kate_george_al_banner2_1500x630-1030x433.jpg 1030w, https:\/\/www.monarchist.ca\/wp-content\/uploads\/2023\/03\/william_kate_george_al_banner2_1500x630-768x323.jpg 768w, https:\/\/www.monarchist.ca\/wp-content\/uploads\/2023\/03\/william_kate_george_al_banner2_1500x630-705x296.jpg 705w, https:\/\/www.monarchist.ca\/wp-content\/uploads\/2023\/03\/william_kate_george_al_banner2_1500x630-450x189.jpg 450w, https:\/\/www.monarchist.ca\/wp-content\/uploads\/2023\/03\/william_kate_george_al_banner2_1500x630-600x252.jpg 600w\" sizes=\"(max-width: 1500px) 100vw, 1500px\" \/><\/div><\/li><\/ul><\/div><\/div>\n<div  class='avia-button-wrap avia-button-center  avia-builder-el-1  el_after_av_slideshow_full  el_before_av_textblock '>\n<style type=\"text\/css\" data-created_by=\"avia_inline_auto\" id=\"style-css-av-9aeo0-ced201355d58d5cbe4bc5f3985cceaf1\">\n#top #wrap_all .avia-button.av-9aeo0-ced201355d58d5cbe4bc5f3985cceaf1{\nbackground-color:#d22424;\nborder-color:#d22424;\n-webkit-transition:all 0.4s ease-in-out;\n-moz-transition:all 0.4s ease-in-out;\n-ms-transition:all 0.4s ease-in-out;\n-o-transition:all 0.4s ease-in-out;\ntransition:all 0.4s ease-in-out;\nfont-size:20px;\npadding:20px 20px 20px 20px;\n}\n#top #wrap_all .avia-button.av-9aeo0-ced201355d58d5cbe4bc5f3985cceaf1:hover{\nbackground-color:red;\ncolor:white;\n-webkit-transition:all 0.4s ease-in-out;\n-moz-transition:all 0.4s ease-in-out;\n-ms-transition:all 0.4s ease-in-out;\n-o-transition:all 0.4s ease-in-out;\ntransition:all 0.4s ease-in-out;\n}\n<\/style>\n<a href='https:\/\/www.monarchist.ca\/fr\/free-trial\/' class='avia-font-color-theme-color avia-button avia-button-fullwidth av-9aeo0-ced201355d58d5cbe4bc5f3985cceaf1 avia-icon_select-no avia-color-custom'  ><span class='avia_iconbox_title' >Offre d\u2019adh\u00e9sion gratuite<\/span><\/a><\/div>\n<section  class='av_textblock_section av-lasshemg-52dd44ce2ba6792f6ac82e2c940a0728'  itemscope=\"itemscope\" itemtype=\"https:\/\/schema.org\/CreativeWork\" ><div class='avia_textblock'  itemprop=\"text\" ><h2>Le prince et la princesse de Galles<\/h2>\n<hr \/>\n<\/div><\/section>\n<div class='flex_column av-387mfc-f2a4ceeab26e082392591ff974acc2c7 av_two_third  avia-builder-el-3  el_after_av_textblock  el_before_av_one_third  first flex_column_div column-top-margin'     ><section  class='av_textblock_section av-lassi0yq-6c92924a5422ce6deaf06489d5f5db01'  itemscope=\"itemscope\" itemtype=\"https:\/\/schema.org\/CreativeWork\" ><div class='avia_textblock'  itemprop=\"text\" ><h4>William et Catherine, le Prince George, la princesse Charlotte &amp; le prince Louis<\/h4>\n<p>Les Canadiens se sont joints au Commonwealth et au monde entier pour c\u00e9l\u00e9brer les fian\u00e7ailles, puis le mariage royal du fils a\u00een\u00e9 de Charles, le prince William, avec Catherine Middleton le 29 avril 2011. Quelques mois plus tard, la tourn\u00e9e royale la plus exub\u00e9rante de l&rsquo;histoire du Canada \u2013 et la premi\u00e8re tourn\u00e9e du couple \u00e0 l&rsquo;\u00e9tranger \u2013 a eu lieu alors que le duc et la duchesse de Cambridge \u2013 universellement et affectueusement appel\u00e9s William et Kate \u2013 se sont rendus dans de nombreuses r\u00e9gions du Canada du 30 juin au 8 juillet. Des foules massives les ont salu\u00e9s partout, r\u00e9pondant \u00e0 la fois aux \u00e9l\u00e9ments dignes et amusants du programme, avec plus d&rsquo;un million de personnes se rassemblant pour les accueillir \u00e0 Ottawa et \u00e0 Calgary\u00a0! La tourn\u00e9e \u00e9tait d&rsquo;autant plus importante en tant qu&rsquo;encouragement \u00e0 l&rsquo;unit\u00e9 nationale que les TRH ont re\u00e7u un accueil chaleureux au Qu\u00e9bec.<\/p>\n<p>Le retour au Canada de William et Catherine \u00e0 l&rsquo;automne 2016 pour une tourn\u00e9e en Colombie-Britannique et au Yukon n&rsquo;a pas suscit\u00e9 moins d&rsquo;enthousiasme, les lieux choisis refl\u00e9tant le r\u00f4le de William en tant que garde forestier canadien honoraire. Le retour au pays renforce encore les liens de l&rsquo;h\u00e9ritier avec le Canada, qui ont commenc\u00e9 lorsqu&rsquo;en 1998, lui et son fr\u00e8re le prince Harry avaient ski\u00e9 avec leur p\u00e8re \u00e0 Whistler, en Colombie-Britannique, apr\u00e8s une journ\u00e9e d&rsquo;engagements \u00e0 Vancouver.<\/p>\n<\/div><\/section><\/div><div class='flex_column av-baoio-9e9f63e0a710bacc3026a5a56778fab9 av_one_third  avia-builder-el-5  el_after_av_two_third  avia-builder-el-last  flex_column_div column-top-margin'     ><p>\n<style type=\"text\/css\" data-created_by=\"avia_inline_auto\" id=\"style-css-av-lassm3ih-ec9b802597e1f9173dacd7fe4813790f\">\n#top .hr.hr-invisible.av-lassm3ih-ec9b802597e1f9173dacd7fe4813790f{\nheight:50px;\n}\n<\/style>\n<div  class='hr av-lassm3ih-ec9b802597e1f9173dacd7fe4813790f hr-invisible  avia-builder-el-6  el_before_av_image  avia-builder-el-first '><span class='hr-inner '><span class=\"hr-inner-style\"><\/span><\/span><\/div><br \/>\n\n<style type=\"text\/css\" data-created_by=\"avia_inline_auto\" id=\"style-css-av-lassl8xl-12c6ddff8d6bc495712e6fd37c3e4bb6\">\n.avia-image-container.av-lassl8xl-12c6ddff8d6bc495712e6fd37c3e4bb6 img.avia_image{\nbox-shadow:none;\n}\n.avia-image-container.av-lassl8xl-12c6ddff8d6bc495712e6fd37c3e4bb6 .av-image-caption-overlay-center{\ncolor:#ffffff;\n}\n<\/style>\n<div  class='avia-image-container av-lassl8xl-12c6ddff8d6bc495712e6fd37c3e4bb6 av-styling- avia-align-center  avia-builder-el-7  el_after_av_hr  el_before_av_textblock '   itemprop=\"image\" itemscope=\"itemscope\" itemtype=\"https:\/\/schema.org\/ImageObject\" ><div class=\"avia-image-container-inner\"><div class=\"avia-image-overlay-wrap\"><img decoding=\"async\" class='wp-image-1897 avia-img-lazy-loading-not-1897 avia_image ' src=\"https:\/\/www.monarchist.ca\/wp-content\/uploads\/2023\/03\/william_kate_2016_bc_al-300x294.jpg\" alt='' title='Britain&#039;s Prince William and Catherine, Duchess of Cambridge, react while sampling food during the Taste of British Columbia event at Mission Hill winery in Kelowna, British Columbia, Canada, September 27, 2016. REUTERS\/Chris Wattie'  height=\"294\" width=\"300\"  itemprop=\"thumbnailUrl\" srcset=\"https:\/\/www.monarchist.ca\/wp-content\/uploads\/2023\/03\/william_kate_2016_bc_al-300x294.jpg 300w, https:\/\/www.monarchist.ca\/wp-content\/uploads\/2023\/03\/william_kate_2016_bc_al-36x36.jpg 36w, https:\/\/www.monarchist.ca\/wp-content\/uploads\/2023\/03\/william_kate_2016_bc_al.jpg 370w\" sizes=\"(max-width: 300px) 100vw, 300px\" \/><\/div><\/div><\/div><br \/>\n\n<style type=\"text\/css\" data-created_by=\"avia_inline_auto\" id=\"style-css-av-lasslqdn-9173b804910a0d9e6c2e6c6bff1b99dd\">\n#top .av_textblock_section.av-lasslqdn-9173b804910a0d9e6c2e6c6bff1b99dd .avia_textblock{\ncolor:#ce0000;\n}\n<\/style>\n<section  class='av_textblock_section av-lasslqdn-9173b804910a0d9e6c2e6c6bff1b99dd'  itemscope=\"itemscope\" itemtype=\"https:\/\/schema.org\/CreativeWork\" ><div class='avia_textblock av_inherit_color'  itemprop=\"text\" ><p style=\"text-align: center;\">William et Catherine lors de leur retour au Canada en 2016<\/p>\n<\/div><\/section><\/p><\/div><\/p>\n","protected":false},"excerpt":{"rendered":"","protected":false},"author":1,"featured_media":0,"parent":0,"menu_order":0,"comment_status":"closed","ping_status":"closed","template":"","meta":{"footnotes":""},"class_list":["post-2099","page","type-page","status-publish","hentry"],"_links":{"self":[{"href":"https:\/\/www.monarchist.ca\/fr\/wp-json\/wp\/v2\/pages\/2099","targetHints":{"allow":["GET"]}}],"collection":[{"href":"https:\/\/www.monarchist.ca\/fr\/wp-json\/wp\/v2\/pages"}],"about":[{"href":"https:\/\/www.monarchist.ca\/fr\/wp-json\/wp\/v2\/types\/page"}],"author":[{"embeddable":true,"href":"https:\/\/www.monarchist.ca\/fr\/wp-json\/wp\/v2\/users\/1"}],"replies":[{"embeddable":true,"href":"https:\/\/www.monarchist.ca\/fr\/wp-json\/wp\/v2\/comments?post=2099"}],"version-history":[{"count":0,"href":"https:\/\/www.monarchist.ca\/fr\/wp-json\/wp\/v2\/pages\/2099\/revisions"}],"wp:attachment":[{"href":"https:\/\/www.monarchist.ca\/fr\/wp-json\/wp\/v2\/media?parent=2099"}],"curies":[{"name":"wp","href":"https:\/\/api.w.org\/{rel}","templated":true}]}}