{"id":2136,"date":"2022-10-06T17:22:30","date_gmt":"2022-10-06T17:22:30","guid":{"rendered":"http:\/\/new.monarchist.ca\/?page_id=2136"},"modified":"2024-07-28T23:46:21","modified_gmt":"2024-07-28T23:46:21","slug":"le-cout-de-la-couronne","status":"publish","type":"page","link":"https:\/\/www.monarchist.ca\/fr\/le-cout-de-la-couronne\/","title":{"rendered":"Le cout de la Couronne"},"content":{"rendered":"<div id='full_slider_1'  class='avia-fullwidth-slider main_color avia-shadow   avia-builder-el-0  el_before_av_button_big  avia-builder-el-first   container_wrap sidebar_right'  ><div  class='avia-slideshow av-lau6p6es-e1221b47bc5f5baefb0cbd110bc19af1 avia-slideshow-featured_large av_slideshow_full avia-fade-slider av-slideshow-ui av-control-default av-slideshow-manual av-loop-once av-loop-manual-endless av-default-height-applied   avia-slideshow-1' data-slideshow-options=\"{&quot;animation&quot;:&quot;fade&quot;,&quot;autoplay&quot;:false,&quot;loop_autoplay&quot;:&quot;once&quot;,&quot;interval&quot;:5,&quot;loop_manual&quot;:&quot;manual-endless&quot;,&quot;autoplay_stopper&quot;:false,&quot;noNavigation&quot;:false,&quot;bg_slider&quot;:false,&quot;keep_padding&quot;:false,&quot;hoverpause&quot;:false,&quot;show_slide_delay&quot;:0}\"  itemprop=\"image\" itemscope=\"itemscope\" itemtype=\"https:\/\/schema.org\/ImageObject\" ><ul class='avia-slideshow-inner ' style='padding-bottom: 42%;'><li  class='avia-slideshow-slide av-lau6p6es-e1221b47bc5f5baefb0cbd110bc19af1__0  av-single-slide slide-1 slide-odd'><div data-rel='slideshow-1' class='avia-slide-wrap '   ><img decoding=\"async\" class=\"wp-image-1619 avia-img-lazy-loading-not-1619\"  src=\"https:\/\/www.monarchist.ca\/wp-content\/uploads\/2022\/11\/queen-canada-mythslide-1500x630.jpg\" width=\"1500\" height=\"630\" title='queen-canada-mythslide' alt=''  itemprop=\"thumbnailUrl\"   \/><\/div><\/li><\/ul><\/div><\/div>\n<div  class='avia-button-wrap avia-button-center  avia-builder-el-1  el_after_av_slideshow_full  el_before_av_textblock '>\n<style type=\"text\/css\" data-created_by=\"avia_inline_auto\" id=\"style-css-av-wfte-d20347689b192fb104dd37ac0ea43de4\">\n#top #wrap_all .avia-button.av-wfte-d20347689b192fb104dd37ac0ea43de4{\nbackground-color:#d22424;\nborder-color:#d22424;\n-webkit-transition:all 0.4s ease-in-out;\n-moz-transition:all 0.4s ease-in-out;\n-ms-transition:all 0.4s ease-in-out;\n-o-transition:all 0.4s ease-in-out;\ntransition:all 0.4s ease-in-out;\nfont-size:20px;\npadding:20px 20px 20px 20px;\n}\n#top #wrap_all .avia-button.av-wfte-d20347689b192fb104dd37ac0ea43de4:hover{\nbackground-color:red;\ncolor:white;\n-webkit-transition:all 0.4s ease-in-out;\n-moz-transition:all 0.4s ease-in-out;\n-ms-transition:all 0.4s ease-in-out;\n-o-transition:all 0.4s ease-in-out;\ntransition:all 0.4s ease-in-out;\n}\n<\/style>\n<a href='https:\/\/www.monarchist.ca\/fr\/free-trial\/' class='avia-font-color-theme-color avia-button avia-button-fullwidth av-wfte-d20347689b192fb104dd37ac0ea43de4 avia-icon_select-no avia-color-custom'  ><span class='avia_iconbox_title' >Offre d\u2019adh\u00e9sion gratuite<\/span><\/a><\/div>\n\n<style type=\"text\/css\" data-created_by=\"avia_inline_auto\" id=\"style-css-av-lau6pscq-4ca47bdcd561004da80ccddd10b5353f\">\n#top .av_textblock_section.av-lau6pscq-4ca47bdcd561004da80ccddd10b5353f .avia_textblock{\ncolor:#ce0000;\n}\n<\/style>\n<section  class='av_textblock_section av-lau6pscq-4ca47bdcd561004da80ccddd10b5353f'  itemscope=\"itemscope\" itemtype=\"https:\/\/schema.org\/CreativeWork\" ><div class='avia_textblock av_inherit_color'  itemprop=\"text\" ><h1 class=\"page-title\">Le cout de la Couronne<\/h1>\n<hr \/>\n<\/div><\/section>\n<section  class='av_textblock_section av-lau6qewc-29cc283cc3791b6b3a7c092b6e317733'  itemscope=\"itemscope\" itemtype=\"https:\/\/schema.org\/CreativeWork\" ><div class='avia_textblock'  itemprop=\"text\" ><h3>1,61 $ par Canadien par an<\/h3>\n<\/div><\/section>\n\n<style type=\"text\/css\" data-created_by=\"avia_inline_auto\" id=\"style-css-av-lau6qt2s-e216635e8d9d20833b3f2ff4a9809c87\">\n#top .hr.hr-invisible.av-lau6qt2s-e216635e8d9d20833b3f2ff4a9809c87{\nheight:50px;\n}\n<\/style>\n<div  class='hr av-lau6qt2s-e216635e8d9d20833b3f2ff4a9809c87 hr-invisible  avia-builder-el-4  el_after_av_textblock  el_before_av_one_full '><span class='hr-inner '><span class=\"hr-inner-style\"><\/span><\/span><\/div>\n\n<style type=\"text\/css\" data-created_by=\"avia_inline_auto\" id=\"style-css-av-lau6ub8r-865cb4526a43aabbbeac3e0424049238\">\n.flex_column.av-lau6ub8r-865cb4526a43aabbbeac3e0424049238{\n-webkit-border-radius:5px 5px 5px 5px;\n-moz-border-radius:5px 5px 5px 5px;\nborder-radius:5px 5px 5px 5px;\npadding:20px 20px 20px 20px;\nbackground-color:#b02b2c;\n}\n<\/style>\n<div class='flex_column av-lau6ub8r-865cb4526a43aabbbeac3e0424049238 av_one_full  avia-builder-el-5  el_after_av_hr  el_before_av_hr  first flex_column_div '     ><style type=\"text\/css\" data-created_by=\"avia_inline_auto\" id=\"style-css-av-lau6rg4b-0c10967cf6d8f613f6b8c8b5e931c1ec\">\n#top .av_textblock_section.av-lau6rg4b-0c10967cf6d8f613f6b8c8b5e931c1ec .avia_textblock{\ncolor:#ffffff;\n}\n<\/style>\n<section  class='av_textblock_section av-lau6rg4b-0c10967cf6d8f613f6b8c8b5e931c1ec'  itemscope=\"itemscope\" itemtype=\"https:\/\/schema.org\/CreativeWork\" ><div class='avia_textblock av_inherit_color'  itemprop=\"text\" ><p>Les m\u00e9dias et autres sources font souvent de la d\u00e9sinformation au sujet du co\u00fbt pr\u00e9sum\u00e9 de la Couronne canadienne, en sous-entendant que les taxes des Canadiens vont au Roi ou payent les l&rsquo;entretient des palais royaux. La v\u00e9rit\u00e9 est bien diff\u00e9rente: mis \u00e0 part les frais mineurs des tourn\u00e9es royales officielles, tout le budget de la Couronne au Canada est d\u00e9di\u00e9 aux repr\u00e9sentants canadiens de Sa Majest\u00e9 (le Gouverneur g\u00e9n\u00e9ral et les Lieutenants gouverneurs), ainsi qu&rsquo;\u00e0 l&rsquo;entretient des r\u00e9sidences historiques o\u00f9 ils travaillent et parfois habitent.<\/p>\n<p>Vous pouvez faire d\u00e9filer le texte pour lire l&rsquo;int\u00e9gralit\u00e9 de l&rsquo;\u00e9tude, ou demander un exemplaire imprim\u00e9 \u00e0 la Ligue.<\/p>\n<\/div><\/section><\/div>\n\n<style type=\"text\/css\" data-created_by=\"avia_inline_auto\" id=\"style-css-av-xa7u-a6e527aea8968fb8389378e0bb26c7f7\">\n#top .hr.hr-invisible.av-xa7u-a6e527aea8968fb8389378e0bb26c7f7{\nheight:50px;\n}\n<\/style>\n<div  class='hr av-xa7u-a6e527aea8968fb8389378e0bb26c7f7 hr-invisible  avia-builder-el-7  el_after_av_one_full  el_before_av_textblock '><span class='hr-inner '><span class=\"hr-inner-style\"><\/span><\/span><\/div>\n<section  class='av_textblock_section av-ld1wtm1y-36f9eec0b53f54283d18bd01652684aa'  itemscope=\"itemscope\" itemtype=\"https:\/\/schema.org\/CreativeWork\" ><div class='avia_textblock'  itemprop=\"text\" ><p><iframe loading=\"lazy\" src=\"https:\/\/www.monarchist.ca\/wp-content\/uploads\/2024\/06\/Cost_of_the_Crown_Summer_2024.pdf\" width=\"100%\" height=\"750px\" data-mce-fragment=\"1\"><\/iframe><\/p>\n<\/div><\/section>\n","protected":false},"excerpt":{"rendered":"","protected":false},"author":1,"featured_media":0,"parent":0,"menu_order":0,"comment_status":"closed","ping_status":"closed","template":"","meta":{"footnotes":""},"class_list":["post-2136","page","type-page","status-publish","hentry"],"_links":{"self":[{"href":"https:\/\/www.monarchist.ca\/fr\/wp-json\/wp\/v2\/pages\/2136","targetHints":{"allow":["GET"]}}],"collection":[{"href":"https:\/\/www.monarchist.ca\/fr\/wp-json\/wp\/v2\/pages"}],"about":[{"href":"https:\/\/www.monarchist.ca\/fr\/wp-json\/wp\/v2\/types\/page"}],"author":[{"embeddable":true,"href":"https:\/\/www.monarchist.ca\/fr\/wp-json\/wp\/v2\/users\/1"}],"replies":[{"embeddable":true,"href":"https:\/\/www.monarchist.ca\/fr\/wp-json\/wp\/v2\/comments?post=2136"}],"version-history":[{"count":3,"href":"https:\/\/www.monarchist.ca\/fr\/wp-json\/wp\/v2\/pages\/2136\/revisions"}],"predecessor-version":[{"id":3122,"href":"https:\/\/www.monarchist.ca\/fr\/wp-json\/wp\/v2\/pages\/2136\/revisions\/3122"}],"wp:attachment":[{"href":"https:\/\/www.monarchist.ca\/fr\/wp-json\/wp\/v2\/media?parent=2136"}],"curies":[{"name":"wp","href":"https:\/\/api.w.org\/{rel}","templated":true}]}}