{"id":2191,"date":"2022-10-06T21:09:49","date_gmt":"2022-10-06T21:09:49","guid":{"rendered":"http:\/\/new.monarchist.ca\/?page_id=2191"},"modified":"2023-04-22T22:06:39","modified_gmt":"2023-04-22T22:06:39","slug":"les-forces-armees-canadiennes","status":"publish","type":"page","link":"https:\/\/www.monarchist.ca\/fr\/les-forces-armees-canadiennes\/","title":{"rendered":"Les Forces Arm\u00e9es Canadiennes"},"content":{"rendered":"<div id='full_slider_1'  class='avia-fullwidth-slider main_color avia-shadow   avia-builder-el-0  el_before_av_button_big  avia-builder-el-first   container_wrap sidebar_right'  ><div  class='avia-slideshow av-lawozrrs-9f8d47b0828aa7cf2bc5f39f3cbb511e avia-slideshow-featured_large av_slideshow_full avia-fade-slider av-slideshow-ui av-control-default av-slideshow-manual av-loop-once av-loop-manual-endless av-default-height-applied   avia-slideshow-1' data-slideshow-options=\"{&quot;animation&quot;:&quot;fade&quot;,&quot;autoplay&quot;:false,&quot;loop_autoplay&quot;:&quot;once&quot;,&quot;interval&quot;:5,&quot;loop_manual&quot;:&quot;manual-endless&quot;,&quot;autoplay_stopper&quot;:false,&quot;noNavigation&quot;:false,&quot;bg_slider&quot;:false,&quot;keep_padding&quot;:false,&quot;hoverpause&quot;:false,&quot;show_slide_delay&quot;:0}\"  itemprop=\"image\" itemscope=\"itemscope\" itemtype=\"https:\/\/schema.org\/ImageObject\" ><ul class='avia-slideshow-inner ' style='padding-bottom: 42%;'><li  class='avia-slideshow-slide av-lawozrrs-9f8d47b0828aa7cf2bc5f39f3cbb511e__0  av-single-slide slide-1 slide-odd'><div data-rel='slideshow-1' class='avia-slide-wrap '   ><div class='av-slideshow-caption av-lawozrrs-9f8d47b0828aa7cf2bc5f39f3cbb511e__0 caption_fullwidth caption_bottom'><div class=\"container caption_container\"><div class=\"slideshow_caption\"><div class=\"slideshow_inner_caption\"><div class=\"slideshow_align_caption\"><h2 class='avia-caption-title '  itemprop=\"name\" >Les Forces Arm\u00e9es Canadiennes<\/h2><\/div><\/div><\/div><\/div><\/div><img decoding=\"async\" class=\"wp-image-1652 avia-img-lazy-loading-not-1652\"  src=\"https:\/\/www.monarchist.ca\/wp-content\/uploads\/2022\/11\/princephiliprcr-1500x630.jpg\" width=\"1500\" height=\"630\" title='princephiliprcr' alt=''  itemprop=\"thumbnailUrl\"   \/><\/div><\/li><\/ul><\/div><\/div>\n<div  class='avia-button-wrap avia-button-center  avia-builder-el-1  el_after_av_slideshow_full  el_before_av_textblock '>\n<style type=\"text\/css\" data-created_by=\"avia_inline_auto\" id=\"style-css-av-21nfiz-b9b699543679a640458df7b71f2bf53b\">\n#top #wrap_all .avia-button.av-21nfiz-b9b699543679a640458df7b71f2bf53b{\nbackground-color:#d22424;\nborder-color:#d22424;\n-webkit-transition:all 0.4s ease-in-out;\n-moz-transition:all 0.4s ease-in-out;\n-ms-transition:all 0.4s ease-in-out;\n-o-transition:all 0.4s ease-in-out;\ntransition:all 0.4s ease-in-out;\nfont-size:20px;\npadding:20px 20px 20px 20px;\n}\n#top #wrap_all .avia-button.av-21nfiz-b9b699543679a640458df7b71f2bf53b:hover{\nbackground-color:red;\ncolor:white;\n-webkit-transition:all 0.4s ease-in-out;\n-moz-transition:all 0.4s ease-in-out;\n-ms-transition:all 0.4s ease-in-out;\n-o-transition:all 0.4s ease-in-out;\ntransition:all 0.4s ease-in-out;\n}\n<\/style>\n<a href='https:\/\/www.monarchist.ca\/fr\/free-trial\/' class='avia-font-color-theme-color avia-button avia-button-fullwidth av-21nfiz-b9b699543679a640458df7b71f2bf53b avia-icon_select-no avia-color-custom'  ><span class='avia_iconbox_title' >Offre d\u2019adh\u00e9sion gratuite<\/span><\/a><\/div>\n\n<style type=\"text\/css\" data-created_by=\"avia_inline_auto\" id=\"style-css-av-lawolyyt-e1a2d77cac3473ae38fef06d5d7d4ef1\">\n#top .av_textblock_section.av-lawolyyt-e1a2d77cac3473ae38fef06d5d7d4ef1 .avia_textblock{\ncolor:#ce0000;\n}\n<\/style>\n<section  class='av_textblock_section av-lawolyyt-e1a2d77cac3473ae38fef06d5d7d4ef1'  itemscope=\"itemscope\" itemtype=\"https:\/\/schema.org\/CreativeWork\" ><div class='avia_textblock av_inherit_color'  itemprop=\"text\" ><h1 class=\"page-title\">La Couronne et les Forces Arm\u00e9es Canadiennes<\/h1>\n<hr \/>\n<\/div><\/section>\n<div class='flex_column av-1cveb-168bc86bb58338cdf00a4134e5546c74 av_one_half  avia-builder-el-3  el_after_av_textblock  el_before_av_one_half  first flex_column_div column-top-margin'     ><section  class='av_textblock_section av-lawom5lr-81781d80c70b3b7c203271d6d5073e32'  itemscope=\"itemscope\" itemtype=\"https:\/\/schema.org\/CreativeWork\" ><div class='avia_textblock'  itemprop=\"text\" ><p>Les Forces arm\u00e9es canadiennes (FC) comprennent l&rsquo;Arm\u00e9e canadienne et ses divers r\u00e9giments (groupes de soldats travaillant en \u00e9quipes), la Marine royale canadienne et l&rsquo;Aviation royale canadienne. Ces hommes et ces femmes courageux m\u00e9ritent notre plus grande admiration; ils se battent parfois contre nos ennemis et accomplissent souvent le travail (non moins dangereux) de maintient de la paix.<\/p>\n<p>Naturellement, les FC ob\u00e9issent au gouvernement que nous avons \u00e9lu. Ils sont cependant conscients que leurs armes n&rsquo;ont pas pour but de dire aux Canadiens quoi faire ni pour qui voter. Leur loyaut\u00e9 est donc \u00e0 la Reine, qui nous repr\u00e9sente tous, plut\u00f4t qu&rsquo;\u00e0 tel parti ou id\u00e9ologie politique.<\/p>\n<p>C&rsquo;est pour cette raison que tant d&rsquo;unit\u00e9s des FC contiennent le mot \u00ab\u00a0Royal\u00a0\u00bb, que les navires de la MRC s&rsquo;intitulent \u00ab\u00a0Navire Canadien de Sa Majest\u00e9\u00a0\u00bb et que nos soldats, marins et \u00e9quipages de l&rsquo;air pr\u00eatent leur serment solennel au Roi et non au Premier ministre ou au gouvernement. Pour aussi pour cela la Couronne est visible sur les uniformes, les \u00e9quipements et les drapeaux militaires.<\/p>\n<p>De nombreux membres de la Famille royale sont Colonels-en-chef des diff\u00e9rentes unit\u00e9s des FC. Ce r\u00f4le, parfois d\u00e9fini par \u00abl&rsquo;esprit du r\u00e9giment\u00bb, donne \u00e0 l&rsquo;unit\u00e9 un sentiment unique de fiert\u00e9 et de motivation. Il peut \u00eatre compar\u00e9 \u00e0 la relation sp\u00e9ciale que tu as avec un membre plus \u00e2g\u00e9 de ta famille que tu respectes particuli\u00e8rement, ou ton enseignant pr\u00e9f\u00e9r\u00e9 qui te motive \u00e0 travailler dur. Ces personnes montrent l&rsquo;exemple que tu aimerais suivre et sont source d&rsquo;inspiration.<\/p>\n<\/div><\/section><\/div><div class='flex_column av-7c6xv-64822296e236b4b759e7be17c15cf7d7 av_one_half  avia-builder-el-5  el_after_av_one_half  el_before_av_section  avia-builder-el-last  flex_column_div column-top-margin'     ><style type=\"text\/css\" data-created_by=\"avia_inline_auto\" id=\"style-css-av-lawomu46-ff715ff9e758cc1f6ef45c700371ed53\">\n.avia-image-container.av-lawomu46-ff715ff9e758cc1f6ef45c700371ed53 img.avia_image{\nbox-shadow:none;\n}\n.avia-image-container.av-lawomu46-ff715ff9e758cc1f6ef45c700371ed53 .av-image-caption-overlay-center{\ncolor:#ffffff;\n}\n<\/style>\n<div  class='avia-image-container av-lawomu46-ff715ff9e758cc1f6ef45c700371ed53 av-styling- avia-align-center  avia-builder-el-6  avia-builder-el-no-sibling '   itemprop=\"image\" itemscope=\"itemscope\" itemtype=\"https:\/\/schema.org\/ImageObject\" ><div class=\"avia-image-container-inner\"><div class=\"avia-image-overlay-wrap\"><img decoding=\"async\" class='wp-image-1650 avia-img-lazy-loading-not-1650 avia_image ' src=\"https:\/\/www.monarchist.ca\/wp-content\/uploads\/2022\/11\/royalcanadianairforce.jpg\" alt='' title='royalcanadianairforce'  height=\"355\" width=\"370\"  itemprop=\"thumbnailUrl\" srcset=\"https:\/\/www.monarchist.ca\/wp-content\/uploads\/2022\/11\/royalcanadianairforce.jpg 370w, https:\/\/www.monarchist.ca\/wp-content\/uploads\/2022\/11\/royalcanadianairforce-300x288.jpg 300w, https:\/\/www.monarchist.ca\/wp-content\/uploads\/2022\/11\/royalcanadianairforce-36x36.jpg 36w\" sizes=\"(max-width: 370px) 100vw, 370px\" \/><\/div><\/div><\/div><\/div><\/p>\n<\/div><\/div><\/div><!-- close content main div --><\/div><\/div>\n<style type=\"text\/css\" data-created_by=\"avia_inline_auto\" id=\"style-css-av-lawoqpon-9dd31fc1f72be2c1fde4b0706f49b69a\">\n.avia-section.av-lawoqpon-9dd31fc1f72be2c1fde4b0706f49b69a{\nbackground-repeat:no-repeat;\nbackground-image:url(https:\/\/www.monarchist.ca\/wp-content\/uploads\/2022\/11\/vimyridge.jpg);\nbackground-position:50% 50%;\nbackground-attachment:scroll;\n}\n<\/style>\n<div id='av_section_1'  class='avia-section av-lawoqpon-9dd31fc1f72be2c1fde4b0706f49b69a main_color avia-section-default avia-no-border-styling  avia-builder-el-7  el_after_av_one_half  avia-builder-el-last  avia-full-stretch avia-bg-style-scroll av-minimum-height av-minimum-height-50  container_wrap sidebar_right'  data-section-bg-repeat='stretch' data-av_minimum_height_pc='50'><div class='container av-section-cont-open' ><div class='template-page content  av-content-small alpha units'><div class='post-entry post-entry-type-page post-entry-2191'><div class='entry-content-wrapper clearfix'>\n\n<style type=\"text\/css\" data-created_by=\"avia_inline_auto\" id=\"style-css-av-lawosndj-4c6997913f5c270760e26e4811e732b0\">\n.flex_column.av-lawosndj-4c6997913f5c270760e26e4811e732b0{\n-webkit-border-radius:10px 10px 10px 10px;\n-moz-border-radius:10px 10px 10px 10px;\nborder-radius:10px 10px 10px 10px;\npadding:20px 20px 20px 20px;\nbackground-color:#ffffff;\n}\n<\/style>\n<div class='flex_column av-lawosndj-4c6997913f5c270760e26e4811e732b0 av_one_half  avia-builder-el-8  avia-builder-el-no-sibling  first flex_column_div '     ><section  class='av_textblock_section av-lawot8tm-c489bcfcc354e1821193830ac1ace4b2'  itemscope=\"itemscope\" itemtype=\"https:\/\/schema.org\/CreativeWork\" ><div class='avia_textblock'  itemprop=\"text\" ><div id=\"vimy-ridge\">\n<h3>Vimy ou l&rsquo;\u00c9volution de l&rsquo;Identit\u00e9 Canadienne<\/h3>\n<\/div>\n<\/div><\/section><br \/>\n<section  class='av_textblock_section av-laworyr7-c29db8142d4f0e18f147dc19494018e7'  itemscope=\"itemscope\" itemtype=\"https:\/\/schema.org\/CreativeWork\" ><div class='avia_textblock'  itemprop=\"text\" ><p>La bataille de la cr\u00eate de Vimy (du 9 au 12 Avril 1917) est consid\u00e9r\u00e9e par beaucoup comme un tournant dans l&rsquo;histoire du Canada en tant que jeune nation. Plus de 10 600 soldats canadiens furent bless\u00e9 au cours de la bataille, et 3 598 y perdirent la vie. Au total, 600 000 Canadiens particip\u00e8rent \u00e0 la Premi\u00e8re Guerre mondiale. Quatre Canadiens re\u00e7urent la Croix de Victoria pour leurs efforts h\u00e9ro\u00efques lors de cette bataille.<\/p>\n<p>En 1936, le roi Edouard VIII, dans l&rsquo;un de ses rares faits et gestes de monarque, inaugura le M\u00e9morial de Vimy en France, au sommet de la cote 145. Il fut restaur\u00e9 et inaugur\u00e9 par la reine Elizabeth II le 9 Avril 2007.<\/p>\n<p>Plus d&rsquo;informations sur la bataille de la cr\u00eate de Vimy\u00a0<a href=\"http:\/\/www.museedelaguerre.ca\/cwm\/exhibitions\/vimy\/index_f.shtml\">ici<\/a>.<\/p>\n<\/div><\/section><\/p><\/div>\n<\/div><\/div><\/div><!-- close content main div --><\/div><\/div><div id='after_section_1'  class='main_color av_default_container_wrap container_wrap sidebar_right'  ><div class='container av-section-cont-open' ><div class='template-page content  av-content-small alpha units'><div class='post-entry post-entry-type-page post-entry-2191'><div class='entry-content-wrapper clearfix'>\n","protected":false},"excerpt":{"rendered":"","protected":false},"author":1,"featured_media":0,"parent":0,"menu_order":0,"comment_status":"closed","ping_status":"closed","template":"","meta":{"footnotes":""},"class_list":["post-2191","page","type-page","status-publish","hentry"],"_links":{"self":[{"href":"https:\/\/www.monarchist.ca\/fr\/wp-json\/wp\/v2\/pages\/2191","targetHints":{"allow":["GET"]}}],"collection":[{"href":"https:\/\/www.monarchist.ca\/fr\/wp-json\/wp\/v2\/pages"}],"about":[{"href":"https:\/\/www.monarchist.ca\/fr\/wp-json\/wp\/v2\/types\/page"}],"author":[{"embeddable":true,"href":"https:\/\/www.monarchist.ca\/fr\/wp-json\/wp\/v2\/users\/1"}],"replies":[{"embeddable":true,"href":"https:\/\/www.monarchist.ca\/fr\/wp-json\/wp\/v2\/comments?post=2191"}],"version-history":[{"count":0,"href":"https:\/\/www.monarchist.ca\/fr\/wp-json\/wp\/v2\/pages\/2191\/revisions"}],"wp:attachment":[{"href":"https:\/\/www.monarchist.ca\/fr\/wp-json\/wp\/v2\/media?parent=2191"}],"curies":[{"name":"wp","href":"https:\/\/api.w.org\/{rel}","templated":true}]}}