{"id":2203,"date":"2022-10-06T17:35:20","date_gmt":"2022-10-06T17:35:20","guid":{"rendered":"http:\/\/new.monarchist.ca\/?page_id=2203"},"modified":"2023-04-25T00:07:34","modified_gmt":"2023-04-25T00:07:34","slug":"representants-du-roi-au-canada","status":"publish","type":"page","link":"https:\/\/www.monarchist.ca\/fr\/representants-du-roi-au-canada\/","title":{"rendered":"Repr\u00e9sentants du Roi au Canada"},"content":{"rendered":"<div id='full_slider_1'  class='avia-fullwidth-slider main_color avia-shadow   avia-builder-el-0  el_before_av_button_big  avia-builder-el-first   container_wrap sidebar_right'  ><div  class='avia-slideshow av-lcdx75jq-246e263135d2694273236f2047335900 avia-slideshow-featured_large av_slideshow_full avia-fade-slider av-slideshow-ui av-control-default av-slideshow-manual av-loop-once av-loop-manual-endless av-default-height-applied   avia-slideshow-1' data-slideshow-options=\"{&quot;animation&quot;:&quot;fade&quot;,&quot;autoplay&quot;:false,&quot;loop_autoplay&quot;:&quot;once&quot;,&quot;interval&quot;:5,&quot;loop_manual&quot;:&quot;manual-endless&quot;,&quot;autoplay_stopper&quot;:false,&quot;noNavigation&quot;:false,&quot;bg_slider&quot;:false,&quot;keep_padding&quot;:false,&quot;hoverpause&quot;:false,&quot;show_slide_delay&quot;:0}\"  itemprop=\"image\" itemscope=\"itemscope\" itemtype=\"https:\/\/schema.org\/ImageObject\" ><ul class='avia-slideshow-inner ' style='padding-bottom: 42%;'><li  class='avia-slideshow-slide av-lcdx75jq-246e263135d2694273236f2047335900__0  av-single-slide slide-1 slide-odd'><div data-rel='slideshow-1' class='avia-slide-wrap '   ><div class='av-slideshow-caption av-lcdx75jq-246e263135d2694273236f2047335900__0 caption_fullwidth caption_center'><div class=\"container caption_container\"><div class=\"slideshow_caption\"><div class=\"slideshow_inner_caption\"><div class=\"slideshow_align_caption\"><h2 class='avia-caption-title '  itemprop=\"name\" >Repr\u00e9sentants du Roi au Canada<\/h2><\/div><\/div><\/div><\/div><\/div><img decoding=\"async\" class=\"wp-image-1797 avia-img-lazy-loading-not-1797\"  src=\"https:\/\/www.monarchist.ca\/wp-content\/uploads\/2023\/01\/pierreduchesnesalute-1500x630.jpg\" width=\"1500\" height=\"630\" title='pierreduchesnesalute' alt=''  itemprop=\"thumbnailUrl\"   \/><\/div><\/li><\/ul><\/div><\/div>\n<div  class='avia-button-wrap avia-button-center  avia-builder-el-1  el_after_av_slideshow_full  el_before_av_textblock '>\n<style type=\"text\/css\" data-created_by=\"avia_inline_auto\" id=\"style-css-av-rvxb0-d3cc2f85acd07f1ef6451420b2b4cc0c\">\n#top #wrap_all .avia-button.av-rvxb0-d3cc2f85acd07f1ef6451420b2b4cc0c{\nbackground-color:#d22424;\nborder-color:#d22424;\n-webkit-transition:all 0.4s ease-in-out;\n-moz-transition:all 0.4s ease-in-out;\n-ms-transition:all 0.4s ease-in-out;\n-o-transition:all 0.4s ease-in-out;\ntransition:all 0.4s ease-in-out;\nfont-size:20px;\npadding:20px 20px 20px 20px;\n}\n#top #wrap_all .avia-button.av-rvxb0-d3cc2f85acd07f1ef6451420b2b4cc0c:hover{\nbackground-color:red;\ncolor:white;\n-webkit-transition:all 0.4s ease-in-out;\n-moz-transition:all 0.4s ease-in-out;\n-ms-transition:all 0.4s ease-in-out;\n-o-transition:all 0.4s ease-in-out;\ntransition:all 0.4s ease-in-out;\n}\n<\/style>\n<a href='https:\/\/www.monarchist.ca\/fr\/free-trial\/' class='avia-font-color-theme-color avia-button avia-button-fullwidth av-rvxb0-d3cc2f85acd07f1ef6451420b2b4cc0c avia-icon_select-no avia-color-custom'  ><span class='avia_iconbox_title' >Offre d\u2019adh\u00e9sion gratuite<\/span><\/a><\/div>\n\n<style type=\"text\/css\" data-created_by=\"avia_inline_auto\" id=\"style-css-av-lcdx7r2b-dbc28f1c1df2891eebfd8ec6ea476afb\">\n#top .av_textblock_section.av-lcdx7r2b-dbc28f1c1df2891eebfd8ec6ea476afb .avia_textblock{\ncolor:#ce0000;\n}\n<\/style>\n<section  class='av_textblock_section av-lcdx7r2b-dbc28f1c1df2891eebfd8ec6ea476afb'  itemscope=\"itemscope\" itemtype=\"https:\/\/schema.org\/CreativeWork\" ><div class='avia_textblock av_inherit_color'  itemprop=\"text\" ><h1 class=\"page-title\">Repr\u00e9sentants du Roi au Canada<\/h1>\n<hr \/>\n<\/div><\/section>\n\n<style type=\"text\/css\" data-created_by=\"avia_inline_auto\" id=\"style-css-av-jhgf0-4850ab382a48674b95bc05e08c620097\">\n.flex_column.av-jhgf0-4850ab382a48674b95bc05e08c620097{\n-webkit-border-radius:5px 5px 5px 5px;\n-moz-border-radius:5px 5px 5px 5px;\nborder-radius:5px 5px 5px 5px;\npadding:20px 20px 20px 20px;\nbackground-color:#b02b2c;\n}\n<\/style>\n<div class='flex_column av-jhgf0-4850ab382a48674b95bc05e08c620097 av_one_full  avia-builder-el-3  el_after_av_textblock  el_before_av_section  avia-builder-el-last  first flex_column_div column-top-margin'     ><style type=\"text\/css\" data-created_by=\"avia_inline_auto\" id=\"style-css-av-lcdx87hl-82879132fa752a18a5652e68f99b0694\">\n#top .av_textblock_section.av-lcdx87hl-82879132fa752a18a5652e68f99b0694 .avia_textblock{\ncolor:#ffffff;\n}\n<\/style>\n<section  class='av_textblock_section av-lcdx87hl-82879132fa752a18a5652e68f99b0694'  itemscope=\"itemscope\" itemtype=\"https:\/\/schema.org\/CreativeWork\" ><div class='avia_textblock av_inherit_color'  itemprop=\"text\" ><p>Puisque notre roi est le monarque de 14 pays (\u00ab les royaumes du Commonwealth \u00bb) et ne peut pas \u00eatre au Canada tout le temps, 11 de nos concitoyens canadiens la repr\u00e9sentent au jour le jour : le gouverneur g\u00e9n\u00e9ral et les 10 lieutenants-gouverneurs provinciaux.<\/p>\n<p>Vous pouvez en savoir plus sur ces hommes et ces femmes et leurs fonctions\u00a0ici, et sur le gouverneur g\u00e9n\u00e9ral du Canada\u00a0ici.<\/p>\n<\/div><\/section><\/div>\n<\/div><\/div><\/div><!-- close content main div --><\/div><\/div>\n<style type=\"text\/css\" data-created_by=\"avia_inline_auto\" id=\"style-css-av-lcdx4qdj-7a7f4904dbb1ad140b48f1ed5b2810c6\">\n.avia-section.av-lcdx4qdj-7a7f4904dbb1ad140b48f1ed5b2810c6{\nbackground-color:#ededed;\nbackground-image:unset;\n}\n<\/style>\n<div id='av_section_1'  class='avia-section av-lcdx4qdj-7a7f4904dbb1ad140b48f1ed5b2810c6 main_color avia-section-default avia-no-border-styling  avia-builder-el-5  el_after_av_one_full  avia-builder-el-last  avia-bg-style-scroll container_wrap sidebar_right'  ><div class='container av-section-cont-open' ><div class='template-page content  av-content-small alpha units'><div class='post-entry post-entry-type-page post-entry-2203'><div class='entry-content-wrapper clearfix'>\n<div class='flex_column av-hdlpg-1ea9a4db8049aec4bf6e3b62880950b0 av_one_half  avia-builder-el-6  el_before_av_one_half  avia-builder-el-first  first flex_column_div '     ><section  class='av_textblock_section av-lcdx9kjr-f302e76d6c054776fd2936e263ab4181'  itemscope=\"itemscope\" itemtype=\"https:\/\/schema.org\/CreativeWork\" ><div class='avia_textblock'  itemprop=\"text\" ><h3>Retours Royaux au Canada<\/h3>\n<hr \/>\n<\/div><\/section><br \/>\n<section  class='av_textblock_section av-lcdx9vy8-332d2fe47f98832e9c0cd691e43c6ba1'  itemscope=\"itemscope\" itemtype=\"https:\/\/schema.org\/CreativeWork\" ><div class='avia_textblock'  itemprop=\"text\" ><p>Les membres de la Famille royale visitent souvent le Canada afin de participer aux c\u00e9l\u00e9brations d&rsquo;\u00e9v\u00e9nements majeurs tels que la F\u00eate du Canada, inaugurer un b\u00e2timent important au sein d&rsquo;une communaut\u00e9, visiter les associations et les unit\u00e9s militaires qu&rsquo;ils parrainent, ou apporter leur soutient \u00e0 des causes sociales et caritatives qui leur sont ch\u00e8res.<\/p>\n<p>L&rsquo;on appelle ces tourn\u00e9es \u00ab\u00a0retours\u00a0\u00bb pour une raison tr\u00e8s simple: notre Famille royale ne visite pas un pays \u00e9tranger comme \u00e7a serait le cas d&rsquo;un monarque ou d&rsquo;un pr\u00e9sident \u00e9tranger. Il visitent plut\u00f4t l&rsquo;un des royaumes de Sa Majest\u00e9 et se sentent parfaitement chez eux!<\/p>\n<p>En comparaison, pense \u00e0 la diff\u00e9rence entre la visite formelle du patron de ton p\u00e8re \u00e0 la maison, et celle bien plus conviviale de ton grand fr\u00e8re qui travaille dans un autre pays et vient passer les f\u00eates en famille.<\/p>\n<p>Notre regrett\u00e9e reine est revenue au Canada pour la derni\u00e8re fois en 2010. Charles et Camilla y sont revenus fr\u00e9quemment, le plus r\u00e9cemment en mai 2022 pour c\u00e9l\u00e9brer le jubil\u00e9 de platine. William \u00e9tait souvent au Canada avant son mariage ; avec Catherine, le couple a b\u00e9n\u00e9fici\u00e9 d&rsquo;un accueil formidable ici en 2011 et 2016.<\/p>\n<p>Pour une liste compl\u00e8te des retours royaux, cliquer\u00a0<a href=\"https:\/\/www.canada.ca\/fr\/patrimoine-canadien\/services\/tournees-royales-passees.html\">ici<\/a>.<\/p>\n<\/div><\/section><\/p><\/div><div class='flex_column av-y94k-2d2fa16476b72eeb3aa45e06bce885d4 av_one_half  avia-builder-el-9  el_after_av_one_half  avia-builder-el-last  flex_column_div '     ><style type=\"text\/css\" data-created_by=\"avia_inline_auto\" id=\"style-css-av-lcdxabv3-ff4d947b906736cb6007e6dcba8bd74b\">\n.avia-image-container.av-lcdxabv3-ff4d947b906736cb6007e6dcba8bd74b img.avia_image{\nbox-shadow:none;\n}\n.avia-image-container.av-lcdxabv3-ff4d947b906736cb6007e6dcba8bd74b .av-image-caption-overlay-center{\ncolor:#ffffff;\n}\n<\/style>\n<div  class='avia-image-container av-lcdxabv3-ff4d947b906736cb6007e6dcba8bd74b av-styling- avia-align-center  avia-builder-el-10  avia-builder-el-no-sibling '   itemprop=\"image\" itemscope=\"itemscope\" itemtype=\"https:\/\/schema.org\/ImageObject\" ><div class=\"avia-image-container-inner\"><div class=\"avia-image-overlay-wrap\"><img decoding=\"async\" class='wp-image-1897 avia-img-lazy-loading-not-1897 avia_image ' src=\"https:\/\/www.monarchist.ca\/wp-content\/uploads\/2023\/03\/william_kate_2016_bc_al-300x294.jpg\" alt='' title='Britain&#039;s Prince William and Catherine, Duchess of Cambridge, react while sampling food during the Taste of British Columbia event at Mission Hill winery in Kelowna, British Columbia, Canada, September 27, 2016. REUTERS\/Chris Wattie'  height=\"294\" width=\"300\"  itemprop=\"thumbnailUrl\" srcset=\"https:\/\/www.monarchist.ca\/wp-content\/uploads\/2023\/03\/william_kate_2016_bc_al-300x294.jpg 300w, https:\/\/www.monarchist.ca\/wp-content\/uploads\/2023\/03\/william_kate_2016_bc_al-36x36.jpg 36w, https:\/\/www.monarchist.ca\/wp-content\/uploads\/2023\/03\/william_kate_2016_bc_al.jpg 370w\" sizes=\"(max-width: 300px) 100vw, 300px\" \/><\/div><\/div><\/div><\/div><\/div><\/div><\/div><!-- close content main div --><\/div><\/div><div id='after_section_1'  class='main_color av_default_container_wrap container_wrap sidebar_right'  ><div class='container av-section-cont-open' ><div class='template-page content  av-content-small alpha units'><div class='post-entry post-entry-type-page post-entry-2203'><div class='entry-content-wrapper clearfix'>\n","protected":false},"excerpt":{"rendered":"","protected":false},"author":1,"featured_media":0,"parent":0,"menu_order":0,"comment_status":"closed","ping_status":"closed","template":"","meta":{"footnotes":""},"class_list":["post-2203","page","type-page","status-publish","hentry"],"_links":{"self":[{"href":"https:\/\/www.monarchist.ca\/fr\/wp-json\/wp\/v2\/pages\/2203","targetHints":{"allow":["GET"]}}],"collection":[{"href":"https:\/\/www.monarchist.ca\/fr\/wp-json\/wp\/v2\/pages"}],"about":[{"href":"https:\/\/www.monarchist.ca\/fr\/wp-json\/wp\/v2\/types\/page"}],"author":[{"embeddable":true,"href":"https:\/\/www.monarchist.ca\/fr\/wp-json\/wp\/v2\/users\/1"}],"replies":[{"embeddable":true,"href":"https:\/\/www.monarchist.ca\/fr\/wp-json\/wp\/v2\/comments?post=2203"}],"version-history":[{"count":0,"href":"https:\/\/www.monarchist.ca\/fr\/wp-json\/wp\/v2\/pages\/2203\/revisions"}],"wp:attachment":[{"href":"https:\/\/www.monarchist.ca\/fr\/wp-json\/wp\/v2\/media?parent=2203"}],"curies":[{"name":"wp","href":"https:\/\/api.w.org\/{rel}","templated":true}]}}