{"id":2289,"date":"2022-10-06T17:24:06","date_gmt":"2022-10-06T17:24:06","guid":{"rendered":"http:\/\/new.monarchist.ca\/?page_id=2289"},"modified":"2023-04-08T15:38:55","modified_gmt":"2023-04-08T15:38:55","slug":"les-armoiries-de-la-ligue","status":"publish","type":"page","link":"https:\/\/www.monarchist.ca\/fr\/les-armoiries-de-la-ligue\/","title":{"rendered":"Les armoiries de la Ligue"},"content":{"rendered":"<div id='full_slider_1'  class='avia-fullwidth-slider main_color avia-shadow   avia-builder-el-0  el_before_av_textblock  avia-builder-el-first   container_wrap sidebar_right'  ><div  class='avia-slideshow av-l91tglgw-2dbb0cc13feaa2584b9950f595eb507a avia-slideshow-no scaling av_slideshow_full avia-slide-slider av-slideshow-ui av-control-default av-slideshow-manual av-loop-once av-loop-manual-endless av-default-height-applied   avia-slideshow-1' data-slideshow-options=\"{&quot;animation&quot;:&quot;slide&quot;,&quot;autoplay&quot;:false,&quot;loop_autoplay&quot;:&quot;once&quot;,&quot;interval&quot;:5,&quot;loop_manual&quot;:&quot;manual-endless&quot;,&quot;autoplay_stopper&quot;:false,&quot;noNavigation&quot;:false,&quot;bg_slider&quot;:false,&quot;keep_padding&quot;:false,&quot;hoverpause&quot;:false,&quot;show_slide_delay&quot;:0}\"  itemprop=\"image\" itemscope=\"itemscope\" itemtype=\"https:\/\/schema.org\/ImageObject\" ><ul class='avia-slideshow-inner ' style='padding-bottom: 45.866666666667%;'><li  class='avia-slideshow-slide av-l91tglgw-2dbb0cc13feaa2584b9950f595eb507a__0  av-single-slide slide-1 slide-odd'><div data-rel='slideshow-1' class='avia-slide-wrap '   ><img decoding=\"async\" class=\"wp-image-1807 avia-img-lazy-loading-not-1807\"  src=\"https:\/\/www.monarchist.ca\/wp-content\/uploads\/2023\/01\/leaguearmsheader-jan2023.jpg\" width=\"1500\" height=\"688\" title='leaguearmsheader-jan2023' alt=''  itemprop=\"thumbnailUrl\" srcset=\"https:\/\/www.monarchist.ca\/wp-content\/uploads\/2023\/01\/leaguearmsheader-jan2023.jpg 1500w, https:\/\/www.monarchist.ca\/wp-content\/uploads\/2023\/01\/leaguearmsheader-jan2023-600x275.jpg 600w, https:\/\/www.monarchist.ca\/wp-content\/uploads\/2023\/01\/leaguearmsheader-jan2023-300x138.jpg 300w, https:\/\/www.monarchist.ca\/wp-content\/uploads\/2023\/01\/leaguearmsheader-jan2023-1030x472.jpg 1030w, https:\/\/www.monarchist.ca\/wp-content\/uploads\/2023\/01\/leaguearmsheader-jan2023-768x352.jpg 768w, https:\/\/www.monarchist.ca\/wp-content\/uploads\/2023\/01\/leaguearmsheader-jan2023-705x323.jpg 705w, https:\/\/www.monarchist.ca\/wp-content\/uploads\/2023\/01\/leaguearmsheader-jan2023-450x206.jpg 450w\" sizes=\"(max-width: 1500px) 100vw, 1500px\" \/><\/div><\/li><\/ul><\/div><\/div><div id='after_full_slider_1'  class='main_color av_default_container_wrap container_wrap sidebar_right'  ><div class='container av-section-cont-open' ><div class='template-page content  av-content-small alpha units'><div class='post-entry post-entry-type-page post-entry-2289'><div class='entry-content-wrapper clearfix'>\n\n<style type=\"text\/css\" data-created_by=\"avia_inline_auto\" id=\"style-css-av-l91tg0bn-deb368b9f92d8739b1248a0461e774f8\">\n#top .av_textblock_section.av-l91tg0bn-deb368b9f92d8739b1248a0461e774f8 .avia_textblock{\ncolor:#ce0000;\n}\n<\/style>\n<section  class='av_textblock_section av-l91tg0bn-deb368b9f92d8739b1248a0461e774f8'  itemscope=\"itemscope\" itemtype=\"https:\/\/schema.org\/CreativeWork\" ><div class='avia_textblock av_inherit_color'  itemprop=\"text\" ><h1 class=\"page-title\">Les armoiries de la Ligue<\/h1>\n<hr \/>\n<\/div><\/section>\n<\/div><\/div><\/div><!-- close content main div --><\/div><\/div><div id='av_section_1'  class='avia-section av-3t46m-6a8b03fe19c6f52122eb7a607bc9f5b5 main_color avia-section-default avia-no-border-styling  avia-builder-el-2  el_after_av_textblock  el_before_av_section  avia-bg-style-scroll container_wrap sidebar_right'  ><div class='container av-section-cont-open' ><div class='template-page content  av-content-small alpha units'><div class='post-entry post-entry-type-page post-entry-2289'><div class='entry-content-wrapper clearfix'>\n<div class='flex_column av-1e662-71877f7793f2cc07174d14600dda5448 av_three_fifth  avia-builder-el-3  el_before_av_two_fifth  avia-builder-el-first  first flex_column_div '     ><section  class='av_textblock_section av-lapu3in2-7976b54cfa0562066cc0622fb5394795'  itemscope=\"itemscope\" itemtype=\"https:\/\/schema.org\/CreativeWork\" ><div class='avia_textblock'  itemprop=\"text\" ><h3>Histoire<\/h3>\n<hr \/>\n<p>Recevoir des armoiries est un honneur \u00e9manant de la Couronne. Au Canada les pr\u00e9rogatives de Sa Majest\u00e9 dans ce domaine sont exerc\u00e9es par l\u2019Autorit\u00e9 h\u00e9raldique du Canada qui fait partie du Bureau du gouverneur g\u00e9n\u00e9ral du Canada.<\/p>\n<p>Par une demande adress\u00e9e au h\u00e9raut d\u2019armes du Canada, le 31 mars 1998, la Ligue monarchiste du Canada a exprim\u00e9 le d\u00e9sir de recevoir des armoiries officielles de la part de l\u2019Autorit\u00e9 h\u00e9raldique du Canada. Le 3 juin 1998, M. Robert D. Watt, H\u00e9raut d\u2019Armes du Canada, a inform\u00e9 la Ligue monarchiste comme suit : \u00ab\u00a0Le vice-chancelier d\u2019armes m\u2019a donn\u00e9 le droit d\u2019autoriser des armoiries, un timbre, une devise, un drapeau et un insigne \u00e0 la Ligue monarchiste du Canada\u00a0\u00bb<\/p>\n<p>Le directeur national de la Ligue monarchiste du Canada a demand\u00e9 par la suite \u00e0 quelques membres de la Ligue, experts en h\u00e9raldique, de pr\u00e9senter des \u00e9pures pour la conception des armoiries qui pourraient \u00eatre pr\u00e9sent\u00e9es lors de ses discussions avec le h\u00e9raut d\u2019armes du Canada. Cette initiative a g\u00e9n\u00e9r\u00e9 des suggestions \u00e9difiantes. Le pr\u00e9sident national a aussi invit\u00e9 tous les membres de la Ligue monarchique \u00e0 concevoir une devise, celle choisie \u00e9tant l&rsquo;id\u00e9e originale de G. Toffoli, \u00ab\u00a0la Loyaut\u00e9 nous Li\u00e9\u00a0\u00bb, rendu en latin comme \u00ab\u00a0Fidelitate Coniuncti\u00a0\u00bb.<\/p>\n<p>Les armoiries ont \u00e9t\u00e9 proclam\u00e9es par le H\u00e9rault extraordinaire de Niagara, M. Gordon D. McPherson, et ont \u00e9t\u00e9 pr\u00e9sent\u00e9es \u00e0 la Ligue par l\u2019honorable Hilary M. Weston, lieutenante-gouverneure de l\u2019Ontario, qui a agi au nom de Son Excellence, la gouverneure g\u00e9n\u00e9rale du Canada, lors d\u2019une c\u00e9r\u00e9monie pour c\u00e9l\u00e9brer le 48e anniversaire du r\u00e8gne de Sa Majest\u00e9. Six cent amis et membres de la Ligue se sont r\u00e9unis \u00e0 la cath\u00e9drale de Saint-James, \u00e0 Toronto, le 6 f\u00e9vrier 2000, pour marquer l\u2019occasion. Les Lettres d\u2019armoiries ont \u00e9t\u00e9 par la suite b\u00e9nis par le tr\u00e8s r\u00e9v\u00e9rend Douglas Stoute, doyen de Toronto, et cur\u00e9 de cette cath\u00e9drale.<\/p>\n<\/div><\/section><\/div><div class='flex_column av-vepe-8df17de64c50c6cf21c4a843e5e788d5 av_two_fifth  avia-builder-el-5  el_after_av_three_fifth  avia-builder-el-last  flex_column_div '     ><style type=\"text\/css\" data-created_by=\"avia_inline_auto\" id=\"style-css-av-2j436-12f9a67520d719418c6f75b4a3c681ae\">\n.avia-image-container.av-2j436-12f9a67520d719418c6f75b4a3c681ae img.avia_image{\nbox-shadow:none;\n}\n.avia-image-container.av-2j436-12f9a67520d719418c6f75b4a3c681ae .av-image-caption-overlay-center{\ncolor:#ffffff;\n}\n<\/style>\n<div  class='avia-image-container av-2j436-12f9a67520d719418c6f75b4a3c681ae av-styling- avia-align-center  avia-builder-el-6  avia-builder-el-no-sibling '   itemprop=\"image\" itemscope=\"itemscope\" itemtype=\"https:\/\/schema.org\/ImageObject\" ><div class=\"avia-image-container-inner\"><div class=\"avia-image-overlay-wrap\"><img decoding=\"async\" class='wp-image-1666 avia-img-lazy-loading-not-1666 avia_image ' src=\"https:\/\/www.monarchist.ca\/wp-content\/uploads\/2022\/11\/league-coat-arms-1.jpg\" alt='' title='league-coat-arms-1'  height=\"348\" width=\"350\"  itemprop=\"thumbnailUrl\" srcset=\"https:\/\/www.monarchist.ca\/wp-content\/uploads\/2022\/11\/league-coat-arms-1.jpg 350w, https:\/\/www.monarchist.ca\/wp-content\/uploads\/2022\/11\/league-coat-arms-1-100x100.jpg 100w, https:\/\/www.monarchist.ca\/wp-content\/uploads\/2022\/11\/league-coat-arms-1-300x298.jpg 300w, https:\/\/www.monarchist.ca\/wp-content\/uploads\/2022\/11\/league-coat-arms-1-80x80.jpg 80w, https:\/\/www.monarchist.ca\/wp-content\/uploads\/2022\/11\/league-coat-arms-1-36x36.jpg 36w, https:\/\/www.monarchist.ca\/wp-content\/uploads\/2022\/11\/league-coat-arms-1-180x180.jpg 180w, https:\/\/www.monarchist.ca\/wp-content\/uploads\/2022\/11\/league-coat-arms-1-120x120.jpg 120w\" sizes=\"(max-width: 350px) 100vw, 350px\" \/><\/div><\/div><\/div><\/div><\/div><\/div><\/div><!-- close content main div --><\/div><\/div>\n<style type=\"text\/css\" data-created_by=\"avia_inline_auto\" id=\"style-css-av-lapu8250-37c5a7852d70fed9733d869bf373611b\">\n.avia-section.av-lapu8250-37c5a7852d70fed9733d869bf373611b{\nbackground-color:#ecf0f1;\nbackground-image:unset;\n}\n<\/style>\n<div id='av_section_2'  class='avia-section av-lapu8250-37c5a7852d70fed9733d869bf373611b main_color avia-section-default avia-no-border-styling  avia-builder-el-7  el_after_av_section  el_before_av_section  avia-bg-style-scroll container_wrap sidebar_right'  ><div class='container av-section-cont-open' ><div class='template-page content  av-content-small alpha units'><div class='post-entry post-entry-type-page post-entry-2289'><div class='entry-content-wrapper clearfix'>\n\n<style type=\"text\/css\" data-created_by=\"avia_inline_auto\" id=\"style-css-av-lazs2vuk-c62598172bf7eecdbfc3e3e8b0daebb3\">\n.avia-image-container.av-lazs2vuk-c62598172bf7eecdbfc3e3e8b0daebb3 img.avia_image{\nbox-shadow:none;\n}\n.avia-image-container.av-lazs2vuk-c62598172bf7eecdbfc3e3e8b0daebb3 .av-image-caption-overlay-center{\ncolor:#ffffff;\n}\n<\/style>\n<div  class='avia-image-container av-lazs2vuk-c62598172bf7eecdbfc3e3e8b0daebb3 av-styling- avia-align-center  avia-builder-el-8  el_before_av_hr  avia-builder-el-first '   itemprop=\"image\" itemscope=\"itemscope\" itemtype=\"https:\/\/schema.org\/ImageObject\" ><div class=\"avia-image-container-inner\"><div class=\"avia-image-overlay-wrap\"><img decoding=\"async\" class='wp-image-1667 avia-img-lazy-loading-not-1667 avia_image ' src=\"https:\/\/www.monarchist.ca\/wp-content\/uploads\/2022\/11\/full-coat-of-arms.png\" alt='' title='full-coat-of-arms'  height=\"400\" width=\"1170\"  itemprop=\"thumbnailUrl\" srcset=\"https:\/\/www.monarchist.ca\/wp-content\/uploads\/2022\/11\/full-coat-of-arms.png 1170w, https:\/\/www.monarchist.ca\/wp-content\/uploads\/2022\/11\/full-coat-of-arms-600x205.png 600w, https:\/\/www.monarchist.ca\/wp-content\/uploads\/2022\/11\/full-coat-of-arms-300x103.png 300w, https:\/\/www.monarchist.ca\/wp-content\/uploads\/2022\/11\/full-coat-of-arms-1030x352.png 1030w, https:\/\/www.monarchist.ca\/wp-content\/uploads\/2022\/11\/full-coat-of-arms-768x263.png 768w, https:\/\/www.monarchist.ca\/wp-content\/uploads\/2022\/11\/full-coat-of-arms-705x241.png 705w, https:\/\/www.monarchist.ca\/wp-content\/uploads\/2022\/11\/full-coat-of-arms-450x154.png 450w\" sizes=\"(max-width: 1170px) 100vw, 1170px\" \/><\/div><\/div><\/div>\n\n<style type=\"text\/css\" data-created_by=\"avia_inline_auto\" id=\"style-css-av-lazs91nq-a883078ab6cef79dc1d0ce50e27f4692\">\n#top .hr.hr-invisible.av-lazs91nq-a883078ab6cef79dc1d0ce50e27f4692{\nheight:25px;\n}\n<\/style>\n<div  class='hr av-lazs91nq-a883078ab6cef79dc1d0ce50e27f4692 hr-invisible  avia-builder-el-9  el_after_av_image  el_before_av_one_third '><span class='hr-inner '><span class=\"hr-inner-style\"><\/span><\/span><\/div>\n<div class='flex_column av-3han6-ee40aa0c7bb5b1d5758e72b6493e8bff av_one_third  avia-builder-el-10  el_after_av_hr  el_before_av_one_third  first flex_column_div '     ><section  class='av_textblock_section av-lazs5dkf-a2e2f68b50b7f6e415ebdaff6ad7eb11'  itemscope=\"itemscope\" itemtype=\"https:\/\/schema.org\/CreativeWork\" ><div class='avia_textblock'  itemprop=\"text\" ><h3 style=\"text-align: center;\">Les Armoiries de la Ligue<\/h3>\n<p style=\"text-align: center;\">le blason compl\u00e8te des armoiries de la Ligue, y compris tous ses \u00e9l\u00e9ments.<\/p>\n<\/div><\/section><\/div><div class='flex_column av-9uxm-b6c12cce08e9c5a7b3e1de7652926a9e av_one_third  avia-builder-el-12  el_after_av_one_third  el_before_av_one_third  flex_column_div '     ><section  class='av_textblock_section av-lazs6btv-67deae61e8bfb0fa3ca1d4413b983a0f'  itemscope=\"itemscope\" itemtype=\"https:\/\/schema.org\/CreativeWork\" ><div class='avia_textblock'  itemprop=\"text\" ><h3 style=\"text-align: center;\">Le drapeau de la Ligue<\/h3>\n<p style=\"text-align: center;\">Le drapeau porte en son centre une feuille d\u2019\u00e9rable sur laquelle est pos\u00e9e la couronne britannique, comme c\u2019est la tradition.<\/p>\n<\/div><\/section><\/div><div class='flex_column av-2a1gu-704048d13eb733a655e1978ddc7d898a av_one_third  avia-builder-el-14  el_after_av_one_third  avia-builder-el-last  flex_column_div '     ><section  class='av_textblock_section av-lazs76ew-8126879bf5640c725b86dc4a192b1180'  itemscope=\"itemscope\" itemtype=\"https:\/\/schema.org\/CreativeWork\" ><div class='avia_textblock'  itemprop=\"text\" ><h3 style=\"text-align: center;\">L\u2019insigne de la Ligue<\/h3>\n<p style=\"text-align: center;\">L\u2019insigne est l\u2019alternative suppl\u00e9mentaire moins formelle d\u2019identification de la Ligue monarchiste. Il est compos\u00e9 des armoiries, encercl\u00e9 par un ruban portant la devise.<\/p>\n<\/div><\/section><\/div><\/div><\/div><\/div><!-- close content main div --><\/div><\/div><div id='av_section_3'  class='avia-section av-1g836-6651fa1cd47a2f95fd6923ada37219ee main_color avia-section-default avia-no-border-styling  avia-builder-el-16  el_after_av_section  avia-builder-el-last  avia-bg-style-scroll container_wrap sidebar_right'  ><div class='container av-section-cont-open' ><div class='template-page content  av-content-small alpha units'><div class='post-entry post-entry-type-page post-entry-2289'><div class='entry-content-wrapper clearfix'>\n<div class='flex_column av-qhjm-e923289db93c166c24f8e0a46345b515 av_one_full  avia-builder-el-17  avia-builder-el-no-sibling  first flex_column_div '     ><section  class='av_textblock_section av-lapua6cl-9e326def202f122e1e20f885490457e9'  itemscope=\"itemscope\" itemtype=\"https:\/\/schema.org\/CreativeWork\" ><div class='avia_textblock'  itemprop=\"text\" ><h3>Remarques sur la concession des armoiries \u00e0 la Ligue monarchiste du Canada<\/h3>\n<hr \/>\n<p>L\u2019usage de deux couronnes royales a personnellement \u00e9t\u00e9 approuv\u00e9 par Sa Majest\u00e9 la Reine Elizabeth II suite \u00e0 la recommandation de la Gouverneure g\u00e9n\u00e9rale du Canada. La sanction officielle sur laquelle Sa Majest\u00e9 a sign\u00e9 \u00ab\u00a0Approuv\u00e9 Elizabeth R\u00a0\u00bb est pr\u00e9cieusement conserv\u00e9e dans les archives de l\u2019Autorit\u00e9 h\u00e9raldique du Canada, mais une copie peut \u00eatre consult\u00e9e par les membres de la Ligue monarchiste. Les couronnes, acte de g\u00e9n\u00e9rosit\u00e9 de la Souveraine, attirent l\u2019attention sur la mission particuli\u00e8re de la Ligue monarchique et rappellent le fait que la souverainet\u00e9 du Canada est investie dans la Couronne. \u00c0 notre connaissance, c\u2019est la premi\u00e8re fois que des couronnes royales sont approuv\u00e9es pour une organisation non gouvernementale, qui plus est ne re\u00e7oit pas le soutien officiel de la Famille royale. C\u2019est aussi la premi\u00e8re fois de l\u2019histoire h\u00e9raldique du Canada que des couronnes royales de deux couleurs diff\u00e9rentes apparaissent sur des Lettres d\u2019armoiries.<\/p>\n<p>La couronne et les feuilles d\u2019\u00e9rable sur l\u2019\u00e9cu repr\u00e9sentent le but de la Ligue monarchique et le pouvoir des onze gouvernements canadiens qui se partagent l\u2019autorit\u00e9 de la Monarchie. La feuille d\u2019\u00e9rable est un symbole canadien, depuis sa proclamation par Sa Majest\u00e9 George V, en 1921.<\/p>\n<p>Les supports, un orignal et un ours grizzly, sont des animaux canadiens uniques. Ils repr\u00e9sentent respectivement, un ubiquiste qui est un habitant bienaim\u00e9 des vastes for\u00eats canadiennes, et une b\u00eate f\u00e9roce qui d\u00e9fend son territoire contre tous les envahisseurs. Ainsi, ces animaux symbolisent le travail diversifi\u00e9 de la Ligue monarchique; l\u2019orignal repr\u00e9sente son propre travail \u00e0 travers le pays, tandis que l\u2019ours repr\u00e9sente sa t\u00e2che d\u2019expliquer et de d\u00e9fendre le r\u00f4le de la Couronne canadienne avec vigilance et parfois agressivit\u00e9.<\/p>\n<p>D\u00e9vou\u00e9 et aussi territorial, le castor garde la Couronne royale dans sa patte, ce qui symbolise l\u2019affection de la Ligue pour la Monarchie, unie par son devoir de servir et de prot\u00e9ger l\u2019institution. Les \u00e9maux \u00ab\u00a0argent\u00a0\u00bb et \u00ab\u00a0or\u00a0\u00bb sur l\u2019\u00e9cu refl\u00e8tent les couleurs nationales, aussi proclam\u00e9es en 1921 par le roi Georges V.<\/p>\n<p>Au pied des armoiries, les fruits d\u2019\u00e9rables du Canada symbolisent le sol fertile du pays de l\u2019\u00e9rable, et le d\u00e9vouement et l\u2019effort qui ont men\u00e9 \u00e0 la fondation de la Ligue monarchiste, mais \u00e9galement le d\u00e9vouement et l\u2019effort qui sont cependant toujours n\u00e9cessaires \u00e0 son renouv\u00e8lement.<\/p>\n<p>La devise : \u00ab\u00a0Fidelitate Coniuncti\u00a0\u00bb provient de la suggestion d\u2019un membre de longue date Garry Toffoli, de Toronto : \u00ab\u00a0La loyaut\u00e9 nous unie\u00a0\u00bb. Elle refl\u00e8te le travail et l\u2019unit\u00e9 de la Ligue monarchiste ainsi que les origines de l\u2019unit\u00e9 canadienne sous la Couronne. Pour \u00e9viter les difficult\u00e9s qui se pr\u00e9senteraient si la devise apparaissait dans les deux langues officielles, elle a \u00e9t\u00e9 traduite en latin (la langue universelle de la civilisation occidentale qui respecte les deux peuples fondateurs du Canada, et qui est la langue traditionnelle utilis\u00e9e dans les devises) par M. Ian Macdonald, Ph. D., de l\u2019Universit\u00e9 de Toronto, campus de Scarborough, consultant \u00e0 l\u2019Autorit\u00e9 h\u00e9raldique du Canada.<\/p>\n<p>Les armoiries ont \u00e9t\u00e9 con\u00e7ues par M. Robet D. Watt, le H\u00e9rault d\u2019armes du Canada. Il a tenu compte de nombreuses suggestions venues des membres de la Ligue \u00e0 travers le Canada, particuli\u00e8rement celles du colonel Strome Galloway (co-fondateur de la Ligue) et de MM. Darrel Kennedy, UE, Rean Meyer, UE, John Wilkes et Bruce Patterson. De nombreux membres de la Ligue ont particip\u00e9 \u00e0 un concours pour choisir une devise appropri\u00e9e pour ces armoiries.<\/p>\n<p>M. Gordon D. McPherson a illustr\u00e9 les armoiries de la Ligue monarchiste. Il est un artiste h\u00e9raldique de grande renomm\u00e9e et a \u00e9t\u00e9 nomm\u00e9 H\u00e9rault extraordinaire de Niagara en 1999. Le travail artistique suppl\u00e9mentaire des Lettres d\u2019armoiries qui confirment les armoiries a \u00e9t\u00e9 ex\u00e9cut\u00e9 par Mme Deborah MacGarvie, et la calligraphie par Mme Suzanne Wright.<\/p>\n<p>Les armoiries ont \u00e9t\u00e9 proclam\u00e9es par le H\u00e9rault extraordinaire de Niagara, M. Gordon D. McPherson, et ont \u00e9t\u00e9 pr\u00e9sent\u00e9es \u00e0 la Ligue par l\u2019honorable Hilary M. Weston, lieutenante-gouverneure de l\u2019Ontario, qui a agi au nom de Son Excellence, la gouverneure g\u00e9n\u00e9rale du Canada, lors d\u2019une c\u00e9r\u00e9monie pour c\u00e9l\u00e9brer le 48e anniversaire du r\u00e8gne de Sa Majest\u00e9. Six cent amis et membres de la Ligue se sont r\u00e9unis \u00e0 la cath\u00e9drale de Saint-James, \u00e0 Toronto, le 6 f\u00e9vrier 2000, pour marquer l\u2019occasion. Les Lettres d\u2019armoiries ont \u00e9t\u00e9 par la suite b\u00e9nis par le tr\u00e8s r\u00e9v\u00e9rend Douglas Stoute, doyen de Toronto, et cur\u00e9 de cette cath\u00e9drale.<\/p>\n<\/div><\/section><\/div><\/div><\/div><\/div><!-- close content main div --><\/div><\/div><div id='after_section_3'  class='main_color av_default_container_wrap container_wrap sidebar_right'  ><div class='container av-section-cont-open' ><div class='template-page content  av-content-small alpha units'><div class='post-entry post-entry-type-page post-entry-2289'><div class='entry-content-wrapper clearfix'><\/p>\n","protected":false},"excerpt":{"rendered":"","protected":false},"author":1,"featured_media":0,"parent":0,"menu_order":0,"comment_status":"closed","ping_status":"closed","template":"","meta":{"footnotes":""},"class_list":["post-2289","page","type-page","status-publish","hentry"],"_links":{"self":[{"href":"https:\/\/www.monarchist.ca\/fr\/wp-json\/wp\/v2\/pages\/2289","targetHints":{"allow":["GET"]}}],"collection":[{"href":"https:\/\/www.monarchist.ca\/fr\/wp-json\/wp\/v2\/pages"}],"about":[{"href":"https:\/\/www.monarchist.ca\/fr\/wp-json\/wp\/v2\/types\/page"}],"author":[{"embeddable":true,"href":"https:\/\/www.monarchist.ca\/fr\/wp-json\/wp\/v2\/users\/1"}],"replies":[{"embeddable":true,"href":"https:\/\/www.monarchist.ca\/fr\/wp-json\/wp\/v2\/comments?post=2289"}],"version-history":[{"count":0,"href":"https:\/\/www.monarchist.ca\/fr\/wp-json\/wp\/v2\/pages\/2289\/revisions"}],"wp:attachment":[{"href":"https:\/\/www.monarchist.ca\/fr\/wp-json\/wp\/v2\/media?parent=2289"}],"curies":[{"name":"wp","href":"https:\/\/api.w.org\/{rel}","templated":true}]}}