{"id":2681,"date":"2023-04-25T23:43:41","date_gmt":"2023-04-25T23:43:41","guid":{"rendered":"http:\/\/new.monarchist.ca\/?page_id=2681"},"modified":"2023-04-27T21:37:08","modified_gmt":"2023-04-27T21:37:08","slug":"canadas-next-monarchs","status":"publish","type":"page","link":"https:\/\/www.monarchist.ca\/fr\/canadas-next-monarchs\/","title":{"rendered":"Prochains Monarques Canadiens"},"content":{"rendered":"<div id='full_slider_1'  class='avia-fullwidth-slider main_color avia-shadow   avia-builder-el-0  el_before_av_button_big  avia-builder-el-first   container_wrap sidebar_right'  ><div  class='avia-slideshow av-lgwwjkmm-c18ee17d4c0eb28971c8fc52fb62db52 avia-slideshow-featured_large av_slideshow_full avia-fade-slider av-slideshow-ui av-control-default av-slideshow-manual av-loop-once av-loop-manual-endless av-default-height-applied   avia-slideshow-1' data-slideshow-options=\"{&quot;animation&quot;:&quot;fade&quot;,&quot;autoplay&quot;:false,&quot;loop_autoplay&quot;:&quot;once&quot;,&quot;interval&quot;:5,&quot;loop_manual&quot;:&quot;manual-endless&quot;,&quot;autoplay_stopper&quot;:false,&quot;noNavigation&quot;:false,&quot;bg_slider&quot;:false,&quot;keep_padding&quot;:false,&quot;hoverpause&quot;:false,&quot;show_slide_delay&quot;:0}\"  itemprop=\"image\" itemscope=\"itemscope\" itemtype=\"https:\/\/schema.org\/ImageObject\" ><ul class='avia-slideshow-inner ' style='padding-bottom: 42%;'><li  class='avia-slideshow-slide av-lgwwjkmm-c18ee17d4c0eb28971c8fc52fb62db52__0  av-single-slide slide-1 slide-odd'><div data-rel='slideshow-1' class='avia-slide-wrap '   ><img decoding=\"async\" class=\"wp-image-2651 avia-img-lazy-loading-not-2651\"  src=\"https:\/\/www.monarchist.ca\/wp-content\/uploads\/2023\/04\/William_George_next_monarchs-1500x630.jpg\" width=\"1500\" height=\"630\" title='Twickenham,london, UK. 26 February 2022 - England v Wales - Guinness Six Nations - Twickenham Stadium\r\rPrince William and Prince George during the match against Wales \rPicture Credit : \u00a9 Mark Pain \/ Alamy Live News' alt=''  itemprop=\"thumbnailUrl\"   \/><\/div><\/li><\/ul><\/div><\/div>\n<div  class='avia-button-wrap avia-button-center  avia-builder-el-1  el_after_av_slideshow_full  el_before_av_textblock '>\n<style type=\"text\/css\" data-created_by=\"avia_inline_auto\" id=\"style-css-av-6tvng9-c6728a00ecae895502e6ae4a33c30b6a\">\n#top #wrap_all .avia-button.av-6tvng9-c6728a00ecae895502e6ae4a33c30b6a{\nbackground-color:#d22424;\nborder-color:#d22424;\n-webkit-transition:all 0.4s ease-in-out;\n-moz-transition:all 0.4s ease-in-out;\n-ms-transition:all 0.4s ease-in-out;\n-o-transition:all 0.4s ease-in-out;\ntransition:all 0.4s ease-in-out;\nfont-size:20px;\npadding:20px 20px 20px 20px;\n}\n#top #wrap_all .avia-button.av-6tvng9-c6728a00ecae895502e6ae4a33c30b6a:hover{\nbackground-color:red;\ncolor:white;\n-webkit-transition:all 0.4s ease-in-out;\n-moz-transition:all 0.4s ease-in-out;\n-ms-transition:all 0.4s ease-in-out;\n-o-transition:all 0.4s ease-in-out;\ntransition:all 0.4s ease-in-out;\n}\n<\/style>\n<a href='https:\/\/www.monarchist.ca\/fr\/free-trial\/' class='avia-font-color-theme-color avia-button avia-button-fullwidth av-6tvng9-c6728a00ecae895502e6ae4a33c30b6a avia-icon_select-no avia-color-custom'  ><span class='avia_iconbox_title' >Offre d\u2019adh\u00e9sion gratuite<\/span><\/a><\/div>\n<section  class='av_textblock_section av-lgwwk7xq-0176ceef35b75f33a07afb76ec787026'  itemscope=\"itemscope\" itemtype=\"https:\/\/schema.org\/CreativeWork\" ><div class='avia_textblock'  itemprop=\"text\" ><h2>Prochains Monarques Canadiens<\/h2>\n<hr \/>\n<\/div><\/section>\n<div class='flex_column av-66ggih-f6310618afbc15197ea46c8608e96ea6 av_two_third  avia-builder-el-3  el_after_av_textblock  el_before_av_one_third  first flex_column_div column-top-margin'     ><section  class='av_textblock_section av-lgwwtgpo-213ac3c67908aa97fd6a13654535f9ee'  itemscope=\"itemscope\" itemtype=\"https:\/\/schema.org\/CreativeWork\" ><div class='avia_textblock'  itemprop=\"text\" ><h4>William, Prince de Galles<\/h4>\n<p>La biographie du prince William se trouve ici. Un aper\u00e7u des activit\u00e9s et des int\u00e9r\u00eats de William et de son \u00e9pouse Catharine (la princesse de Galles) figure <a href=\"https:\/\/www.royal.uk\/the-prince-of-wales\">ici<\/a>.<\/p>\n<p>William et Catherine ont effectu\u00e9 une premi\u00e8re visite m\u00e9morable au Canada en tant que couple mari\u00e9 &#8211; o\u00f9 plus d&rsquo;un million de Canadiens les ont accueillis &#8211; sur la colline du Parlement et au Stampede de Calgary.<\/p>\n<p>Des millions de Canadiens se sont lev\u00e9s t\u00f4t et ont organis\u00e9 des petits-d\u00e9jeuners pour regarder avec leur famille et leurs voisins la retransmission t\u00e9l\u00e9vis\u00e9e du <a href=\"https:\/\/www.youtube.com\/watch?v=schQZY3QjCw\">mariage royal<\/a> de William et Catherine le 29 avril 2011. Comme dans nos propres familles, un mariage est un moment de grand bonheur, d&rsquo;excitation et de c\u00e9l\u00e9bration, ce mariage royal a apport\u00e9 de la joie \u00e0 des milliards de personnes dans le monde entier. Vous pourriez discuter avec votre professeur et vos camarades de classe des raisons de cette joie.<\/p>\n<h4>Prince George de Galles<\/h4>\n<p>Les parents du prince George, qui a maintenant pr\u00e8s de 10 ans, ont d\u00e9clar\u00e9 publiquement qu&rsquo;ils avaient expliqu\u00e9 \u00e0 George, d&rsquo;une mani\u00e8re ou d&rsquo;une autre, le destin qui l&rsquo;attendait. Beaucoup ont \u00e9t\u00e9 frapp\u00e9s par le comportement irr\u00e9prochable du prince et de sa s\u0153ur, la princesse Charlotte, lorsqu&rsquo;ils ont assist\u00e9 aux fun\u00e9railles de la d\u00e9funte reine\u00a0: il n&rsquo;a pas d\u00fb \u00eatre facile d&rsquo;\u00eatre sous les projecteurs du monde entier au moment o\u00f9 une arri\u00e8re-grand-m\u00e8re bien-aim\u00e9e \u00e9tait mise en terre. En ce sens, George et ses fr\u00e8res et s\u0153urs sont d\u00e9j\u00e0 bien engag\u00e9s sur la voie d&rsquo;une vie de service et de sacrifice au profit du Canada et du Commonwealth.<\/p>\n<p>Tout d&rsquo;abord, ses parents devront souvent voyager sans lui au cours de leurs tourn\u00e9es et fonctions royales, tout comme nombre de nos parents doivent parfois se concentrer sur leur bureau et leur carri\u00e8re, faire des heures tardives et voyager loin de chez eux. Deuxi\u00e8mement, contrairement \u00e0 nous tous qui pouvons choisir la carri\u00e8re que nous souhaitons poursuivre, et m\u00eame changer d&rsquo;avis plusieurs fois, George n&rsquo;a pas ce choix. Son destin est une vie de service en tant que membre actif de notre famille royale, et finalement en tant que roi. Vous pouvez discuter avec votre professeur et vos camarades de classe des avantages et des inconv\u00e9nients d&rsquo;un tel engagement.<\/p>\n<\/div><\/section><\/div><div class='flex_column av-3hf0mh-fbbf161e980d4af947656433ebbc4684 av_one_third  avia-builder-el-5  el_after_av_two_third  avia-builder-el-last  flex_column_div column-top-margin'     ><p>\n<style type=\"text\/css\" data-created_by=\"avia_inline_auto\" id=\"style-css-av-2ctwbd-8df94e8aaf8d95d4a662bf599abdb6e1\">\n#top .hr.hr-invisible.av-2ctwbd-8df94e8aaf8d95d4a662bf599abdb6e1{\nheight:50px;\n}\n<\/style>\n<div  class='hr av-2ctwbd-8df94e8aaf8d95d4a662bf599abdb6e1 hr-invisible  avia-builder-el-6  el_before_av_image  avia-builder-el-first '><span class='hr-inner '><span class=\"hr-inner-style\"><\/span><\/span><\/div><br \/>\n\n<style type=\"text\/css\" data-created_by=\"avia_inline_auto\" id=\"style-css-av-lgwwuh0k-936213b9ce3be23676682757f8edd571\">\n.avia-image-container.av-lgwwuh0k-936213b9ce3be23676682757f8edd571 img.avia_image{\nbox-shadow:none;\n}\n.avia-image-container.av-lgwwuh0k-936213b9ce3be23676682757f8edd571 .av-image-caption-overlay-center{\ncolor:#ffffff;\n}\n<\/style>\n<div  class='avia-image-container av-lgwwuh0k-936213b9ce3be23676682757f8edd571 av-styling- avia-align-center  avia-builder-el-7  el_after_av_hr  el_before_av_textblock '   itemprop=\"image\" itemscope=\"itemscope\" itemtype=\"https:\/\/schema.org\/ImageObject\" ><div class=\"avia-image-container-inner\"><div class=\"avia-image-overlay-wrap\"><img decoding=\"async\" class='wp-image-1914 avia-img-lazy-loading-not-1914 avia_image ' src=\"https:\/\/www.monarchist.ca\/wp-content\/uploads\/2023\/03\/george_william_summer2022_next2monarchs_370x275.jpg\" alt='' title='London, UK, 10th July 2022: HRH Catherine (L-R), Duchess of Cambridge, Prince Louis of Cambridge and Prince William during the men\u00b4s final at the 2022 Wimbledon Championships at the All England Lawn Tennis and Croquet Club in London. Credit: Frank Molter'  height=\"275\" width=\"370\"  itemprop=\"thumbnailUrl\" srcset=\"https:\/\/www.monarchist.ca\/wp-content\/uploads\/2023\/03\/george_william_summer2022_next2monarchs_370x275.jpg 370w, https:\/\/www.monarchist.ca\/wp-content\/uploads\/2023\/03\/george_william_summer2022_next2monarchs_370x275-300x223.jpg 300w\" sizes=\"(max-width: 370px) 100vw, 370px\" \/><\/div><\/div><\/div><br \/>\n\n<style type=\"text\/css\" data-created_by=\"avia_inline_auto\" id=\"style-css-av-lgwwlhpn-4bd5e69a680927dcbb99f6df143b9654\">\n#top .av_textblock_section.av-lgwwlhpn-4bd5e69a680927dcbb99f6df143b9654 .avia_textblock{\ncolor:#ce0000;\n}\n<\/style>\n<section  class='av_textblock_section av-lgwwlhpn-4bd5e69a680927dcbb99f6df143b9654'  itemscope=\"itemscope\" itemtype=\"https:\/\/schema.org\/CreativeWork\" ><div class='avia_textblock av_inherit_color'  itemprop=\"text\" ><p style=\"text-align: center;\">Prince William et son fils Prince George<\/p>\n<\/div><\/section><\/p><\/div><\/p>\n","protected":false},"excerpt":{"rendered":"","protected":false},"author":1,"featured_media":0,"parent":0,"menu_order":0,"comment_status":"closed","ping_status":"closed","template":"","meta":{"footnotes":""},"class_list":["post-2681","page","type-page","status-publish","hentry"],"_links":{"self":[{"href":"https:\/\/www.monarchist.ca\/fr\/wp-json\/wp\/v2\/pages\/2681","targetHints":{"allow":["GET"]}}],"collection":[{"href":"https:\/\/www.monarchist.ca\/fr\/wp-json\/wp\/v2\/pages"}],"about":[{"href":"https:\/\/www.monarchist.ca\/fr\/wp-json\/wp\/v2\/types\/page"}],"author":[{"embeddable":true,"href":"https:\/\/www.monarchist.ca\/fr\/wp-json\/wp\/v2\/users\/1"}],"replies":[{"embeddable":true,"href":"https:\/\/www.monarchist.ca\/fr\/wp-json\/wp\/v2\/comments?post=2681"}],"version-history":[{"count":7,"href":"https:\/\/www.monarchist.ca\/fr\/wp-json\/wp\/v2\/pages\/2681\/revisions"}],"predecessor-version":[{"id":2692,"href":"https:\/\/www.monarchist.ca\/fr\/wp-json\/wp\/v2\/pages\/2681\/revisions\/2692"}],"wp:attachment":[{"href":"https:\/\/www.monarchist.ca\/fr\/wp-json\/wp\/v2\/media?parent=2681"}],"curies":[{"name":"wp","href":"https:\/\/api.w.org\/{rel}","templated":true}]}}