{"id":2437,"date":"2022-10-29T21:40:31","date_gmt":"2022-10-29T21:40:31","guid":{"rendered":"http:\/\/new.monarchist.ca\/product\/sceau-du-roi-du-canada\/"},"modified":"2025-05-22T20:20:38","modified_gmt":"2025-05-22T20:20:38","slug":"king-of-canada-seal-fr","status":"publish","type":"product","link":"https:\/\/www.monarchist.ca\/store\/fr\/produit\/king-of-canada-seal-fr\/","title":{"rendered":"Sceau du roi du Canada"},"content":{"rendered":"<p>Con\u00e7u par le membre Mitch Ramsay-Mader, ce sceau autocollant exprime notre loyaut\u00e9 envers le roi du Canada. Id\u00e9al pour votre courrier, les projets des enfants et bien d&rsquo;autres utilisations.<\/p>\n","protected":false},"excerpt":{"rendered":"<p>Con\u00e7u par le membre Mitch Ramsay-Mader, ce sceau autocollant exprime notre loyaut\u00e9 envers le roi du Canada. Id\u00e9al pour votre courrier, les projets des enfants et bien d&rsquo;autres utilisations.<\/p>\n","protected":false},"featured_media":1882,"template":"","meta":{"_acf_changed":false},"product_brand":[],"product_cat":[39],"product_tag":[],"class_list":{"0":"post-2437","1":"product","2":"type-product","3":"status-publish","4":"has-post-thumbnail","6":"product_cat-produits-monarques","7":"product_shipping_class-20-percent-fr","9":"first","10":"instock","11":"shipping-taxable","12":"purchasable","13":"product-type-variable"},"acf":[],"_links":{"self":[{"href":"https:\/\/www.monarchist.ca\/store\/fr\/wp-json\/wp\/v2\/product\/2437","targetHints":{"allow":["GET"]}}],"collection":[{"href":"https:\/\/www.monarchist.ca\/store\/fr\/wp-json\/wp\/v2\/product"}],"about":[{"href":"https:\/\/www.monarchist.ca\/store\/fr\/wp-json\/wp\/v2\/types\/product"}],"wp:featuredmedia":[{"embeddable":true,"href":"https:\/\/www.monarchist.ca\/store\/fr\/wp-json\/wp\/v2\/media\/1882"}],"wp:attachment":[{"href":"https:\/\/www.monarchist.ca\/store\/fr\/wp-json\/wp\/v2\/media?parent=2437"}],"wp:term":[{"taxonomy":"product_brand","embeddable":true,"href":"https:\/\/www.monarchist.ca\/store\/fr\/wp-json\/wp\/v2\/product_brand?post=2437"},{"taxonomy":"product_cat","embeddable":true,"href":"https:\/\/www.monarchist.ca\/store\/fr\/wp-json\/wp\/v2\/product_cat?post=2437"},{"taxonomy":"product_tag","embeddable":true,"href":"https:\/\/www.monarchist.ca\/store\/fr\/wp-json\/wp\/v2\/product_tag?post=2437"}],"curies":[{"name":"wp","href":"https:\/\/api.w.org\/{rel}","templated":true}]}}