{"id":3529,"date":"2023-03-19T18:19:31","date_gmt":"2023-03-19T18:19:31","guid":{"rendered":"https:\/\/www.monarchist.ca\/store\/product\/don-a-lappel-special-de-la-ligue\/"},"modified":"2025-05-22T20:06:30","modified_gmt":"2025-05-22T20:06:30","slug":"don-a-lappel-special-de-la-ligue","status":"publish","type":"product","link":"https:\/\/www.monarchist.ca\/store\/fr\/produit\/don-a-lappel-special-de-la-ligue\/","title":{"rendered":"Faire un don \u00e0 l&rsquo;Appel annuel de la Ligue"},"content":{"rendered":"<p>Faire un don \u00e0 l&rsquo;Appel annuel de la Ligue<\/p>\n","protected":false},"excerpt":{"rendered":"<p>L\u2019appel de fonds annuel de la Ligue lui permet de rayonner \u00e0 travers de nouveaux projets tels que la r\u00e9alisation de films des Jeunes Monarchistes pour les m\u00e9dias sociaux, nos brochures \u00e9ducatives en anglais et en fran\u00e7ais, la r\u00e9vision du site Web, l\u2019impression d\u2019une nouvelle brochure et le d\u00e9veloppement de branches.<\/p>\n","protected":false},"featured_media":1594,"template":"","meta":{"_acf_changed":false},"product_brand":[],"product_cat":[37],"product_tag":[],"class_list":{"0":"post-3529","1":"product","2":"type-product","3":"status-publish","4":"has-post-thumbnail","6":"product_cat-dons","8":"first","9":"instock","10":"shipping-taxable","11":"purchasable","12":"product-type-simple"},"acf":[],"_links":{"self":[{"href":"https:\/\/www.monarchist.ca\/store\/fr\/wp-json\/wp\/v2\/product\/3529","targetHints":{"allow":["GET"]}}],"collection":[{"href":"https:\/\/www.monarchist.ca\/store\/fr\/wp-json\/wp\/v2\/product"}],"about":[{"href":"https:\/\/www.monarchist.ca\/store\/fr\/wp-json\/wp\/v2\/types\/product"}],"wp:featuredmedia":[{"embeddable":true,"href":"https:\/\/www.monarchist.ca\/store\/fr\/wp-json\/wp\/v2\/media\/1594"}],"wp:attachment":[{"href":"https:\/\/www.monarchist.ca\/store\/fr\/wp-json\/wp\/v2\/media?parent=3529"}],"wp:term":[{"taxonomy":"product_brand","embeddable":true,"href":"https:\/\/www.monarchist.ca\/store\/fr\/wp-json\/wp\/v2\/product_brand?post=3529"},{"taxonomy":"product_cat","embeddable":true,"href":"https:\/\/www.monarchist.ca\/store\/fr\/wp-json\/wp\/v2\/product_cat?post=3529"},{"taxonomy":"product_tag","embeddable":true,"href":"https:\/\/www.monarchist.ca\/store\/fr\/wp-json\/wp\/v2\/product_tag?post=3529"}],"curies":[{"name":"wp","href":"https:\/\/api.w.org\/{rel}","templated":true}]}}