{"id":3557,"date":"2025-03-28T14:09:24","date_gmt":"2025-03-28T14:09:24","guid":{"rendered":"https:\/\/www.monarchist.ca\/store\/product\/pin-nous-montons-la-garde\/"},"modified":"2025-05-22T20:02:18","modified_gmt":"2025-05-22T20:02:18","slug":"pin-nous-montons-la-garde","status":"publish","type":"product","link":"https:\/\/www.monarchist.ca\/store\/fr\/produit\/pin-nous-montons-la-garde\/","title":{"rendered":"Prot\u00e9geons nos Foyers, \u00c9pinglette"},"content":{"rendered":"<p>Pour relever les d\u00e9fis ext\u00e9rieurs actuels qui menacent notre nation et notre syst\u00e8me politique. C&rsquo;est pourquoi ils portent les mots \u00ab&nbsp;WE STAND ON GUARD&nbsp;\u00bb ou \u00ab&nbsp;PROT\u00c9GEONS NOS FOYERS&nbsp;\u00bb \u2013 qui ne vous ont s\u00fbrement pas \u00e9chapp\u00e9, tir\u00e9s de l&rsquo;hymne national.<\/p>\n","protected":false},"excerpt":{"rendered":"<p>Pour relever les d\u00e9fis ext\u00e9rieurs actuels qui menacent notre nation et notre syst\u00e8me politique. C&rsquo;est pourquoi ils portent les mots \u00ab&nbsp;WE STAND ON GUARD&nbsp;\u00bb ou \u00ab&nbsp;PROT\u00c9GEONS NOS FOYERS&nbsp;\u00bb \u2013 qui ne vous ont s\u00fbrement pas \u00e9chapp\u00e9, tir\u00e9s de l&rsquo;hymne national.<\/p>\n","protected":false},"featured_media":3558,"template":"","meta":{"_acf_changed":false},"product_brand":[],"product_cat":[39],"product_tag":[],"class_list":{"0":"post-3557","1":"product","2":"type-product","3":"status-publish","4":"has-post-thumbnail","6":"product_cat-produits-monarques","7":"product_shipping_class-20-percent-fr","9":"first","10":"instock","11":"shipping-taxable","12":"purchasable","13":"product-type-variable"},"acf":[],"_links":{"self":[{"href":"https:\/\/www.monarchist.ca\/store\/fr\/wp-json\/wp\/v2\/product\/3557","targetHints":{"allow":["GET"]}}],"collection":[{"href":"https:\/\/www.monarchist.ca\/store\/fr\/wp-json\/wp\/v2\/product"}],"about":[{"href":"https:\/\/www.monarchist.ca\/store\/fr\/wp-json\/wp\/v2\/types\/product"}],"wp:featuredmedia":[{"embeddable":true,"href":"https:\/\/www.monarchist.ca\/store\/fr\/wp-json\/wp\/v2\/media\/3558"}],"wp:attachment":[{"href":"https:\/\/www.monarchist.ca\/store\/fr\/wp-json\/wp\/v2\/media?parent=3557"}],"wp:term":[{"taxonomy":"product_brand","embeddable":true,"href":"https:\/\/www.monarchist.ca\/store\/fr\/wp-json\/wp\/v2\/product_brand?post=3557"},{"taxonomy":"product_cat","embeddable":true,"href":"https:\/\/www.monarchist.ca\/store\/fr\/wp-json\/wp\/v2\/product_cat?post=3557"},{"taxonomy":"product_tag","embeddable":true,"href":"https:\/\/www.monarchist.ca\/store\/fr\/wp-json\/wp\/v2\/product_tag?post=3557"}],"curies":[{"name":"wp","href":"https:\/\/api.w.org\/{rel}","templated":true}]}}