{"id":3584,"date":"2022-10-30T17:44:27","date_gmt":"2022-10-30T17:44:27","guid":{"rendered":"https:\/\/www.monarchist.ca\/store\/product\/epinglette-de-la-ligue\/"},"modified":"2025-05-22T20:20:00","modified_gmt":"2025-05-22T20:20:00","slug":"epinglette-de-la-ligue","status":"publish","type":"product","link":"https:\/\/www.monarchist.ca\/store\/fr\/produit\/epinglette-de-la-ligue\/","title":{"rendered":"\u00c9pinglette de la Ligue"},"content":{"rendered":"<p>En m\u00e9tal dor\u00e9, le dessin \u00e9tant le bouclier des Armes comprenant une Couronne Royale accord\u00e9e avec la permission de Sa Majest\u00e9 la Reine, disponible avec le nom de la Ligue en anglais ou en fran\u00e7ais. <b>NB: \u00c0 VENDRE UNIQUEMENT POUR LES MEMBRES DE LA LIGUE<\/b><\/p>\n","protected":false},"excerpt":{"rendered":"<p>En m\u00e9tal dor\u00e9, le dessin \u00e9tant le bouclier des Armes comprenant une Couronne Royale accord\u00e9e avec la permission de Sa Majest\u00e9 la Reine, disponible avec le nom de la Ligue en anglais ou en fran\u00e7ais. NB: \u00c0 VENDRE UNIQUEMENT POUR LES MEMBRES DE LA LIGUE<\/p>\n","protected":false},"featured_media":3625,"template":"","meta":{"_acf_changed":false},"product_brand":[],"product_cat":[39],"product_tag":[],"class_list":{"0":"post-3584","1":"product","2":"type-product","3":"status-publish","4":"has-post-thumbnail","6":"product_cat-produits-monarques","7":"product_shipping_class-20-percent-fr","9":"first","10":"instock","11":"shipping-taxable","12":"purchasable","13":"product-type-variable"},"acf":[],"_links":{"self":[{"href":"https:\/\/www.monarchist.ca\/store\/fr\/wp-json\/wp\/v2\/product\/3584","targetHints":{"allow":["GET"]}}],"collection":[{"href":"https:\/\/www.monarchist.ca\/store\/fr\/wp-json\/wp\/v2\/product"}],"about":[{"href":"https:\/\/www.monarchist.ca\/store\/fr\/wp-json\/wp\/v2\/types\/product"}],"wp:featuredmedia":[{"embeddable":true,"href":"https:\/\/www.monarchist.ca\/store\/fr\/wp-json\/wp\/v2\/media\/3625"}],"wp:attachment":[{"href":"https:\/\/www.monarchist.ca\/store\/fr\/wp-json\/wp\/v2\/media?parent=3584"}],"wp:term":[{"taxonomy":"product_brand","embeddable":true,"href":"https:\/\/www.monarchist.ca\/store\/fr\/wp-json\/wp\/v2\/product_brand?post=3584"},{"taxonomy":"product_cat","embeddable":true,"href":"https:\/\/www.monarchist.ca\/store\/fr\/wp-json\/wp\/v2\/product_cat?post=3584"},{"taxonomy":"product_tag","embeddable":true,"href":"https:\/\/www.monarchist.ca\/store\/fr\/wp-json\/wp\/v2\/product_tag?post=3584"}],"curies":[{"name":"wp","href":"https:\/\/api.w.org\/{rel}","templated":true}]}}