{"id":3626,"date":"2023-02-07T23:16:34","date_gmt":"2023-02-07T23:16:34","guid":{"rendered":"https:\/\/www.monarchist.ca\/store\/product\/quatre-generations-de-la-famille-royale-canadienne\/"},"modified":"2025-05-22T20:13:15","modified_gmt":"2025-05-22T20:13:15","slug":"quatre-generations-de-la-famille-royale-canadienne","status":"publish","type":"product","link":"https:\/\/www.monarchist.ca\/store\/fr\/produit\/quatre-generations-de-la-famille-royale-canadienne\/","title":{"rendered":"Quatre g\u00e9n\u00e9rations de la famille royale Canadienne"},"content":{"rendered":"<p>Quatre g\u00e9n\u00e9rations de la famille royale Canadienne<\/p>\n","protected":false},"excerpt":{"rendered":"<p>Quatre g\u00e9n\u00e9rations de la famille royale Canadienne<\/p>\n","protected":false},"featured_media":3588,"template":"","meta":{"_acf_changed":false},"product_brand":[],"product_cat":[52],"product_tag":[],"class_list":{"0":"post-3626","1":"product","2":"type-product","3":"status-publish","4":"has-post-thumbnail","6":"product_cat-postcards-fr","7":"product_shipping_class-20-percent-fr","9":"first","10":"instock","11":"shipping-taxable","12":"purchasable","13":"product-type-variable"},"acf":[],"_links":{"self":[{"href":"https:\/\/www.monarchist.ca\/store\/fr\/wp-json\/wp\/v2\/product\/3626","targetHints":{"allow":["GET"]}}],"collection":[{"href":"https:\/\/www.monarchist.ca\/store\/fr\/wp-json\/wp\/v2\/product"}],"about":[{"href":"https:\/\/www.monarchist.ca\/store\/fr\/wp-json\/wp\/v2\/types\/product"}],"wp:featuredmedia":[{"embeddable":true,"href":"https:\/\/www.monarchist.ca\/store\/fr\/wp-json\/wp\/v2\/media\/3588"}],"wp:attachment":[{"href":"https:\/\/www.monarchist.ca\/store\/fr\/wp-json\/wp\/v2\/media?parent=3626"}],"wp:term":[{"taxonomy":"product_brand","embeddable":true,"href":"https:\/\/www.monarchist.ca\/store\/fr\/wp-json\/wp\/v2\/product_brand?post=3626"},{"taxonomy":"product_cat","embeddable":true,"href":"https:\/\/www.monarchist.ca\/store\/fr\/wp-json\/wp\/v2\/product_cat?post=3626"},{"taxonomy":"product_tag","embeddable":true,"href":"https:\/\/www.monarchist.ca\/store\/fr\/wp-json\/wp\/v2\/product_tag?post=3626"}],"curies":[{"name":"wp","href":"https:\/\/api.w.org\/{rel}","templated":true}]}}