{"id":3647,"date":"2025-03-21T14:07:04","date_gmt":"2025-03-21T14:07:04","guid":{"rendered":"https:\/\/www.monarchist.ca\/store\/product\/3647\/"},"modified":"2025-06-24T15:24:53","modified_gmt":"2025-06-24T15:24:53","slug":"3647","status":"publish","type":"product","link":"https:\/\/www.monarchist.ca\/store\/fr\/produit\/3647\/","title":{"rendered":"Portrait officiel canadien de sa Majest\u00e9 le roi Charles III"},"content":{"rendered":"<p>La Ligue monarchiste du Canada distribue le Portrait officiel du roi au nom du gouvernement du Canada. 14 x 17 pouces. <strong>Disponible uniquement \u00e0 l&rsquo;adresse du Canada et des Forces canadiennes.<\/strong> Il porte l&rsquo;insigne de l&rsquo;Ordre du Canada, re\u00e7u en 2017, ainsi qu&rsquo;une barrette de m\u00e9dailles du Canada, de la Nouvelle-Z\u00e9lande et du Royaume-Uni. Pour plus d&rsquo;informations sur les portraits royaux canadiens, veuillez consulter <a href=\"https:\/\/www.canada.ca\/fr\/patrimoine-canadien\/services\/portraits-royaux.html\">le site web du Patrimoine canadien<\/a>. <em>Occasionnellement, un Portrait d&rsquo;Elizabeth II peut \u00eatre disponible : \u00e9crivez-nous d&rsquo;abord pour en savoir plus.<\/em><\/p>\n","protected":false},"excerpt":{"rendered":"<p>La Ligue monarchiste du Canada distribue le Portrait officiel du roi au nom du gouvernement du Canada. 14 x 17 pouces. Disponible uniquement \u00e0 l&rsquo;adresse du Canada et des Forces canadiennes. Il porte l&rsquo;insigne de l&rsquo;Ordre du Canada, re\u00e7u en 2017, ainsi qu&rsquo;une barrette de m\u00e9dailles du Canada, de la Nouvelle-Z\u00e9lande et du Royaume-Uni. Pour [&hellip;]<\/p>\n","protected":false},"featured_media":3604,"template":"","meta":{"_acf_changed":false},"product_brand":[],"product_cat":[39],"product_tag":[],"class_list":{"0":"post-3647","1":"product","2":"type-product","3":"status-publish","4":"has-post-thumbnail","6":"product_cat-produits-monarques","8":"first","9":"instock","10":"shipping-taxable","11":"purchasable","12":"product-type-simple"},"acf":[],"_links":{"self":[{"href":"https:\/\/www.monarchist.ca\/store\/fr\/wp-json\/wp\/v2\/product\/3647","targetHints":{"allow":["GET"]}}],"collection":[{"href":"https:\/\/www.monarchist.ca\/store\/fr\/wp-json\/wp\/v2\/product"}],"about":[{"href":"https:\/\/www.monarchist.ca\/store\/fr\/wp-json\/wp\/v2\/types\/product"}],"wp:featuredmedia":[{"embeddable":true,"href":"https:\/\/www.monarchist.ca\/store\/fr\/wp-json\/wp\/v2\/media\/3604"}],"wp:attachment":[{"href":"https:\/\/www.monarchist.ca\/store\/fr\/wp-json\/wp\/v2\/media?parent=3647"}],"wp:term":[{"taxonomy":"product_brand","embeddable":true,"href":"https:\/\/www.monarchist.ca\/store\/fr\/wp-json\/wp\/v2\/product_brand?post=3647"},{"taxonomy":"product_cat","embeddable":true,"href":"https:\/\/www.monarchist.ca\/store\/fr\/wp-json\/wp\/v2\/product_cat?post=3647"},{"taxonomy":"product_tag","embeddable":true,"href":"https:\/\/www.monarchist.ca\/store\/fr\/wp-json\/wp\/v2\/product_tag?post=3647"}],"curies":[{"name":"wp","href":"https:\/\/api.w.org\/{rel}","templated":true}]}}