{"id":3659,"date":"2025-03-22T00:45:15","date_gmt":"2025-03-22T00:45:15","guid":{"rendered":"https:\/\/www.monarchist.ca\/store\/product\/canadas-deep-crown\/"},"modified":"2025-05-22T20:04:55","modified_gmt":"2025-05-22T20:04:55","slug":"canadas-deep-crown","status":"publish","type":"product","link":"https:\/\/www.monarchist.ca\/store\/fr\/produit\/canadas-deep-crown\/","title":{"rendered":"Canada&rsquo;s Deep Crown"},"content":{"rendered":"<p>Ce livre fait l&rsquo;objet d&rsquo;un compte rendu dans NMC \u00e9t\u00e9 2022. Trois experts faciles \u00e0 lire, faisant r\u00e9f\u00e9rence aux changements apport\u00e9s \u00e0 l&rsquo;institution au cours des derni\u00e8res d\u00e9cennies, r\u00e9fl\u00e9chissent au r\u00f4le de la Couronne dans la dispersion du pouvoir dans l&rsquo;ensemble du syst\u00e8me de gouvernement du Canada&nbsp;; les fonctions du souverain, du gouverneur g\u00e9n\u00e9ral et des lieutenants-gouverneurs avec une analyse d&rsquo;une fra\u00eecheur saisissante et un regard sur la transition du prochain r\u00e8gne. <em>En anglais.<\/em><\/p>\n","protected":false},"excerpt":{"rendered":"<p>Ce livre fait l&rsquo;objet d&rsquo;un compte rendu dans NMC \u00e9t\u00e9 2022. Trois experts faciles \u00e0 lire, faisant r\u00e9f\u00e9rence aux changements apport\u00e9s \u00e0 l&rsquo;institution au cours des derni\u00e8res d\u00e9cennies, r\u00e9fl\u00e9chissent au r\u00f4le de la Couronne dans la dispersion du pouvoir dans l&rsquo;ensemble du syst\u00e8me de gouvernement du Canada&nbsp;; les fonctions du souverain, du gouverneur g\u00e9n\u00e9ral et [&hellip;]<\/p>\n","protected":false},"featured_media":3609,"template":"","meta":{"_acf_changed":false},"product_brand":[],"product_cat":[39],"product_tag":[],"class_list":{"0":"post-3659","1":"product","2":"type-product","3":"status-publish","4":"has-post-thumbnail","6":"product_cat-produits-monarques","7":"product_shipping_class-20-percent-fr","9":"first","10":"instock","11":"shipping-taxable","12":"purchasable","13":"product-type-simple"},"acf":[],"_links":{"self":[{"href":"https:\/\/www.monarchist.ca\/store\/fr\/wp-json\/wp\/v2\/product\/3659","targetHints":{"allow":["GET"]}}],"collection":[{"href":"https:\/\/www.monarchist.ca\/store\/fr\/wp-json\/wp\/v2\/product"}],"about":[{"href":"https:\/\/www.monarchist.ca\/store\/fr\/wp-json\/wp\/v2\/types\/product"}],"wp:featuredmedia":[{"embeddable":true,"href":"https:\/\/www.monarchist.ca\/store\/fr\/wp-json\/wp\/v2\/media\/3609"}],"wp:attachment":[{"href":"https:\/\/www.monarchist.ca\/store\/fr\/wp-json\/wp\/v2\/media?parent=3659"}],"wp:term":[{"taxonomy":"product_brand","embeddable":true,"href":"https:\/\/www.monarchist.ca\/store\/fr\/wp-json\/wp\/v2\/product_brand?post=3659"},{"taxonomy":"product_cat","embeddable":true,"href":"https:\/\/www.monarchist.ca\/store\/fr\/wp-json\/wp\/v2\/product_cat?post=3659"},{"taxonomy":"product_tag","embeddable":true,"href":"https:\/\/www.monarchist.ca\/store\/fr\/wp-json\/wp\/v2\/product_tag?post=3659"}],"curies":[{"name":"wp","href":"https:\/\/api.w.org\/{rel}","templated":true}]}}