{"id":3660,"date":"2025-03-26T15:48:44","date_gmt":"2025-03-26T15:48:44","guid":{"rendered":"https:\/\/www.monarchist.ca\/store\/product\/cartes-de-correspondance-de-la-ligue\/"},"modified":"2025-05-22T20:03:22","modified_gmt":"2025-05-22T20:03:22","slug":"cartes-de-correspondance-de-la-ligue","status":"publish","type":"product","link":"https:\/\/www.monarchist.ca\/store\/fr\/produit\/cartes-de-correspondance-de-la-ligue\/","title":{"rendered":"Cartes de correspondance de la Ligue"},"content":{"rendered":"<p>Cartes de correspondance pour toutes les occasions, portant au recto les armoriaux remarquables de la Ligue (la d\u00e9funte reine a personnellement approuv\u00e9 l&rsquo;utilisation des couronnes royales). Paquet de six cartes, 4,1875 x 5,5 pouces, un pli, int\u00e9rieur pour l&rsquo;\u00e9criture sur du papier inscriptible. PRIX SP\u00c9CIAL D&rsquo;OUVERTURE&nbsp;: 7,50&nbsp;$<\/p>\n","protected":false},"excerpt":{"rendered":"<p>Cartes de correspondance pour toutes les occasions, portant au recto les armoriaux remarquables de la Ligue (la d\u00e9funte reine a personnellement approuv\u00e9 l&rsquo;utilisation des couronnes royales). Paquet de six cartes, 4,1875 x 5,5 pouces, un pli, int\u00e9rieur pour l&rsquo;\u00e9criture sur du papier inscriptible. PRIX SP\u00c9CIAL D&rsquo;OUVERTURE&nbsp;: 7,50&nbsp;$<\/p>\n","protected":false},"featured_media":3613,"template":"","meta":{"_acf_changed":false},"product_brand":[],"product_cat":[39],"product_tag":[],"class_list":{"0":"post-3660","1":"product","2":"type-product","3":"status-publish","4":"has-post-thumbnail","6":"product_cat-produits-monarques","7":"product_shipping_class-20-percent-fr","9":"first","10":"instock","11":"shipping-taxable","12":"purchasable","13":"product-type-simple"},"acf":[],"_links":{"self":[{"href":"https:\/\/www.monarchist.ca\/store\/fr\/wp-json\/wp\/v2\/product\/3660","targetHints":{"allow":["GET"]}}],"collection":[{"href":"https:\/\/www.monarchist.ca\/store\/fr\/wp-json\/wp\/v2\/product"}],"about":[{"href":"https:\/\/www.monarchist.ca\/store\/fr\/wp-json\/wp\/v2\/types\/product"}],"wp:featuredmedia":[{"embeddable":true,"href":"https:\/\/www.monarchist.ca\/store\/fr\/wp-json\/wp\/v2\/media\/3613"}],"wp:attachment":[{"href":"https:\/\/www.monarchist.ca\/store\/fr\/wp-json\/wp\/v2\/media?parent=3660"}],"wp:term":[{"taxonomy":"product_brand","embeddable":true,"href":"https:\/\/www.monarchist.ca\/store\/fr\/wp-json\/wp\/v2\/product_brand?post=3660"},{"taxonomy":"product_cat","embeddable":true,"href":"https:\/\/www.monarchist.ca\/store\/fr\/wp-json\/wp\/v2\/product_cat?post=3660"},{"taxonomy":"product_tag","embeddable":true,"href":"https:\/\/www.monarchist.ca\/store\/fr\/wp-json\/wp\/v2\/product_tag?post=3660"}],"curies":[{"name":"wp","href":"https:\/\/api.w.org\/{rel}","templated":true}]}}