{"id":3662,"date":"2023-02-07T23:13:33","date_gmt":"2023-02-07T23:13:33","guid":{"rendered":"https:\/\/www.monarchist.ca\/store\/product\/copie-de-sauvegard-du-journal-de-la-ligue-les-nouvelles-monarchiques-du-canada\/"},"modified":"2025-06-24T15:29:53","modified_gmt":"2025-06-24T15:29:53","slug":"copie-de-sauvegard-du-journal-de-la-ligue-les-nouvelles-monarchiques-du-canada","status":"publish","type":"product","link":"https:\/\/www.monarchist.ca\/store\/fr\/produit\/copie-de-sauvegard-du-journal-de-la-ligue-les-nouvelles-monarchiques-du-canada\/","title":{"rendered":"Copie de sauvegard du journal de la Ligue&nbsp;: Les Nouvelles Monarchiques du Canada"},"content":{"rendered":"<p>G\u00e9n\u00e9ralement les num\u00e9ros les plus r\u00e9cents. Nous ne pouvons pas nous engager \u00e0 fournir un num\u00e9ro particulier.<\/p>\n","protected":false},"excerpt":{"rendered":"<p>G\u00e9n\u00e9ralement les num\u00e9ros les plus r\u00e9cents. Nous ne pouvons pas nous engager \u00e0 fournir un num\u00e9ro particulier.<\/p>\n","protected":false},"featured_media":3608,"template":"","meta":{"_acf_changed":false},"product_brand":[],"product_cat":[39],"product_tag":[],"class_list":{"0":"post-3662","1":"product","2":"type-product","3":"status-publish","4":"has-post-thumbnail","6":"product_cat-produits-monarques","7":"product_shipping_class-20-percent-fr","9":"first","10":"instock","11":"shipping-taxable","12":"purchasable","13":"product-type-variable"},"acf":[],"_links":{"self":[{"href":"https:\/\/www.monarchist.ca\/store\/fr\/wp-json\/wp\/v2\/product\/3662","targetHints":{"allow":["GET"]}}],"collection":[{"href":"https:\/\/www.monarchist.ca\/store\/fr\/wp-json\/wp\/v2\/product"}],"about":[{"href":"https:\/\/www.monarchist.ca\/store\/fr\/wp-json\/wp\/v2\/types\/product"}],"wp:featuredmedia":[{"embeddable":true,"href":"https:\/\/www.monarchist.ca\/store\/fr\/wp-json\/wp\/v2\/media\/3608"}],"wp:attachment":[{"href":"https:\/\/www.monarchist.ca\/store\/fr\/wp-json\/wp\/v2\/media?parent=3662"}],"wp:term":[{"taxonomy":"product_brand","embeddable":true,"href":"https:\/\/www.monarchist.ca\/store\/fr\/wp-json\/wp\/v2\/product_brand?post=3662"},{"taxonomy":"product_cat","embeddable":true,"href":"https:\/\/www.monarchist.ca\/store\/fr\/wp-json\/wp\/v2\/product_cat?post=3662"},{"taxonomy":"product_tag","embeddable":true,"href":"https:\/\/www.monarchist.ca\/store\/fr\/wp-json\/wp\/v2\/product_tag?post=3662"}],"curies":[{"name":"wp","href":"https:\/\/api.w.org\/{rel}","templated":true}]}}