{"id":3673,"date":"2022-10-30T17:49:17","date_gmt":"2022-10-30T17:49:17","guid":{"rendered":"https:\/\/www.monarchist.ca\/store\/product\/aimant-ligue-pour-votre-frigo\/"},"modified":"2025-05-22T20:19:19","modified_gmt":"2025-05-22T20:19:19","slug":"aimant-ligue-pour-votre-frigo","status":"publish","type":"product","link":"https:\/\/www.monarchist.ca\/store\/fr\/produit\/aimant-ligue-pour-votre-frigo\/","title":{"rendered":"Aimant ligue pour votre frigo"},"content":{"rendered":"<p>Quelle meilleur fa\u00e7on de stimuler la curiosit\u00e9 de la famille et des amis? Et pour poster vos propres rappels! Color\u00e9 et bilingue, 3.5&#215;2&Prime;<\/p>\n","protected":false},"excerpt":{"rendered":"<p>Quelle meilleur fa\u00e7on de stimuler la curiosit\u00e9 de la famille et des amis? Et pour poster vos propres rappels! Color\u00e9 et bilingue, 3.5&#215;2&Prime;<\/p>\n","protected":false},"featured_media":1883,"template":"","meta":{"_acf_changed":false},"product_brand":[],"product_cat":[39],"product_tag":[],"class_list":{"0":"post-3673","1":"product","2":"type-product","3":"status-publish","4":"has-post-thumbnail","6":"product_cat-produits-monarques","7":"product_shipping_class-20-percent-fr","9":"first","10":"instock","11":"shipping-taxable","12":"purchasable","13":"product-type-simple"},"acf":[],"_links":{"self":[{"href":"https:\/\/www.monarchist.ca\/store\/fr\/wp-json\/wp\/v2\/product\/3673","targetHints":{"allow":["GET"]}}],"collection":[{"href":"https:\/\/www.monarchist.ca\/store\/fr\/wp-json\/wp\/v2\/product"}],"about":[{"href":"https:\/\/www.monarchist.ca\/store\/fr\/wp-json\/wp\/v2\/types\/product"}],"wp:featuredmedia":[{"embeddable":true,"href":"https:\/\/www.monarchist.ca\/store\/fr\/wp-json\/wp\/v2\/media\/1883"}],"wp:attachment":[{"href":"https:\/\/www.monarchist.ca\/store\/fr\/wp-json\/wp\/v2\/media?parent=3673"}],"wp:term":[{"taxonomy":"product_brand","embeddable":true,"href":"https:\/\/www.monarchist.ca\/store\/fr\/wp-json\/wp\/v2\/product_brand?post=3673"},{"taxonomy":"product_cat","embeddable":true,"href":"https:\/\/www.monarchist.ca\/store\/fr\/wp-json\/wp\/v2\/product_cat?post=3673"},{"taxonomy":"product_tag","embeddable":true,"href":"https:\/\/www.monarchist.ca\/store\/fr\/wp-json\/wp\/v2\/product_tag?post=3673"}],"curies":[{"name":"wp","href":"https:\/\/api.w.org\/{rel}","templated":true}]}}